
{"id":3575,"date":"2021-01-14T15:10:54","date_gmt":"2021-01-14T15:10:54","guid":{"rendered":"http:\/\/gpsites.co\/shop\/?page_id=3575"},"modified":"2026-04-09T12:00:43","modified_gmt":"2026-04-09T10:00:43","slug":"swiece-zapachowe","status":"publish","type":"page","link":"https:\/\/johnywick.de\/de\/","title":{"rendered":"Duftkerzen"},"content":{"rendered":"","protected":false},"excerpt":{"rendered":"","protected":false},"author":2,"featured_media":0,"parent":0,"menu_order":0,"comment_status":"closed","ping_status":"closed","template":"template-builder.php","meta":{"_acf_changed":false,"footnotes":""},"class_list":["post-3575","page","type-page","status-publish"],"acf":[],"yoast_head":"<!-- This site is optimized with the Yoast SEO plugin v26.8 - https:\/\/yoast.com\/product\/yoast-seo-wordpress\/ -->\n<title>Johny Wick - \u015bwiece zapachowe<\/title>\n<meta name=\"description\" content=\"Poznaj najintensywniejsze \u015bwiece zapachowe w sklepie JohnyWick. Wybierz wygodne zakupy online i ciesz si\u0119 b\u0142yskawiczn\u0105 wysy\u0142k\u0105.\" \/>\n<meta name=\"robots\" content=\"index, follow, max-snippet:-1, max-image-preview:large, max-video-preview:-1\" \/>\n<link rel=\"canonical\" href=\"https:\/\/johnywick.pl\/\" \/>\n<meta property=\"og:locale\" content=\"de_DE\" \/>\n<meta property=\"og:type\" content=\"article\" \/>\n<meta property=\"og:title\" content=\"\u015awiece zapachowe - Johny Wick\" \/>\n<meta property=\"og:description\" content=\"Poznaj najintensywniejsze \u015bwiece zapachowe w sklepie JohnyWick. Wybierz wygodne zakupy online i ciesz si\u0119 b\u0142yskawiczn\u0105 wysy\u0142k\u0105.\" \/>\n<meta property=\"og:url\" content=\"https:\/\/johnywick.pl\/\" \/>\n<meta property=\"og:site_name\" content=\"Sojowe \u015bwiece zapachowe - JohnyWick\" \/>\n<meta property=\"article:modified_time\" content=\"2026-04-09T10:00:43+00:00\" \/>\n<meta property=\"og:image\" content=\"https:\/\/johnywick.pl\/wp-content\/uploads\/2021\/01\/swieca-zapachowa-mango.jpg\" \/>\n\t<meta property=\"og:image:width\" content=\"1500\" \/>\n\t<meta property=\"og:image:height\" content=\"1800\" \/>\n\t<meta property=\"og:image:type\" content=\"image\/jpeg\" \/>\n<meta name=\"twitter:card\" content=\"summary_large_image\" \/>\n<script type=\"application\/ld+json\" class=\"yoast-schema-graph\">{\"@context\":\"https:\/\/schema.org\",\"@graph\":[{\"@type\":\"WebPage\",\"@id\":\"https:\/\/johnywick.pl\/\",\"url\":\"https:\/\/johnywick.pl\/\",\"name\":\"Johny Wick - \u015bwiece zapachowe\",\"isPartOf\":{\"@id\":\"https:\/\/johnywick.pl\/#website\"},\"datePublished\":\"2021-01-14T15:10:54+00:00\",\"dateModified\":\"2026-04-09T10:00:43+00:00\",\"description\":\"Poznaj najintensywniejsze \u015bwiece zapachowe w sklepie JohnyWick. Wybierz wygodne zakupy online i ciesz si\u0119 b\u0142yskawiczn\u0105 wysy\u0142k\u0105.\",\"breadcrumb\":{\"@id\":\"https:\/\/johnywick.pl\/#breadcrumb\"},\"inLanguage\":\"de\",\"potentialAction\":[{\"@type\":\"ReadAction\",\"target\":[\"https:\/\/johnywick.pl\/\"]}]},{\"@type\":\"BreadcrumbList\",\"@id\":\"https:\/\/johnywick.pl\/#breadcrumb\",\"itemListElement\":[{\"@type\":\"ListItem\",\"position\":1,\"name\":\"Strona g\u0142\u00f3wna\",\"item\":\"https:\/\/johnywick.pl\/\"},{\"@type\":\"ListItem\",\"position\":2,\"name\":\"\u015awiece zapachowe\"}]},{\"@type\":\"WebSite\",\"@id\":\"https:\/\/johnywick.pl\/#website\",\"url\":\"https:\/\/johnywick.pl\/\",\"name\":\"Sojowe \u015bwiece zapachowe - JohnyWick\",\"description\":\"Producent \u015bwiec zapachowych\",\"publisher\":{\"@id\":\"https:\/\/johnywick.pl\/#organization\"},\"potentialAction\":[{\"@type\":\"SearchAction\",\"target\":{\"@type\":\"EntryPoint\",\"urlTemplate\":\"https:\/\/johnywick.pl\/?s={search_term_string}\"},\"query-input\":{\"@type\":\"PropertyValueSpecification\",\"valueRequired\":true,\"valueName\":\"search_term_string\"}}],\"inLanguage\":\"de\"},{\"@type\":\"Organization\",\"@id\":\"https:\/\/johnywick.pl\/#organization\",\"name\":\"Sojowe \u015bwiece zapachowe - JohnyWick\",\"url\":\"https:\/\/johnywick.pl\/\",\"logo\":{\"@type\":\"ImageObject\",\"inLanguage\":\"de\",\"@id\":\"https:\/\/johnywick.pl\/#\/schema\/logo\/image\/\",\"url\":\"https:\/\/johnywick.de\/wp-content\/uploads\/2022\/05\/logo-W-R.png\",\"contentUrl\":\"https:\/\/johnywick.de\/wp-content\/uploads\/2022\/05\/logo-W-R.png\",\"width\":774,\"height\":468,\"caption\":\"Sojowe \u015bwiece zapachowe - JohnyWick\"},\"image\":{\"@id\":\"https:\/\/johnywick.pl\/#\/schema\/logo\/image\/\"}}]}<\/script>\n<!-- \/ Yoast SEO plugin. -->","yoast_head_json":{"title":"Johny Wick - \u015bwiece zapachowe","description":"Poznaj najintensywniejsze \u015bwiece zapachowe w sklepie JohnyWick. Wybierz wygodne zakupy online i ciesz si\u0119 b\u0142yskawiczn\u0105 wysy\u0142k\u0105.","robots":{"index":"index","follow":"follow","max-snippet":"max-snippet:-1","max-image-preview":"max-image-preview:large","max-video-preview":"max-video-preview:-1"},"canonical":"https:\/\/johnywick.pl\/","og_locale":"de_DE","og_type":"article","og_title":"\u015awiece zapachowe - Johny Wick","og_description":"Poznaj najintensywniejsze \u015bwiece zapachowe w sklepie JohnyWick. Wybierz wygodne zakupy online i ciesz si\u0119 b\u0142yskawiczn\u0105 wysy\u0142k\u0105.","og_url":"https:\/\/johnywick.pl\/","og_site_name":"Sojowe \u015bwiece zapachowe - JohnyWick","article_modified_time":"2026-04-09T10:00:43+00:00","og_image":[{"width":1500,"height":1800,"url":"https:\/\/johnywick.pl\/wp-content\/uploads\/2021\/01\/swieca-zapachowa-mango.jpg","type":"image\/jpeg"}],"twitter_card":"summary_large_image","schema":{"@context":"https:\/\/schema.org","@graph":[{"@type":"WebPage","@id":"https:\/\/johnywick.pl\/","url":"https:\/\/johnywick.pl\/","name":"Johny Wick - \u015bwiece zapachowe","isPartOf":{"@id":"https:\/\/johnywick.pl\/#website"},"datePublished":"2021-01-14T15:10:54+00:00","dateModified":"2026-04-09T10:00:43+00:00","description":"Poznaj najintensywniejsze \u015bwiece zapachowe w sklepie JohnyWick. Wybierz wygodne zakupy online i ciesz si\u0119 b\u0142yskawiczn\u0105 wysy\u0142k\u0105.","breadcrumb":{"@id":"https:\/\/johnywick.pl\/#breadcrumb"},"inLanguage":"de","potentialAction":[{"@type":"ReadAction","target":["https:\/\/johnywick.pl\/"]}]},{"@type":"BreadcrumbList","@id":"https:\/\/johnywick.pl\/#breadcrumb","itemListElement":[{"@type":"ListItem","position":1,"name":"Strona g\u0142\u00f3wna","item":"https:\/\/johnywick.pl\/"},{"@type":"ListItem","position":2,"name":"\u015awiece zapachowe"}]},{"@type":"WebSite","@id":"https:\/\/johnywick.pl\/#website","url":"https:\/\/johnywick.pl\/","name":"Sojowe \u015bwiece zapachowe - JohnyWick","description":"Hersteller von Duftkerzen","publisher":{"@id":"https:\/\/johnywick.pl\/#organization"},"potentialAction":[{"@type":"SearchAction","target":{"@type":"EntryPoint","urlTemplate":"https:\/\/johnywick.pl\/?s={search_term_string}"},"query-input":{"@type":"PropertyValueSpecification","valueRequired":true,"valueName":"search_term_string"}}],"inLanguage":"de"},{"@type":"Organization","@id":"https:\/\/johnywick.pl\/#organization","name":"Sojowe \u015bwiece zapachowe - JohnyWick","url":"https:\/\/johnywick.pl\/","logo":{"@type":"ImageObject","inLanguage":"de","@id":"https:\/\/johnywick.pl\/#\/schema\/logo\/image\/","url":"https:\/\/johnywick.de\/wp-content\/uploads\/2022\/05\/logo-W-R.png","contentUrl":"https:\/\/johnywick.de\/wp-content\/uploads\/2022\/05\/logo-W-R.png","width":774,"height":468,"caption":"Sojowe \u015bwiece zapachowe - JohnyWick"},"image":{"@id":"https:\/\/johnywick.pl\/#\/schema\/logo\/image\/"}}]}},"_links":{"self":[{"href":"https:\/\/johnywick.de\/de\/wp-json\/wp\/v2\/pages\/3575","targetHints":{"allow":["GET"]}}],"collection":[{"href":"https:\/\/johnywick.de\/de\/wp-json\/wp\/v2\/pages"}],"about":[{"href":"https:\/\/johnywick.de\/de\/wp-json\/wp\/v2\/types\/page"}],"author":[{"embeddable":true,"href":"https:\/\/johnywick.de\/de\/wp-json\/wp\/v2\/users\/2"}],"replies":[{"embeddable":true,"href":"https:\/\/johnywick.de\/de\/wp-json\/wp\/v2\/comments?post=3575"}],"version-history":[{"count":124,"href":"https:\/\/johnywick.de\/de\/wp-json\/wp\/v2\/pages\/3575\/revisions"}],"predecessor-version":[{"id":48387,"href":"https:\/\/johnywick.de\/de\/wp-json\/wp\/v2\/pages\/3575\/revisions\/48387"}],"wp:attachment":[{"href":"https:\/\/johnywick.de\/de\/wp-json\/wp\/v2\/media?parent=3575"}],"curies":[{"name":"wp","href":"https:\/\/api.w.org\/{rel}","templated":true}]}}