
{"id":5074,"date":"2021-07-05T15:02:13","date_gmt":"2021-07-05T13:02:13","guid":{"rendered":"http:\/\/johnywick-old.cool24.vot.pl\/?page_id=5066"},"modified":"2024-04-04T12:28:37","modified_gmt":"2024-04-04T10:28:37","slug":"polityka-prywatnosci-na-stronie-johny-wick","status":"publish","type":"page","link":"https:\/\/johnywick.de\/de\/polityka-prywatnosci-na-stronie-johny-wick\/","title":{"rendered":"Polityka prywatno\u015bci na stronie Johny Wick"},"content":{"rendered":"\n<h1 class=\"gb-headline gb-headline-3815bb4d gb-headline-text\">Polityka prywatno\u015bci na stronie Johny Wick<\/h1>\n\n\n\n<h2 class=\"gb-headline gb-headline-b87295a4 gb-headline-text\">Zapewniamy naszym Klientom pe\u0142ne poszanowanie ich prywatno\u015bci oraz ochron\u0119 ich danych osobowych.<\/h2>\n\n\n\n<p style=\"font-size:15px\">Dane osobowe przekazywane nam przez Klient\u00f3w przetwarzamy w spos\u00f3b zgodny z zakresem udzielonego przez Klient\u00f3w zezwolenia oraz wymogami prawa, w szczeg\u00f3lno\u015bci zgodnie z ustaw\u0105 z dnia 29 sierpnia 1997 r. o ochronie danych osobowych (Dz. U. Nr 133, poz. 883 z p\u00f3\u017an. zm.). Dane osobowe Klient\u00f3w przechowujemy na serwerach zapewniaj\u0105cych ich pe\u0142ne bezpiecze\u0144stwo. Dost\u0119p do bazy danych posiadaj\u0105 jedynie uprawnieni pracownicy Sklepu.<\/p>\n\n\n\n<p style=\"font-size:15px\">Ka\u017cdy Klient, kt\u00f3ry przekaza\u0142 nam swoje dane osobowe ma pe\u0142n\u0105 mo\u017cliwo\u015b\u0107 dost\u0119pu do swoich danych w celu ich weryfikacji, modyfikacji lub te\u017c \u017c\u0105dania usuni\u0119cia.<\/p>\n\n\n\n<p style=\"font-size:15px\">Sklep nie przekazuje, nie sprzedaje ani nie u\u017cycza zgromadzonych danych osobowych Klient\u00f3w osobom trzecim, chyba \u017ce dzieje si\u0119 to za wyra\u017an\u0105 zgod\u0105 lub na \u017cyczenie Klienta albo na \u017c\u0105danie uprawnionych na podstawie prawa organ\u00f3w pa\u0144stwa w zwi\u0105zku z tocz\u0105cymi si\u0119 post\u0119powaniami.<\/p>\n\n\n\n<h2 class=\"accordion-toggle\">I. INFORMACJE OG\u00d3LNE<\/h2>\n<div class=\"accordion-container\">\n<p>\n<\/p><ol type=\"1\">\n<li>Operatorem Serwisu [adres serwisu, www.JOHNYWICK.pl jest Spin Kuci\u0144ska, Popielas Sp. J. ; Pomorska 40, 91-408 \u0141\u00f3d\u017a; NIP: 725-234-17-21]<\/li><br>\n<li>Serwis realizuje funkcje pozyskiwania informacji o u\u017cytkownikach i ich zachowaniu w nast\u0119puj\u0105cy spos\u00f3b:<\/li><br>\n<ol type=\"A\">\n<li>Poprzez dobrowolnie wprowadzone w formularzach informacje.<\/li>\n<li>Poprzez zapisywanie w urz\u0105dzeniach ko\u0144cowych pliki cookie (tzw. \u201cciasteczka\u201d).<\/li>\n<li>Poprzez gromadzenie log\u00f3w serwera www przez operatora hostingowego SW Hosting; SW IT SOLUTIONS SP.Z O.O. SP.K.; Gliniana 29\/31, 91-336 \u0141\u00f3d\u017a<\/li>\n<\/ol>\n<\/ol>\n<\/div>\n\n\n\n<h2 class=\"accordion-toggle\">II. INFORMACJE O FORMULARZACH<\/h2>\n<div class=\"accordion-container\">\n<p>\n<\/p><ol type=\"1\">\n<li>Serwis zbiera informacje podane dobrowolnie przez u\u017cytkownika.<\/li><br>\n<li>Serwis mo\u017ce zapisa\u0107 ponadto informacje o parametrach po\u0142\u0105czenia (oznaczenie czasu, adres IP)<\/li><br>\n<li>Dane w formularzu nie s\u0105 udost\u0119pniane podmiotom trzecim inaczej, ni\u017c za zgod\u0105 u\u017cytkownika.<\/li><br>\n<li>Dane podane w formularzu mog\u0105 stanowi\u0107 zbi\u00f3r potencjalnych klient\u00f3w, zarejestrowany przez Operatora Serwisu w rejestrze prowadzonym przez Generalnego Inspektora Ochrony Danych Osobowych.<\/li><br>\n<li>Dane podane w formularzu s\u0105 przetwarzane w celu wynikaj\u0105cym z funkcji konkretnego formularza, np. w celu dokonania procesu obs\u0142ugi zg\u0142oszenia serwisowego lub kontaktu handlowego.<\/li><br>\n<li>Dane podane w formularzach mog\u0105 by\u0107 przekazane podmiotom technicznie realizuj\u0105cym niekt\u00f3re us\u0142ugi \u2013 w szczeg\u00f3lno\u015bci dotyczy to przekazywania informacji o posiadaczu rejestrowanej domeny do podmiot\u00f3w b\u0119d\u0105cych operatorami domen internetowych (przede wszystkim Naukowa i Akademicka Sie\u0107 Komputerowa j.b.r \u2013 NASK), serwis\u00f3w obs\u0142uguj\u0105cych p\u0142atno\u015bci lub te\u017c innych podmiot\u00f3w, z kt\u00f3rymi Operator Serwisu w tym zakresie wsp\u00f3\u0142pracuje.<\/li><br>\n<\/ol>\n<\/div>\n\n\n\n<h2 class=\"accordion-toggle\">III. INFORMACJE O PLIKACH COOKIES<\/h2>\n<div class=\"accordion-container\">\n<p>\n<\/p><ol type=\"1\">\n<li>Serwis korzysta z plik\u00f3w cookies.<\/li><br>\n<li>Pliki cookies (tzw. \u201eciasteczka\u201d) stanowi\u0105 dane informatyczne, w szczeg\u00f3lno\u015bci pliki tekstowe, kt\u00f3re przechowywane s\u0105 w urz\u0105dzeniu ko\u0144cowym U\u017cytkownika Serwisu i przeznaczone s\u0105 do korzystania ze stron internetowych Serwisu. Cookies zazwyczaj zawieraj\u0105 nazw\u0119 strony internetowej, z kt\u00f3rej pochodz\u0105, czas przechowywania ich na urz\u0105dzeniu ko\u0144cowym oraz unikalny numer.<\/li><br>\n<li>Podmiotem zamieszczaj\u0105cym na urz\u0105dzeniu ko\u0144cowym U\u017cytkownika Serwisu pliki cookies oraz uzyskuj\u0105cym do nich dost\u0119p jest operator Serwisu.<\/li><br>\n<li>Pliki cookies wykorzystywane s\u0105 w nast\u0119puj\u0105cych celach:<\/li><br>\n<ol type=\"a\">\n<li>Tworzenia statystyk, kt\u00f3re pomagaj\u0105 zrozumie\u0107, w jaki spos\u00f3b U\u017cytkownicy Serwisu korzystaj\u0105 ze stron internetowych, co umo\u017cliwia ulepszanie ich struktury i zawarto\u015bci;<\/li>\n<li>Utrzymanie sesji U\u017cytkownika Serwisu (po zalogowaniu), dzi\u0119ki kt\u00f3rej U\u017cytkownik nie musi na ka\u017cdej podstronie Serwisu ponownie wpisywa\u0107 loginu i has\u0142a;<\/li>\n<li>Okre\u015blania profilu u\u017cytkownika w celu wy\u015bwietlania mu dopasowanych materia\u0142\u00f3w w sieciach reklamowych, w szczeg\u00f3lno\u015bci sieci Google.<\/li>\n<\/ol>\n<li>W ramach Serwisu stosowane s\u0105 dwa zasadnicze rodzaje plik\u00f3w cookies: \u201esesyjne\u201d (session cookies) oraz \u201esta\u0142e\u201d (persistent cookies). Cookies \u201esesyjne\u201d s\u0105 plikami tymczasowymi, kt\u00f3re przechowywane s\u0105 w urz\u0105dzeniu ko\u0144cowym U\u017cytkownika do czasu wylogowania, opuszczenia strony internetowej lub wy\u0142\u0105czenia oprogramowania (przegl\u0105darki internetowej). \u201eSta\u0142e\u201d pliki cookies przechowywane s\u0105 w urz\u0105dzeniu ko\u0144cowym U\u017cytkownika przez czas okre\u015blony w parametrach plik\u00f3w cookies lub do czasu ich usuni\u0119cia przez U\u017cytkownika.<\/li><br>\n<li>Oprogramowanie do przegl\u0105dania stron internetowych (przegl\u0105darka internetowa) zazwyczaj domy\u015blnie dopuszcza przechowywanie plik\u00f3w cookies w urz\u0105dzeniu ko\u0144cowym U\u017cytkownika. U\u017cytkownicy Serwisu mog\u0105 dokona\u0107 zmiany ustawie\u0144 w tym zakresie. Przegl\u0105darka internetowa umo\u017cliwia usuni\u0119cie plik\u00f3w cookies. Mo\u017cliwe jest tak\u017ce automatyczne blokowanie plik\u00f3w cookies Szczeg\u00f3\u0142owe informacje na ten temat zawiera pomoc lub dokumentacja przegl\u0105darki internetowej.<\/li><br>\n<li>Ograniczenia stosowania plik\u00f3w cookies mog\u0105 wp\u0142yn\u0105\u0107 na niekt\u00f3re funkcjonalno\u015bci dost\u0119pne na stronach internetowych Serwisu.\n<\/li><li>Pliki cookies zamieszczane w urz\u0105dzeniu ko\u0144cowym U\u017cytkownika Serwisu i wykorzystywane mog\u0105 by\u0107 r\u00f3wnie\u017c przez wsp\u00f3\u0142pracuj\u0105cych z operatorem Serwisu reklamodawc\u00f3w oraz partner\u00f3w.<\/li><br>\n<li>Zalecamy przeczytanie polityki ochrony prywatno\u015bci tych firm, aby pozna\u0107 zasady korzystania z plik\u00f3w cookie wykorzystywane w statystykach: Polityka ochrony prywatno\u015bci Google Analytics<\/li><br>\n<li>Pliki cookie mog\u0105 by\u0107 wykorzystane przez sieci reklamowe, w szczeg\u00f3lno\u015bci sie\u0107 Google, do wy\u015bwietlenia reklam dopasowanych do sposobu, w jaki u\u017cytkownik korzysta z Serwisu. W tym celu mog\u0105 zachowa\u0107 informacj\u0119 o \u015bcie\u017cce nawigacji u\u017cytkownika lub czasie pozostawania na danej stronie.<\/li><br>\n<li>W zakresie informacji o preferencjach u\u017cytkownika gromadzonych przez sie\u0107 reklamow\u0105 Google u\u017cytkownik mo\u017ce przegl\u0105da\u0107 i edytowa\u0107 informacje wynikaj\u0105ce z plik\u00f3w cookies przy pomocy narz\u0119dzia: https:\/\/www.google.com\/ads\/preferences\/<\/li><br>\n<\/ol>\n<\/div>\n\n\n\n<h2 class=\"accordion-toggle\">IV. LOGI SERWERA<\/h2>\n<div class=\"accordion-container\">\n<p>\n<\/p><ol type=\"1\">\n<li>Informacje o niekt\u00f3rych zachowaniach u\u017cytkownik\u00f3w podlegaj\u0105 logowaniu w warstwie serwerowej. Dane te s\u0105 wykorzystywane wy\u0142\u0105cznie w celu administrowania serwisem oraz w celu zapewnienia jak najbardziej sprawnej obs\u0142ugi \u015bwiadczonych us\u0142ug hostingowych.<\/li><br>\n<li>Przegl\u0105dane zasoby identyfikowane s\u0105 poprzez adresy URL. Ponadto zapisowi mog\u0105 podlega\u0107:<\/li><br>\n<ol type=\"a\">\n<li>Czas nadej\u015bcia zapytania.<\/li>\n<li>Czas wys\u0142ania odpowiedzi.<\/li>\n<li>Nazw\u0119 stacji klienta \u2013 identyfikacja realizowana przez protok\u00f3\u0142 HTTP.<\/li>\n<li>Informacje o b\u0142\u0119dach jakie nast\u0105pi\u0142y przy realizacji transakcji HTTP.<\/li>\n<li>Adres URL strony poprzednio odwiedzanej przez u\u017cytkownika (referer link) \u2013 w przypadku gdy przej\u015bcie do Serwisu nast\u0105pi\u0142o przez odno\u015bnik.<\/li>\n<li>Informacje o przegl\u0105darce u\u017cytkownika.<\/li>\n<li>Informacje o adresie IP.<\/li>\n<\/ol>\n<li>Dane powy\u017csze nie s\u0105 kojarzone z konkretnymi osobami przegl\u0105daj\u0105cymi strony.<\/li><br>\n<li>Dane powy\u017csze s\u0105 wykorzystywane jedynie dla cel\u00f3w administrowania serwerem.<\/li><br>\n<\/ol>\n<\/div>\n\n\n\n<h2 class=\"accordion-toggle\">V. UDOST\u0118PNIENIE DANYCH<\/h2>\n<div class=\"accordion-container\">\n<p>\n<\/p><ol type=\"1\">\n<li>Dane podlegaj\u0105 udost\u0119pnieniu podmiotom zewn\u0119trznym wy\u0142\u0105cznie w granicach prawnie dozwolonych.<\/li><br>\n<li>Dane umo\u017cliwiaj\u0105ce identyfikacj\u0119 osoby fizycznej s\u0105 udost\u0119pniane wy\u0142\u0105czenie za zgod\u0105 tej osoby.<\/li><br>\n<li>Operator mo\u017ce mie\u0107 obowi\u0105zek udzielania informacji zebranych przez Serwis upowa\u017cnionym organom na podstawie zgodnych z prawem \u017c\u0105da\u0144 w zakresie wynikaj\u0105cym z \u017c\u0105dania.<\/li><br>\n<li>Twoje dane osobowe przekazujemy podmiotom zewn\u0119trznym tylko po to, aby zarz\u0105dza\u0107 zakupami zrobionymi przez Ciebie online. Otrzymuj\u0105 je wy\u0142\u0105cznie:<\/li>\n<ol>\n<li> Firmy, kt\u00f3re przetwarzaj\u0105 Tw\u00f3j adres;<\/li>\n<li> Agencje komunikacji, kt\u00f3re wysy\u0142aj\u0105 potwierdzenia zam\u00f3wie\u0144;<\/li>\n<li> Magazyny i firmy kurierskie, kt\u00f3re dostarczaj\u0105 zam\u00f3wienia;<\/li>\n<li> Firmy, kt\u00f3re realizuj\u0105 p\u0142atno\u015bci;<\/li>\n<li> Banki, kt\u00f3re sprawdzaj\u0105 Twoj\u0105 to\u017csamo\u015b\u0107 i zdolno\u015b\u0107 kredytow\u0105, gdy kupujesz na raty;<\/li>\n<li> Firmy windykacyjne;<\/li>\n<li> Firmy dostarczaj\u0105ce narz\u0119dzia wspieraj\u0105ce proces sprzeda\u017cy w ramach sklepu internetowego (marketing automation) np. ramki rekomendacyjne, funkcjonalno\u015b\u0107 chatu, newsletter.<\/li>\n<\/ol>\n<\/ol><\/div>\n\n\n\n<h2 class=\"accordion-toggle\">VI. ZARZ\u0104DZANIE PLIKAMI COOKIES &#8211; JAK W PRAKTYCE WYRA\u017bA\u0106 I COFA\u0106 ZGOD\u0118?<\/h2>\n<div class=\"accordion-container\">\n<p>\n<\/p><ol type=\"1\">\n<li>Je\u015bli u\u017cytkownik nie chce otrzymywa\u0107 plik\u00f3w cookies, mo\u017ce zmieni\u0107 ustawienia przegl\u0105darki. Zastrzegamy, \u017ce wy\u0142\u0105czenie obs\u0142ugi plik\u00f3w cookies niezb\u0119dnych dla proces\u00f3w uwierzytelniania, bezpiecze\u0144stwa, utrzymania preferencji u\u017cytkownika mo\u017ce utrudni\u0107, a w skrajnych przypadkach mo\u017ce uniemo\u017cliwi\u0107 korzystanie ze stron www.<\/li><br>\n<li>W celu zarz\u0105dzania ustawieniami cookies wybierz z listy poni\u017cej przegl\u0105dark\u0119 internetow\u0105\/ system i post\u0119puj zgodnie z instrukcjami:<\/li><br>\n<ol type=\"a\">\n<li>Internet Explorer<\/li>\n<li>Chrome<\/li>\n<li>Safari<\/li>\n<li>Firefox<\/li>\n<li>Opera<\/li>\n<li>Android<\/li>\n<li>Safari (iOS)<\/li>\n<li>Windows Phone<\/li>\n<li>Blackberry<\/li>\n<\/ol>\n<\/ol><\/div>\n","protected":false},"excerpt":{"rendered":"<p>Polityka prywatno\u015bci na &#8230; <a title=\"Polityka prywatno\u015bci na stronie Johny Wick\" class=\"read-more\" href=\"https:\/\/johnywick.de\/de\/polityka-prywatnosci-na-stronie-johny-wick\/\" aria-label=\"Read more about Polityka prywatno\u015bci na stronie Johny Wick\">Czytaj dalej<\/a><\/p>","protected":false},"author":2,"featured_media":0,"parent":0,"menu_order":0,"comment_status":"closed","ping_status":"closed","template":"","meta":{"_acf_changed":false,"footnotes":""},"class_list":["post-5074","page","type-page","status-publish"],"acf":[],"yoast_head":"<!-- This site is optimized with the Yoast SEO plugin v26.8 - https:\/\/yoast.com\/product\/yoast-seo-wordpress\/ -->\n<title>Polityka prywatno\u015bci na stronie Johny Wick - Sojowe \u015bwiece zapachowe - JohnyWick<\/title>\n<meta name=\"robots\" content=\"index, follow, max-snippet:-1, max-image-preview:large, max-video-preview:-1\" \/>\n<link rel=\"canonical\" href=\"https:\/\/johnywick.pl\/polityka-prywatnosci-na-stronie-johny-wick\/\" \/>\n<meta property=\"og:locale\" content=\"de_DE\" \/>\n<meta property=\"og:type\" content=\"article\" \/>\n<meta property=\"og:title\" content=\"Polityka prywatno\u015bci na stronie Johny Wick - Sojowe \u015bwiece zapachowe - JohnyWick\" \/>\n<meta property=\"og:description\" content=\"Polityka prywatno\u015bci na ... Czytaj dalej\" \/>\n<meta property=\"og:url\" content=\"https:\/\/johnywick.pl\/polityka-prywatnosci-na-stronie-johny-wick\/\" \/>\n<meta property=\"og:site_name\" content=\"Sojowe \u015bwiece zapachowe - JohnyWick\" \/>\n<meta property=\"article:modified_time\" content=\"2024-04-04T10:28:37+00:00\" \/>\n<meta name=\"twitter:card\" content=\"summary_large_image\" \/>\n<meta name=\"twitter:label1\" content=\"Est. reading time\" \/>\n\t<meta name=\"twitter:data1\" content=\"7\u00a0Minuten\" \/>\n<script type=\"application\/ld+json\" class=\"yoast-schema-graph\">{\"@context\":\"https:\/\/schema.org\",\"@graph\":[{\"@type\":\"WebPage\",\"@id\":\"https:\/\/johnywick.pl\/polityka-prywatnosci-na-stronie-johny-wick\/\",\"url\":\"https:\/\/johnywick.pl\/polityka-prywatnosci-na-stronie-johny-wick\/\",\"name\":\"Polityka prywatno\u015bci na stronie Johny Wick - Sojowe \u015bwiece zapachowe - JohnyWick\",\"isPartOf\":{\"@id\":\"https:\/\/johnywick.pl\/#website\"},\"datePublished\":\"2021-07-05T13:02:13+00:00\",\"dateModified\":\"2024-04-04T10:28:37+00:00\",\"breadcrumb\":{\"@id\":\"https:\/\/johnywick.pl\/polityka-prywatnosci-na-stronie-johny-wick\/#breadcrumb\"},\"inLanguage\":\"de\",\"potentialAction\":[{\"@type\":\"ReadAction\",\"target\":[\"https:\/\/johnywick.pl\/polityka-prywatnosci-na-stronie-johny-wick\/\"]}]},{\"@type\":\"BreadcrumbList\",\"@id\":\"https:\/\/johnywick.pl\/polityka-prywatnosci-na-stronie-johny-wick\/#breadcrumb\",\"itemListElement\":[{\"@type\":\"ListItem\",\"position\":1,\"name\":\"Strona g\u0142\u00f3wna\",\"item\":\"https:\/\/johnywick.pl\/\"},{\"@type\":\"ListItem\",\"position\":2,\"name\":\"Polityka prywatno\u015bci na stronie Johny Wick\"}]},{\"@type\":\"WebSite\",\"@id\":\"https:\/\/johnywick.pl\/#website\",\"url\":\"https:\/\/johnywick.pl\/\",\"name\":\"Sojowe \u015bwiece zapachowe - JohnyWick\",\"description\":\"Producent \u015bwiec zapachowych\",\"publisher\":{\"@id\":\"https:\/\/johnywick.pl\/#organization\"},\"potentialAction\":[{\"@type\":\"SearchAction\",\"target\":{\"@type\":\"EntryPoint\",\"urlTemplate\":\"https:\/\/johnywick.pl\/?s={search_term_string}\"},\"query-input\":{\"@type\":\"PropertyValueSpecification\",\"valueRequired\":true,\"valueName\":\"search_term_string\"}}],\"inLanguage\":\"de\"},{\"@type\":\"Organization\",\"@id\":\"https:\/\/johnywick.pl\/#organization\",\"name\":\"Sojowe \u015bwiece zapachowe - JohnyWick\",\"url\":\"https:\/\/johnywick.pl\/\",\"logo\":{\"@type\":\"ImageObject\",\"inLanguage\":\"de\",\"@id\":\"https:\/\/johnywick.pl\/#\/schema\/logo\/image\/\",\"url\":\"https:\/\/johnywick.de\/wp-content\/uploads\/2022\/05\/logo-W-R.png\",\"contentUrl\":\"https:\/\/johnywick.de\/wp-content\/uploads\/2022\/05\/logo-W-R.png\",\"width\":774,\"height\":468,\"caption\":\"Sojowe \u015bwiece zapachowe - JohnyWick\"},\"image\":{\"@id\":\"https:\/\/johnywick.pl\/#\/schema\/logo\/image\/\"}}]}<\/script>\n<!-- \/ Yoast SEO plugin. -->","yoast_head_json":{"title":"Polityka prywatno\u015bci na stronie Johny Wick - Sojowe \u015bwiece zapachowe - JohnyWick","robots":{"index":"index","follow":"follow","max-snippet":"max-snippet:-1","max-image-preview":"max-image-preview:large","max-video-preview":"max-video-preview:-1"},"canonical":"https:\/\/johnywick.pl\/polityka-prywatnosci-na-stronie-johny-wick\/","og_locale":"de_DE","og_type":"article","og_title":"Polityka prywatno\u015bci na stronie Johny Wick - Sojowe \u015bwiece zapachowe - JohnyWick","og_description":"Polityka prywatno\u015bci na ... Czytaj dalej","og_url":"https:\/\/johnywick.pl\/polityka-prywatnosci-na-stronie-johny-wick\/","og_site_name":"Sojowe \u015bwiece zapachowe - JohnyWick","article_modified_time":"2024-04-04T10:28:37+00:00","twitter_card":"summary_large_image","twitter_misc":{"Est. reading time":"7\u00a0Minuten"},"schema":{"@context":"https:\/\/schema.org","@graph":[{"@type":"WebPage","@id":"https:\/\/johnywick.pl\/polityka-prywatnosci-na-stronie-johny-wick\/","url":"https:\/\/johnywick.pl\/polityka-prywatnosci-na-stronie-johny-wick\/","name":"Polityka prywatno\u015bci na stronie Johny Wick - Sojowe \u015bwiece zapachowe - JohnyWick","isPartOf":{"@id":"https:\/\/johnywick.pl\/#website"},"datePublished":"2021-07-05T13:02:13+00:00","dateModified":"2024-04-04T10:28:37+00:00","breadcrumb":{"@id":"https:\/\/johnywick.pl\/polityka-prywatnosci-na-stronie-johny-wick\/#breadcrumb"},"inLanguage":"de","potentialAction":[{"@type":"ReadAction","target":["https:\/\/johnywick.pl\/polityka-prywatnosci-na-stronie-johny-wick\/"]}]},{"@type":"BreadcrumbList","@id":"https:\/\/johnywick.pl\/polityka-prywatnosci-na-stronie-johny-wick\/#breadcrumb","itemListElement":[{"@type":"ListItem","position":1,"name":"Strona g\u0142\u00f3wna","item":"https:\/\/johnywick.pl\/"},{"@type":"ListItem","position":2,"name":"Polityka prywatno\u015bci na stronie Johny Wick"}]},{"@type":"WebSite","@id":"https:\/\/johnywick.pl\/#website","url":"https:\/\/johnywick.pl\/","name":"Sojowe \u015bwiece zapachowe - JohnyWick","description":"Hersteller von Duftkerzen","publisher":{"@id":"https:\/\/johnywick.pl\/#organization"},"potentialAction":[{"@type":"SearchAction","target":{"@type":"EntryPoint","urlTemplate":"https:\/\/johnywick.pl\/?s={search_term_string}"},"query-input":{"@type":"PropertyValueSpecification","valueRequired":true,"valueName":"search_term_string"}}],"inLanguage":"de"},{"@type":"Organization","@id":"https:\/\/johnywick.pl\/#organization","name":"Sojowe \u015bwiece zapachowe - JohnyWick","url":"https:\/\/johnywick.pl\/","logo":{"@type":"ImageObject","inLanguage":"de","@id":"https:\/\/johnywick.pl\/#\/schema\/logo\/image\/","url":"https:\/\/johnywick.de\/wp-content\/uploads\/2022\/05\/logo-W-R.png","contentUrl":"https:\/\/johnywick.de\/wp-content\/uploads\/2022\/05\/logo-W-R.png","width":774,"height":468,"caption":"Sojowe \u015bwiece zapachowe - JohnyWick"},"image":{"@id":"https:\/\/johnywick.pl\/#\/schema\/logo\/image\/"}}]}},"_links":{"self":[{"href":"https:\/\/johnywick.de\/de\/wp-json\/wp\/v2\/pages\/5074","targetHints":{"allow":["GET"]}}],"collection":[{"href":"https:\/\/johnywick.de\/de\/wp-json\/wp\/v2\/pages"}],"about":[{"href":"https:\/\/johnywick.de\/de\/wp-json\/wp\/v2\/types\/page"}],"author":[{"embeddable":true,"href":"https:\/\/johnywick.de\/de\/wp-json\/wp\/v2\/users\/2"}],"replies":[{"embeddable":true,"href":"https:\/\/johnywick.de\/de\/wp-json\/wp\/v2\/comments?post=5074"}],"version-history":[{"count":2,"href":"https:\/\/johnywick.de\/de\/wp-json\/wp\/v2\/pages\/5074\/revisions"}],"predecessor-version":[{"id":38171,"href":"https:\/\/johnywick.de\/de\/wp-json\/wp\/v2\/pages\/5074\/revisions\/38171"}],"wp:attachment":[{"href":"https:\/\/johnywick.de\/de\/wp-json\/wp\/v2\/media?parent=5074"}],"curies":[{"name":"wp","href":"https:\/\/api.w.org\/{rel}","templated":true}]}}