
{"id":5091,"date":"2021-07-06T11:58:44","date_gmt":"2021-07-06T09:58:44","guid":{"rendered":"http:\/\/johnywick-old.cool24.vot.pl\/?page_id=5091"},"modified":"2024-10-31T12:23:30","modified_gmt":"2024-10-31T11:23:30","slug":"dostawa-i-platnosc","status":"publish","type":"page","link":"https:\/\/johnywick.de\/de\/dostawa-i-platnosc\/","title":{"rendered":"Kosten und Lieferzeit"},"content":{"rendered":"<h1 class=\"gb-headline gb-headline-eb8ca0d4 gb-headline-text\">Kosten und Lieferzeit<\/h1>\n\n\n\n<p>Zam\u00f3wienia s\u0105 przyjmowane przez sklep JOHNY WICK 24 h na dob\u0119, 7 dni w tygodniu. Realizacja zam\u00f3wie\u0144 odbywa si\u0119 w godzinach 09:00-14:00 od poniedzia\u0142ku do pi\u0105tku.&nbsp;Termin realizacji zam\u00f3wienia: do 3 dni roboczych.<\/p>\n\n\n\n<p style=\"font-size:15px\">Dostawa na terenie Polski jest realizowana przez firm\u0119 kuriersk\u0105 InPost.<\/p>\n\n\n\n<p style=\"font-size:15px\"><strong>Koszt wysy\u0142ki:<\/strong><\/p>\n\n\n\n<ul class=\"wp-block-list\">\n<li>wysy\u0142ka kurierska \u2013 15,99 z\u0142<\/li>\n\n\n\n<li>paczkomat \u2013 14,99 z\u0142<\/li>\n\n\n\n<li>odbi\u00f3r osobisty \u2013 w biurze JOHNY WICK &nbsp;przy ul. Pomorskiej 40 w \u0141odzi, w godzinach 09:00-14:00 od poniedzia\u0142ku do pi\u0105tku. Budynek E, parter.<br>Odbi\u00f3r w innych godzinach po uzgodnieniu telefonicznym: 796-776-613<\/li>\n<\/ul>","protected":false},"excerpt":{"rendered":"<p>Koszt i termin &#8230; <a title=\"Kosten und Lieferzeit\" class=\"read-more\" href=\"https:\/\/johnywick.de\/de\/dostawa-i-platnosc\/\" aria-label=\"Read more about Koszt i termin dostawy\">Czytaj dalej<\/a><\/p>","protected":false},"author":2,"featured_media":0,"parent":0,"menu_order":0,"comment_status":"closed","ping_status":"closed","template":"","meta":{"_acf_changed":false,"footnotes":""},"class_list":["post-5091","page","type-page","status-publish"],"acf":[],"yoast_head":"<!-- This site is optimized with the Yoast SEO plugin v26.8 - https:\/\/yoast.com\/product\/yoast-seo-wordpress\/ -->\n<title>Koszt i termin dostawy - Sojowe \u015bwiece zapachowe - JohnyWick<\/title>\n<meta name=\"description\" content=\"Zastanawiasz si\u0119 jak przebiega dostawa i p\u0142atno\u015b\u0107 w sklepie ze \u015bwiecami JohnyWick? Zapoznaj si\u0119 z warunkami us\u0142ugi i zam\u00f3w ulubione zapachy.\" \/>\n<meta name=\"robots\" content=\"index, follow, max-snippet:-1, max-image-preview:large, max-video-preview:-1\" \/>\n<link rel=\"canonical\" href=\"https:\/\/johnywick.pl\/dostawa-i-platnosc\/\" \/>\n<meta property=\"og:locale\" content=\"de_DE\" \/>\n<meta property=\"og:type\" content=\"article\" \/>\n<meta property=\"og:title\" content=\"Koszt i termin dostawy - Sojowe \u015bwiece zapachowe - JohnyWick\" \/>\n<meta property=\"og:description\" content=\"Zastanawiasz si\u0119 jak przebiega dostawa i p\u0142atno\u015b\u0107 w sklepie ze \u015bwiecami JohnyWick? Zapoznaj si\u0119 z warunkami us\u0142ugi i zam\u00f3w ulubione zapachy.\" \/>\n<meta property=\"og:url\" content=\"https:\/\/johnywick.pl\/dostawa-i-platnosc\/\" \/>\n<meta property=\"og:site_name\" content=\"Sojowe \u015bwiece zapachowe - JohnyWick\" \/>\n<meta property=\"article:modified_time\" content=\"2024-10-31T11:23:30+00:00\" \/>\n<meta name=\"twitter:card\" content=\"summary_large_image\" \/>\n<meta name=\"twitter:label1\" content=\"Est. reading time\" \/>\n\t<meta name=\"twitter:data1\" content=\"1\u00a0Minute\" \/>\n<script type=\"application\/ld+json\" class=\"yoast-schema-graph\">{\"@context\":\"https:\/\/schema.org\",\"@graph\":[{\"@type\":\"WebPage\",\"@id\":\"https:\/\/johnywick.pl\/dostawa-i-platnosc\/\",\"url\":\"https:\/\/johnywick.pl\/dostawa-i-platnosc\/\",\"name\":\"Koszt i termin dostawy - Sojowe \u015bwiece zapachowe - JohnyWick\",\"isPartOf\":{\"@id\":\"https:\/\/johnywick.pl\/#website\"},\"datePublished\":\"2021-07-06T09:58:44+00:00\",\"dateModified\":\"2024-10-31T11:23:30+00:00\",\"description\":\"Zastanawiasz si\u0119 jak przebiega dostawa i p\u0142atno\u015b\u0107 w sklepie ze \u015bwiecami JohnyWick? Zapoznaj si\u0119 z warunkami us\u0142ugi i zam\u00f3w ulubione zapachy.\",\"breadcrumb\":{\"@id\":\"https:\/\/johnywick.pl\/dostawa-i-platnosc\/#breadcrumb\"},\"inLanguage\":\"de\",\"potentialAction\":[{\"@type\":\"ReadAction\",\"target\":[\"https:\/\/johnywick.pl\/dostawa-i-platnosc\/\"]}]},{\"@type\":\"BreadcrumbList\",\"@id\":\"https:\/\/johnywick.pl\/dostawa-i-platnosc\/#breadcrumb\",\"itemListElement\":[{\"@type\":\"ListItem\",\"position\":1,\"name\":\"Strona g\u0142\u00f3wna\",\"item\":\"https:\/\/johnywick.pl\/\"},{\"@type\":\"ListItem\",\"position\":2,\"name\":\"Koszt i termin dostawy\"}]},{\"@type\":\"WebSite\",\"@id\":\"https:\/\/johnywick.pl\/#website\",\"url\":\"https:\/\/johnywick.pl\/\",\"name\":\"Sojowe \u015bwiece zapachowe - JohnyWick\",\"description\":\"Producent \u015bwiec zapachowych\",\"publisher\":{\"@id\":\"https:\/\/johnywick.pl\/#organization\"},\"potentialAction\":[{\"@type\":\"SearchAction\",\"target\":{\"@type\":\"EntryPoint\",\"urlTemplate\":\"https:\/\/johnywick.pl\/?s={search_term_string}\"},\"query-input\":{\"@type\":\"PropertyValueSpecification\",\"valueRequired\":true,\"valueName\":\"search_term_string\"}}],\"inLanguage\":\"de\"},{\"@type\":\"Organization\",\"@id\":\"https:\/\/johnywick.pl\/#organization\",\"name\":\"Sojowe \u015bwiece zapachowe - JohnyWick\",\"url\":\"https:\/\/johnywick.pl\/\",\"logo\":{\"@type\":\"ImageObject\",\"inLanguage\":\"de\",\"@id\":\"https:\/\/johnywick.pl\/#\/schema\/logo\/image\/\",\"url\":\"https:\/\/johnywick.de\/wp-content\/uploads\/2022\/05\/logo-W-R.png\",\"contentUrl\":\"https:\/\/johnywick.de\/wp-content\/uploads\/2022\/05\/logo-W-R.png\",\"width\":774,\"height\":468,\"caption\":\"Sojowe \u015bwiece zapachowe - JohnyWick\"},\"image\":{\"@id\":\"https:\/\/johnywick.pl\/#\/schema\/logo\/image\/\"}}]}<\/script>\n<!-- \/ Yoast SEO plugin. -->","yoast_head_json":{"title":"Koszt i termin dostawy - Sojowe \u015bwiece zapachowe - JohnyWick","description":"Zastanawiasz si\u0119 jak przebiega dostawa i p\u0142atno\u015b\u0107 w sklepie ze \u015bwiecami JohnyWick? Zapoznaj si\u0119 z warunkami us\u0142ugi i zam\u00f3w ulubione zapachy.","robots":{"index":"index","follow":"follow","max-snippet":"max-snippet:-1","max-image-preview":"max-image-preview:large","max-video-preview":"max-video-preview:-1"},"canonical":"https:\/\/johnywick.pl\/dostawa-i-platnosc\/","og_locale":"de_DE","og_type":"article","og_title":"Koszt i termin dostawy - Sojowe \u015bwiece zapachowe - JohnyWick","og_description":"Zastanawiasz si\u0119 jak przebiega dostawa i p\u0142atno\u015b\u0107 w sklepie ze \u015bwiecami JohnyWick? Zapoznaj si\u0119 z warunkami us\u0142ugi i zam\u00f3w ulubione zapachy.","og_url":"https:\/\/johnywick.pl\/dostawa-i-platnosc\/","og_site_name":"Sojowe \u015bwiece zapachowe - JohnyWick","article_modified_time":"2024-10-31T11:23:30+00:00","twitter_card":"summary_large_image","twitter_misc":{"Est. reading time":"1\u00a0Minute"},"schema":{"@context":"https:\/\/schema.org","@graph":[{"@type":"WebPage","@id":"https:\/\/johnywick.pl\/dostawa-i-platnosc\/","url":"https:\/\/johnywick.pl\/dostawa-i-platnosc\/","name":"Koszt i termin dostawy - Sojowe \u015bwiece zapachowe - JohnyWick","isPartOf":{"@id":"https:\/\/johnywick.pl\/#website"},"datePublished":"2021-07-06T09:58:44+00:00","dateModified":"2024-10-31T11:23:30+00:00","description":"Zastanawiasz si\u0119 jak przebiega dostawa i p\u0142atno\u015b\u0107 w sklepie ze \u015bwiecami JohnyWick? Zapoznaj si\u0119 z warunkami us\u0142ugi i zam\u00f3w ulubione zapachy.","breadcrumb":{"@id":"https:\/\/johnywick.pl\/dostawa-i-platnosc\/#breadcrumb"},"inLanguage":"de","potentialAction":[{"@type":"ReadAction","target":["https:\/\/johnywick.pl\/dostawa-i-platnosc\/"]}]},{"@type":"BreadcrumbList","@id":"https:\/\/johnywick.pl\/dostawa-i-platnosc\/#breadcrumb","itemListElement":[{"@type":"ListItem","position":1,"name":"Strona g\u0142\u00f3wna","item":"https:\/\/johnywick.pl\/"},{"@type":"ListItem","position":2,"name":"Koszt i termin dostawy"}]},{"@type":"WebSite","@id":"https:\/\/johnywick.pl\/#website","url":"https:\/\/johnywick.pl\/","name":"Sojowe \u015bwiece zapachowe - JohnyWick","description":"Hersteller von Duftkerzen","publisher":{"@id":"https:\/\/johnywick.pl\/#organization"},"potentialAction":[{"@type":"SearchAction","target":{"@type":"EntryPoint","urlTemplate":"https:\/\/johnywick.pl\/?s={search_term_string}"},"query-input":{"@type":"PropertyValueSpecification","valueRequired":true,"valueName":"search_term_string"}}],"inLanguage":"de"},{"@type":"Organization","@id":"https:\/\/johnywick.pl\/#organization","name":"Sojowe \u015bwiece zapachowe - JohnyWick","url":"https:\/\/johnywick.pl\/","logo":{"@type":"ImageObject","inLanguage":"de","@id":"https:\/\/johnywick.pl\/#\/schema\/logo\/image\/","url":"https:\/\/johnywick.de\/wp-content\/uploads\/2022\/05\/logo-W-R.png","contentUrl":"https:\/\/johnywick.de\/wp-content\/uploads\/2022\/05\/logo-W-R.png","width":774,"height":468,"caption":"Sojowe \u015bwiece zapachowe - JohnyWick"},"image":{"@id":"https:\/\/johnywick.pl\/#\/schema\/logo\/image\/"}}]}},"_links":{"self":[{"href":"https:\/\/johnywick.de\/de\/wp-json\/wp\/v2\/pages\/5091","targetHints":{"allow":["GET"]}}],"collection":[{"href":"https:\/\/johnywick.de\/de\/wp-json\/wp\/v2\/pages"}],"about":[{"href":"https:\/\/johnywick.de\/de\/wp-json\/wp\/v2\/types\/page"}],"author":[{"embeddable":true,"href":"https:\/\/johnywick.de\/de\/wp-json\/wp\/v2\/users\/2"}],"replies":[{"embeddable":true,"href":"https:\/\/johnywick.de\/de\/wp-json\/wp\/v2\/comments?post=5091"}],"version-history":[{"count":3,"href":"https:\/\/johnywick.de\/de\/wp-json\/wp\/v2\/pages\/5091\/revisions"}],"predecessor-version":[{"id":38876,"href":"https:\/\/johnywick.de\/de\/wp-json\/wp\/v2\/pages\/5091\/revisions\/38876"}],"wp:attachment":[{"href":"https:\/\/johnywick.de\/de\/wp-json\/wp\/v2\/media?parent=5091"}],"curies":[{"name":"wp","href":"https:\/\/api.w.org\/{rel}","templated":true}]}}