
{"id":5099,"date":"2021-07-07T08:34:23","date_gmt":"2021-07-07T06:34:23","guid":{"rendered":"http:\/\/johnywick-old.cool24.vot.pl\/?page_id=5099"},"modified":"2024-04-04T13:26:28","modified_gmt":"2024-04-04T11:26:28","slug":"reklamacje-i-zwroty","status":"publish","type":"page","link":"https:\/\/johnywick.de\/de\/reklamacje-i-zwroty\/","title":{"rendered":"Reklamacje i zwroty"},"content":{"rendered":"<h1 class=\"gb-headline gb-headline-f27c4a67 gb-headline-text\">Reklamacje i zwrot<\/h1>\n\n\n\n<h2 class=\"gb-headline gb-headline-3c3b2d3e gb-headline-text\">Reklamacje<\/h2>\n\n\n\n<p style=\"font-size:15px\">Podstaw\u0105 przyj\u0119cia reklamacji jest dow\u00f3d zakupu towaru w szczeg\u00f3lno\u015bci paragon fiskalny, faktura VAT lub inny dokument potwierdzaj\u0105cy zakup.<\/p>\n\n\n\n<p style=\"font-size:15px\"><strong>Zg\u0142oszenie reklamacyjne produktu powinno by\u0107 z\u0142o\u017cone na pi\u015bmie, kt\u00f3rego wz\u00f3r mo\u017cna pobra\u0107&nbsp;<a href=\"https:\/\/johnywick.pl\/wp-content\/uploads\/2021\/07\/zgloszenie-reklamacyjne-towaru-johny.docx\" target=\"_blank\" rel=\"noreferrer noopener nofollow\">TUTAJ<\/a>.<\/strong><\/p>\n\n\n\n<p style=\"font-size:15px\">Ka\u017cda reklamacja zostanie rozpatrzona w ci\u0105gu 14 dni kalendarzowych od dnia dostarczenia uszkodzonego towaru na adres:<br><strong><br>Johny Wick Spin Kuci\u0144ska, Popielas Sp. J.<br>Pomorska 40<br>91-408 \u0141\u00f3d\u017a<br>tel: 796-776-613<\/strong><\/p>\n\n\n\n<p style=\"font-size:15px\">z dopiskiem \u201cReklamacja (sklep internetowy).<\/p>\n\n\n\n<p style=\"font-size:15px\">Sprzedawca jest odpowiedzialny wzgl\u0119dem Zamawiaj\u0105cego, je\u015bli Produkt ma wad\u0119 fizyczn\u0105 ukryt\u0105 pomniejszaj\u0105c\u0105 jego warto\u015b\u0107 lub u\u017cyteczno\u015b\u0107. Sprzedawca nie jest odpowiedzialny za wady fizyczne ukryte, kt\u00f3re powsta\u0142y po wydaniu Produktu Zamawiaj\u0105cemu.<\/p>\n\n\n\n<p style=\"font-size:15px\">W przypadku uzasadnionej reklamacji, zgodnie z art. 8 Ustawy z dnia 27 lipca z 2002 roku o szczeg\u00f3lnych warunkach sprzeda\u017cy konsumenckiej oraz o zmianie Kodeksu cywilnego (Dz. U. Nr 141, poz. 1176 ze zm.), je\u017celi towar konsumpcyjny jest niezgodny z umow\u0105, kupuj\u0105cy mo\u017ce \u017c\u0105da\u0107 doprowadzenia go do stanu zgodnego z umow\u0105 przez nieodp\u0142atn\u0105 napraw\u0119. Je\u015bli naprawa nie b\u0119dzie mo\u017cliwa, produkt uszkodzony zostanie wymieniony na inny, pe\u0142nowarto\u015bciowy, a je\u015bli b\u0119dzie to ju\u017c niemo\u017cliwe (na przyk\u0142ad z powodu wyczerpania towaru), sklep zwr\u00f3ci Zamawiaj\u0105cemu r\u00f3wnowarto\u015b\u0107 ceny produktu lub zaoferuje mu inne, dost\u0119pne w sklepie Produkty o odpowiednio takiej samej jako\u015bci i przeznaczeniu.<\/p>\n\n\n\n<p style=\"font-size:15px\">Zawiadomienie o wadzie (reklamacja) powinno zawiera\u0107 opis wady Produktu, dat\u0119 wykrycia wady oraz okre\u015blenie \u017c\u0105dania co do sposobu usuni\u0119cia wady. Zamawiaj\u0105cy nie mo\u017ce odm\u00f3wi\u0107 przyj\u0119cia nieodp\u0142atnej naprawy, je\u017celi gwarantuje ona pe\u0142ne przywr\u00f3cenie zareklamowanemu Produktowi nale\u017cytych w\u0142a\u015bciwo\u015bci u\u017cytkowych.<\/p>\n\n\n\n<p style=\"font-size:15px\">W przypadku reklamacji dotycz\u0105cej uszkodze\u0144 mechanicznych powsta\u0142ych podczas transportu, prosimy o spisanie w obecno\u015bci dor\u0119czyciela stosownego protoko\u0142u szkody. Nast\u0119pnie prosimy o przes\u0142anie zakupionego towaru wraz z protoko\u0142em na adres podany wy\u017cej. Reklamacje nie zawieraj\u0105ce protoko\u0142u nie b\u0119d\u0105 rozpatrywane.<\/p>\n\n\n\n<p style=\"font-size:15px\">O pozytywnym lub negatywnym rozpatrzeniu reklamacji, osoba reklamuj\u0105ca zostanie poinformowana przez Sprzedawc\u0119 drog\u0105 mailow\u0105.<\/p>\n\n\n\n<p style=\"font-size:15px\">Koszt przesy\u0142ki reklamowanego Produktu pokrywa Zamawiaj\u0105cy. W przypadku gdy reklamacja oka\u017ce si\u0119 uzasadniona, Sprzedawca zwr\u00f3ci uzasadnione koszty przesy\u0142ki zareklamowanego Produktu poniesione przez Zamawiaj\u0105cego.<\/p>\n\n\n\n<p style=\"font-size:15px\">Przesy\u0142ki z reklamowanym Produktem przes\u0142ane za pobraniem lub na koszt odbiorcy nie b\u0119d\u0105 przyjmowane.<\/p>\n\n\n\n<p style=\"font-size:15px\">KONTAKT W SPRAWIE REKLAMACJI:<\/p>\n\n\n\n<p style=\"font-size:15px\"><strong>e-mail: biuro@johnywick.pl<\/strong><\/p>\n\n\n\n<p style=\"font-size:15px\"><strong>tel: 796-776-613<\/strong><\/p>\n\n\n<div class=\"gb-container gb-container-afb8d4b1\"><div class=\"gb-inside-container\"><\/div><\/div>\n\n\n<h2 class=\"gb-headline gb-headline-af2babdc gb-headline-text\">Zwroty (odst\u0105pienie od umowy)<\/h2>\n\n\n\n<p style=\"font-size:15px\">Zgodne z art. 7 Ustawy, osoba zamawiaj\u0105ca ma prawo do odst\u0105pienia od umowy sprzeda\u017cy bez podania przyczyny w terminie czternastu dni od daty otrzymania produktu. Zamawiaj\u0105cy powinien poinformowa\u0107 sprzedawc\u0119 poprzez z\u0142o\u017cenie stosownego pisma.<\/p>\n\n\n\n<p style=\"font-size:15px\"><strong>O\u015bwiadczenie o odst\u0105pieniu od umowy konsument powinien z\u0142o\u017cy\u0107 na pi\u015bmie, kt\u00f3rego wz\u00f3r mo\u017cna pobra\u0107&nbsp;<a href=\"https:\/\/johnywick.pl\/wp-content\/uploads\/2019\/08\/formularz-zwrotu-towaru.docx\" target=\"_blank\" rel=\"noreferrer noopener nofollow\">TUTAJ<\/a>.<\/strong><\/p>\n\n\n\n<p style=\"font-size:15px\">Zwracany produkt musi zosta\u0107 odes\u0142any na adres, z kt\u00f3rego zosta\u0142 wys\u0142any:<\/p>\n\n\n\n<p style=\"font-size:15px\"><strong>Johny Wick Spin Kuci\u0144ska, Popielas Sp. J.<br>Pomorska 40<br>91-408 \u0141\u00f3d\u017a<br>tel: 796-776-613<\/strong><\/p>\n\n\n\n<p style=\"font-size:15px\">z dopiskiem \u2013 zwrot (sklep internetowy).<\/p>\n\n\n\n<p style=\"font-size:15px\">Zwrot, o kt\u00f3rym mowa powy\u017cej jest dopuszczalny tylko w przypadku towaru nie u\u017cywanego (nie nosz\u0105cego \u017cadnych \u015blad\u00f3w u\u017cytkowania). Ponadto produkt powinien zosta\u0142 odes\u0142any w oryginalnym opakowaniu, je\u017celi towar wyst\u0119powa\u0142 w opakowaniu. W przypadku odst\u0105pienia od umowy Zamawiaj\u0105cy jest zobowi\u0105zany do odes\u0142ania zakupionych Produkt\u00f3w na w\u0142asny koszt w oryginalnym opakowaniu wraz z o\u015bwiadczeniem o odst\u0105pieniu od umowy sprzeda\u017cy i do\u0142\u0105czonym oryginalnym dowodem zakupu (paragon, faktura).<\/p>\n\n\n\n<p style=\"font-size:15px\">Pieni\u0105dze otrzymane przez Sprzedawc\u0119 za Produkt zostan\u0105 zwr\u00f3cone Zamawiaj\u0105cemu przelewem na wskazany w o\u015bwiadczeniu o odst\u0105pieniu od umowy, numer rachunku bankowego (ewentualnie przekazem pocztowym) w terminie 14 dni roboczych od momentu otrzymania zwr\u00f3conego Produktu.<\/p>\n\n\n\n<p style=\"font-size:15px\">Zwrotowi podlega kwota obejmuj\u0105ca cen\u0119 za towar, jak r\u00f3wnie\u017c koszt przesy\u0142ki w jedn\u0105 stron\u0119 (z wyj\u0105tkiem dodatkowych koszt\u00f3w wynikaj\u0105cych z wybranego przez Pa\u0144stwa sposobu dostarczenia innego ni\u017c najta\u0144szy zwyk\u0142y spos\u00f3b oferowany przez nas).<\/p>\n\n\n\n<p style=\"font-size:15px\">W przypadku nie przyj\u0119cia zwrotu z powodu nie spe\u0142nienia wymaga\u0144 z pkt.2 sekcji VI niniejszego Regulaminu, osoba zwracaj\u0105ca towar zostanie poinformowana na wskazany adres e-mail o odrzuceniu, a towar zostanie odes\u0142any na jej koszt.<\/p>\n\n\n<div class=\"gb-container gb-container-64fadd84\"><div class=\"gb-inside-container\"><\/div><\/div>","protected":false},"excerpt":{"rendered":"<p>Reklamacje i zwrot &#8230; <a title=\"Reklamacje i zwroty\" class=\"read-more\" href=\"https:\/\/johnywick.de\/de\/reklamacje-i-zwroty\/\" aria-label=\"Read more about Reklamacje i zwroty\">Czytaj dalej<\/a><\/p>","protected":false},"author":2,"featured_media":0,"parent":0,"menu_order":0,"comment_status":"closed","ping_status":"closed","template":"","meta":{"_acf_changed":false,"footnotes":""},"class_list":["post-5099","page","type-page","status-publish"],"acf":[],"yoast_head":"<!-- This site is optimized with the Yoast SEO plugin v26.8 - https:\/\/yoast.com\/product\/yoast-seo-wordpress\/ -->\n<title>Reklamacje i zwroty - Sojowe \u015bwiece zapachowe - JohnyWick<\/title>\n<meta name=\"robots\" content=\"index, follow, max-snippet:-1, max-image-preview:large, max-video-preview:-1\" \/>\n<link rel=\"canonical\" href=\"https:\/\/johnywick.pl\/reklamacje-i-zwroty\/\" \/>\n<meta property=\"og:locale\" content=\"de_DE\" \/>\n<meta property=\"og:type\" content=\"article\" \/>\n<meta property=\"og:title\" content=\"Reklamacje i zwroty - Sojowe \u015bwiece zapachowe - JohnyWick\" \/>\n<meta property=\"og:description\" content=\"Reklamacje i zwrot ... Czytaj dalej\" \/>\n<meta property=\"og:url\" content=\"https:\/\/johnywick.pl\/reklamacje-i-zwroty\/\" \/>\n<meta property=\"og:site_name\" content=\"Sojowe \u015bwiece zapachowe - JohnyWick\" \/>\n<meta property=\"article:modified_time\" content=\"2024-04-04T11:26:28+00:00\" \/>\n<meta name=\"twitter:card\" content=\"summary_large_image\" \/>\n<meta name=\"twitter:label1\" content=\"Est. reading time\" \/>\n\t<meta name=\"twitter:data1\" content=\"4\u00a0Minuten\" \/>\n<script type=\"application\/ld+json\" class=\"yoast-schema-graph\">{\"@context\":\"https:\/\/schema.org\",\"@graph\":[{\"@type\":\"WebPage\",\"@id\":\"https:\/\/johnywick.pl\/reklamacje-i-zwroty\/\",\"url\":\"https:\/\/johnywick.pl\/reklamacje-i-zwroty\/\",\"name\":\"Reklamacje i zwroty - Sojowe \u015bwiece zapachowe - JohnyWick\",\"isPartOf\":{\"@id\":\"https:\/\/johnywick.pl\/#website\"},\"datePublished\":\"2021-07-07T06:34:23+00:00\",\"dateModified\":\"2024-04-04T11:26:28+00:00\",\"breadcrumb\":{\"@id\":\"https:\/\/johnywick.pl\/reklamacje-i-zwroty\/#breadcrumb\"},\"inLanguage\":\"de\",\"potentialAction\":[{\"@type\":\"ReadAction\",\"target\":[\"https:\/\/johnywick.pl\/reklamacje-i-zwroty\/\"]}]},{\"@type\":\"BreadcrumbList\",\"@id\":\"https:\/\/johnywick.pl\/reklamacje-i-zwroty\/#breadcrumb\",\"itemListElement\":[{\"@type\":\"ListItem\",\"position\":1,\"name\":\"Strona g\u0142\u00f3wna\",\"item\":\"https:\/\/johnywick.pl\/\"},{\"@type\":\"ListItem\",\"position\":2,\"name\":\"Reklamacje i zwroty\"}]},{\"@type\":\"WebSite\",\"@id\":\"https:\/\/johnywick.pl\/#website\",\"url\":\"https:\/\/johnywick.pl\/\",\"name\":\"Sojowe \u015bwiece zapachowe - JohnyWick\",\"description\":\"Producent \u015bwiec zapachowych\",\"publisher\":{\"@id\":\"https:\/\/johnywick.pl\/#organization\"},\"potentialAction\":[{\"@type\":\"SearchAction\",\"target\":{\"@type\":\"EntryPoint\",\"urlTemplate\":\"https:\/\/johnywick.pl\/?s={search_term_string}\"},\"query-input\":{\"@type\":\"PropertyValueSpecification\",\"valueRequired\":true,\"valueName\":\"search_term_string\"}}],\"inLanguage\":\"de\"},{\"@type\":\"Organization\",\"@id\":\"https:\/\/johnywick.pl\/#organization\",\"name\":\"Sojowe \u015bwiece zapachowe - JohnyWick\",\"url\":\"https:\/\/johnywick.pl\/\",\"logo\":{\"@type\":\"ImageObject\",\"inLanguage\":\"de\",\"@id\":\"https:\/\/johnywick.pl\/#\/schema\/logo\/image\/\",\"url\":\"https:\/\/johnywick.de\/wp-content\/uploads\/2022\/05\/logo-W-R.png\",\"contentUrl\":\"https:\/\/johnywick.de\/wp-content\/uploads\/2022\/05\/logo-W-R.png\",\"width\":774,\"height\":468,\"caption\":\"Sojowe \u015bwiece zapachowe - JohnyWick\"},\"image\":{\"@id\":\"https:\/\/johnywick.pl\/#\/schema\/logo\/image\/\"}}]}<\/script>\n<!-- \/ Yoast SEO plugin. -->","yoast_head_json":{"title":"Reklamacje i zwroty - Sojowe \u015bwiece zapachowe - JohnyWick","robots":{"index":"index","follow":"follow","max-snippet":"max-snippet:-1","max-image-preview":"max-image-preview:large","max-video-preview":"max-video-preview:-1"},"canonical":"https:\/\/johnywick.pl\/reklamacje-i-zwroty\/","og_locale":"de_DE","og_type":"article","og_title":"Reklamacje i zwroty - Sojowe \u015bwiece zapachowe - JohnyWick","og_description":"Reklamacje i zwrot ... Czytaj dalej","og_url":"https:\/\/johnywick.pl\/reklamacje-i-zwroty\/","og_site_name":"Sojowe \u015bwiece zapachowe - JohnyWick","article_modified_time":"2024-04-04T11:26:28+00:00","twitter_card":"summary_large_image","twitter_misc":{"Est. reading time":"4\u00a0Minuten"},"schema":{"@context":"https:\/\/schema.org","@graph":[{"@type":"WebPage","@id":"https:\/\/johnywick.pl\/reklamacje-i-zwroty\/","url":"https:\/\/johnywick.pl\/reklamacje-i-zwroty\/","name":"Reklamacje i zwroty - Sojowe \u015bwiece zapachowe - JohnyWick","isPartOf":{"@id":"https:\/\/johnywick.pl\/#website"},"datePublished":"2021-07-07T06:34:23+00:00","dateModified":"2024-04-04T11:26:28+00:00","breadcrumb":{"@id":"https:\/\/johnywick.pl\/reklamacje-i-zwroty\/#breadcrumb"},"inLanguage":"de","potentialAction":[{"@type":"ReadAction","target":["https:\/\/johnywick.pl\/reklamacje-i-zwroty\/"]}]},{"@type":"BreadcrumbList","@id":"https:\/\/johnywick.pl\/reklamacje-i-zwroty\/#breadcrumb","itemListElement":[{"@type":"ListItem","position":1,"name":"Strona g\u0142\u00f3wna","item":"https:\/\/johnywick.pl\/"},{"@type":"ListItem","position":2,"name":"Reklamacje i zwroty"}]},{"@type":"WebSite","@id":"https:\/\/johnywick.pl\/#website","url":"https:\/\/johnywick.pl\/","name":"Sojowe \u015bwiece zapachowe - JohnyWick","description":"Hersteller von Duftkerzen","publisher":{"@id":"https:\/\/johnywick.pl\/#organization"},"potentialAction":[{"@type":"SearchAction","target":{"@type":"EntryPoint","urlTemplate":"https:\/\/johnywick.pl\/?s={search_term_string}"},"query-input":{"@type":"PropertyValueSpecification","valueRequired":true,"valueName":"search_term_string"}}],"inLanguage":"de"},{"@type":"Organization","@id":"https:\/\/johnywick.pl\/#organization","name":"Sojowe \u015bwiece zapachowe - JohnyWick","url":"https:\/\/johnywick.pl\/","logo":{"@type":"ImageObject","inLanguage":"de","@id":"https:\/\/johnywick.pl\/#\/schema\/logo\/image\/","url":"https:\/\/johnywick.de\/wp-content\/uploads\/2022\/05\/logo-W-R.png","contentUrl":"https:\/\/johnywick.de\/wp-content\/uploads\/2022\/05\/logo-W-R.png","width":774,"height":468,"caption":"Sojowe \u015bwiece zapachowe - JohnyWick"},"image":{"@id":"https:\/\/johnywick.pl\/#\/schema\/logo\/image\/"}}]}},"_links":{"self":[{"href":"https:\/\/johnywick.de\/de\/wp-json\/wp\/v2\/pages\/5099","targetHints":{"allow":["GET"]}}],"collection":[{"href":"https:\/\/johnywick.de\/de\/wp-json\/wp\/v2\/pages"}],"about":[{"href":"https:\/\/johnywick.de\/de\/wp-json\/wp\/v2\/types\/page"}],"author":[{"embeddable":true,"href":"https:\/\/johnywick.de\/de\/wp-json\/wp\/v2\/users\/2"}],"replies":[{"embeddable":true,"href":"https:\/\/johnywick.de\/de\/wp-json\/wp\/v2\/comments?post=5099"}],"version-history":[{"count":3,"href":"https:\/\/johnywick.de\/de\/wp-json\/wp\/v2\/pages\/5099\/revisions"}],"predecessor-version":[{"id":38179,"href":"https:\/\/johnywick.de\/de\/wp-json\/wp\/v2\/pages\/5099\/revisions\/38179"}],"wp:attachment":[{"href":"https:\/\/johnywick.de\/de\/wp-json\/wp\/v2\/media?parent=5099"}],"curies":[{"name":"wp","href":"https:\/\/api.w.org\/{rel}","templated":true}]}}