
{"id":5106,"date":"2021-07-07T09:08:10","date_gmt":"2021-07-07T07:08:10","guid":{"rendered":"http:\/\/johnywick-old.cool24.vot.pl\/?page_id=5106"},"modified":"2024-04-04T12:29:10","modified_gmt":"2024-04-04T10:29:10","slug":"metody-platnosci","status":"publish","type":"page","link":"https:\/\/johnywick.de\/de\/metody-platnosci\/","title":{"rendered":"Zahlungsmethoden"},"content":{"rendered":"<h1 class=\"gb-headline gb-headline-24073e59 gb-headline-text\">Zahlungsmethoden<\/h1>\n\n\n\n<h2 class=\"accordion-toggle\">EKSPRESOWE P\u0141ATNO\u015aCI PRZELEWY24<\/h2>\n<div class=\"accordion-container\">\n<p>\n<\/p><div>\n<img decoding=\"async\" src=\"https:\/\/johnywick.pl\/wp-content\/uploads\/2021\/07\/Przelewy24_logo.png\" alt=\"P24\" style=\"width: 120px; height: 40px; margin-bottom: 25px;\">\n<\/div> \n<p>Przelewy24 to system p\u0142atno\u015bci online, kt\u00f3ry umo\u017cliwia dokonanie szybkich i bezpiecznych p\u0142atno\u015bci za zakupy w sklepach internetowych. Dzi\u0119ki us\u0142ugom Przelewy24 mo\u017cesz w \u0142\u0105twy spos\u00f3b zrealizowa\u0107 p\u0142atno\u015b\u0107 ze swojego konta bankowego lub karty p\u0142atniczej.<br><br>\nNa t\u0119 chwil\u0119 Przelewy24 obs\u0142uguj\u0105 szybkie p\u0142atno\u015bci dla poni\u017cszych typ\u00f3w p\u0142atno\u015bci: <br>\nBLIK, mBank, iPKO, Santander, ING, Bank Pekao, Alior Bank, Inteligo, Credit Agricole, Citi Handlowy, GetIn Bank, BNP Paribas, BO\u015a Bank, Idea Paylink, Pocztowy24, Banki Sp\u00f3\u0142dzielcze, Volkswagen Bank, Nobel Bank, Nest Bank, Plus Bank, Bank Nowy BFG S.A., Toyota Bank, SkyCash, Envelo Bank, Millennium Bank, Karty p\u0142atnicze (VISA, MasterCard), Google Pay, P\u0142atno\u015bci ratalne (Alior Bank, mBank).\n\n<\/p><h3>Jak skorzysta\u0107 z p\u0142atno\u015bci Przelewy24?<\/h3>\n<ol type=\"1\">\n<li>W trakcie sk\u0142adania zam\u00f3wienia w naszym sklepie internetowym wybierz opcj\u0119 &#8222;Przelewy24&#8221;.<\/li>\n<li>Zostaniesz przekierowany do zewn\u0119trznego systemu p\u0142atno\u015bci.<\/li>\n<li>Wybierz dogodn\u0105 dla Ciebie form\u0119 p\u0142atno\u015bci i zap\u0142a\u0107.<\/li>\n<li>To wszystko! Twoja p\u0142atno\u015b\u0107 zostanie zaksi\u0119gowana w ci\u0105gu kilku sekund.<\/li>\n<\/ol>\n<p><\/p>\n<p><\/p>\n<\/div>\n\n\n\n<h2 class=\"accordion-toggle\">P\u0141ATNO\u015a\u0106 BLIK<\/h2>\n<div class=\"accordion-container\">\n<p>\n<\/p><div>\n<img decoding=\"async\" src=\"https:\/\/johnywick.pl\/wp-content\/uploads\/2021\/07\/blik-logo.jpg\" alt=\"BLIK\" style=\"width: 120px; height: 56px; margin-bottom: 25px;\">\n<\/div> \n<p>BLIK to system p\u0142atno\u015bci online, umo\u017cliwiaj\u0105cy wykonanie b\u0142yskawicznej p\u0142atno\u015bci za zakupy w sklepie internetowym. To wszystko za pomoc\u0105 urz\u0105dzenia mobilnego np. smartphona. P\u0142atno\u015b\u0107 ta nie wymaga instalacji \u017cadnego dodatkowej aplikacji. Wi\u0119kszo\u015b\u0107 bank\u00f3w posiada swoje aplikacje, kt\u00f3re udost\u0119pniaj\u0105 mo\u017cliwo\u015b\u0107 wygenerowania kodu BLIK. \n\n<\/p><h3>Jak skorzysta\u0107 z p\u0142atno\u015bci BLIK?<\/h3>\n<ol type=\"1\">\n<li>W trakcie sk\u0142adania zam\u00f3wienia w naszym sklepie internetowym wybierz opcj\u0119 &#8222;Przelewy24&#8221;.<\/li>\n<li>Zostaniesz przekierowany do zewn\u0119trznego systemu p\u0142atno\u015bci.<\/li>\n<li>Wybierz opcje p\u0142atno\u015bci BLIK<\/li>\n<li>Przepisz kod BLIK z aplikacji banku i kliknij zap\u0142a\u0107.<\/li>\n<li>Potwierd\u017a transakcj\u0119 PINem w aplikacji banku.<\/li>\n<li>To wszystko! Twoja p\u0142atno\u015b\u0107 zostanie zaksi\u0119gowana w ci\u0105gu kilku sekund.<\/li>\n<\/ol>\n<p><\/p>\n<p><\/p>\n<\/div>\n\n\n\n<h2 class=\"accordion-toggle\">P\u0141ATNO\u015a\u0106 KART\u0104<\/h2>\n<div class=\"accordion-container\">\n<p>\n<\/p><div>\n<img decoding=\"async\" src=\"https:\/\/johnywick.pl\/wp-content\/uploads\/2021\/07\/visa.jpg\" alt=\"BLIK\" style=\"width: 120px; height: 45px; margin-bottom: 25px;\">\n<\/div> \n<p>W sklepie internetowym Johny Wick akceptujemy karty MasterCard i Visa. W przypadku zwrotu towaru, kwota zostanie zwr\u00f3cona z powrotem na rachunek Twojej karty p\u0142atniczej.  \n\n<\/p><h3>Jak skorzysta\u0107 z p\u0142atno\u015bci kart\u0105?<\/h3>\n<ol type=\"1\">\n<li>W trakcie sk\u0142adania zam\u00f3wienia w naszym sklepie internetowym wybierz opcj\u0119 &#8222;Przelewy24&#8221;.<\/li>\n<li>Zostaniesz przekierowany do zewn\u0119trznego systemu p\u0142atno\u015bci.<\/li>\n<li>Wybierz opcje p\u0142atno\u015bci P\u0142atno\u015b\u0107 kart\u0105, Visa lub MasterCard.<\/li>\n<li>Dodaj 16-cyfrowy numer karty, dat\u0119 wa\u017cno\u015bci, Imi\u0119 i nazwisko w\u0142a\u015bcieila oraz kod CVV (znajduj\u0105cy si\u0119 na odwrocie karty).<\/li>\n<li>W niekt\u00f3rych przypadkach dla bezpiecze\u0144stwa konieczne b\u0119dzie zalogowanie si\u0119 w serwisie swojego banku, w celu potwierdzenia transakcji kart\u0105.<\/li>\n<li>To wszystko! Twoja p\u0142atno\u015b\u0107 zostanie zaksi\u0119gowana w ci\u0105gu kilku sekund.<\/li>\n<\/ol>\n<p><\/p>\n<p><\/p>\n<\/div>\n\n\n<div class=\"gb-container gb-container-53b64898\"><div class=\"gb-inside-container\"><\/div><\/div>","protected":false},"excerpt":{"rendered":"<p>Metody p\u0142atno\u015bci EKSPRESOWE &#8230; <a title=\"Zahlungsmethoden\" class=\"read-more\" href=\"https:\/\/johnywick.de\/de\/metody-platnosci\/\" aria-label=\"Read more about Metody p\u0142atno\u015bci\">Czytaj dalej<\/a><\/p>","protected":false},"author":2,"featured_media":0,"parent":0,"menu_order":0,"comment_status":"closed","ping_status":"closed","template":"","meta":{"_acf_changed":false,"footnotes":""},"class_list":["post-5106","page","type-page","status-publish"],"acf":[],"yoast_head":"<!-- This site is optimized with the Yoast SEO plugin v26.8 - https:\/\/yoast.com\/product\/yoast-seo-wordpress\/ -->\n<title>Metody p\u0142atno\u015bci - Sojowe \u015bwiece zapachowe - JohnyWick<\/title>\n<meta name=\"robots\" content=\"index, follow, max-snippet:-1, max-image-preview:large, max-video-preview:-1\" \/>\n<link rel=\"canonical\" href=\"https:\/\/johnywick.pl\/metody-platnosci\/\" \/>\n<meta property=\"og:locale\" content=\"de_DE\" \/>\n<meta property=\"og:type\" content=\"article\" \/>\n<meta property=\"og:title\" content=\"Metody p\u0142atno\u015bci - Sojowe \u015bwiece zapachowe - JohnyWick\" \/>\n<meta property=\"og:description\" content=\"Metody p\u0142atno\u015bci EKSPRESOWE ... Czytaj dalej\" \/>\n<meta property=\"og:url\" content=\"https:\/\/johnywick.pl\/metody-platnosci\/\" \/>\n<meta property=\"og:site_name\" content=\"Sojowe \u015bwiece zapachowe - JohnyWick\" \/>\n<meta property=\"article:modified_time\" content=\"2024-04-04T10:29:10+00:00\" \/>\n<meta property=\"og:image\" content=\"https:\/\/johnywick.pl\/wp-content\/uploads\/2021\/07\/Przelewy24_logo.png\" \/>\n<meta name=\"twitter:card\" content=\"summary_large_image\" \/>\n<meta name=\"twitter:label1\" content=\"Est. reading time\" \/>\n\t<meta name=\"twitter:data1\" content=\"3\u00a0Minuten\" \/>\n<script type=\"application\/ld+json\" class=\"yoast-schema-graph\">{\"@context\":\"https:\/\/schema.org\",\"@graph\":[{\"@type\":\"WebPage\",\"@id\":\"https:\/\/johnywick.pl\/metody-platnosci\/\",\"url\":\"https:\/\/johnywick.pl\/metody-platnosci\/\",\"name\":\"Metody p\u0142atno\u015bci - Sojowe \u015bwiece zapachowe - JohnyWick\",\"isPartOf\":{\"@id\":\"https:\/\/johnywick.pl\/#website\"},\"primaryImageOfPage\":{\"@id\":\"https:\/\/johnywick.pl\/metody-platnosci\/#primaryimage\"},\"image\":{\"@id\":\"https:\/\/johnywick.pl\/metody-platnosci\/#primaryimage\"},\"thumbnailUrl\":\"https:\/\/johnywick.pl\/wp-content\/uploads\/2021\/07\/Przelewy24_logo.png\",\"datePublished\":\"2021-07-07T07:08:10+00:00\",\"dateModified\":\"2024-04-04T10:29:10+00:00\",\"breadcrumb\":{\"@id\":\"https:\/\/johnywick.pl\/metody-platnosci\/#breadcrumb\"},\"inLanguage\":\"de\",\"potentialAction\":[{\"@type\":\"ReadAction\",\"target\":[\"https:\/\/johnywick.pl\/metody-platnosci\/\"]}]},{\"@type\":\"ImageObject\",\"inLanguage\":\"de\",\"@id\":\"https:\/\/johnywick.pl\/metody-platnosci\/#primaryimage\",\"url\":\"https:\/\/johnywick.pl\/wp-content\/uploads\/2021\/07\/Przelewy24_logo.png\",\"contentUrl\":\"https:\/\/johnywick.pl\/wp-content\/uploads\/2021\/07\/Przelewy24_logo.png\"},{\"@type\":\"BreadcrumbList\",\"@id\":\"https:\/\/johnywick.pl\/metody-platnosci\/#breadcrumb\",\"itemListElement\":[{\"@type\":\"ListItem\",\"position\":1,\"name\":\"Strona g\u0142\u00f3wna\",\"item\":\"https:\/\/johnywick.pl\/\"},{\"@type\":\"ListItem\",\"position\":2,\"name\":\"Metody p\u0142atno\u015bci\"}]},{\"@type\":\"WebSite\",\"@id\":\"https:\/\/johnywick.pl\/#website\",\"url\":\"https:\/\/johnywick.pl\/\",\"name\":\"Sojowe \u015bwiece zapachowe - JohnyWick\",\"description\":\"Producent \u015bwiec zapachowych\",\"publisher\":{\"@id\":\"https:\/\/johnywick.pl\/#organization\"},\"potentialAction\":[{\"@type\":\"SearchAction\",\"target\":{\"@type\":\"EntryPoint\",\"urlTemplate\":\"https:\/\/johnywick.pl\/?s={search_term_string}\"},\"query-input\":{\"@type\":\"PropertyValueSpecification\",\"valueRequired\":true,\"valueName\":\"search_term_string\"}}],\"inLanguage\":\"de\"},{\"@type\":\"Organization\",\"@id\":\"https:\/\/johnywick.pl\/#organization\",\"name\":\"Sojowe \u015bwiece zapachowe - JohnyWick\",\"url\":\"https:\/\/johnywick.pl\/\",\"logo\":{\"@type\":\"ImageObject\",\"inLanguage\":\"de\",\"@id\":\"https:\/\/johnywick.pl\/#\/schema\/logo\/image\/\",\"url\":\"https:\/\/johnywick.de\/wp-content\/uploads\/2022\/05\/logo-W-R.png\",\"contentUrl\":\"https:\/\/johnywick.de\/wp-content\/uploads\/2022\/05\/logo-W-R.png\",\"width\":774,\"height\":468,\"caption\":\"Sojowe \u015bwiece zapachowe - JohnyWick\"},\"image\":{\"@id\":\"https:\/\/johnywick.pl\/#\/schema\/logo\/image\/\"}}]}<\/script>\n<!-- \/ Yoast SEO plugin. -->","yoast_head_json":{"title":"Metody p\u0142atno\u015bci - Sojowe \u015bwiece zapachowe - JohnyWick","robots":{"index":"index","follow":"follow","max-snippet":"max-snippet:-1","max-image-preview":"max-image-preview:large","max-video-preview":"max-video-preview:-1"},"canonical":"https:\/\/johnywick.pl\/metody-platnosci\/","og_locale":"de_DE","og_type":"article","og_title":"Metody p\u0142atno\u015bci - Sojowe \u015bwiece zapachowe - JohnyWick","og_description":"Metody p\u0142atno\u015bci EKSPRESOWE ... Czytaj dalej","og_url":"https:\/\/johnywick.pl\/metody-platnosci\/","og_site_name":"Sojowe \u015bwiece zapachowe - JohnyWick","article_modified_time":"2024-04-04T10:29:10+00:00","og_image":[{"url":"https:\/\/johnywick.pl\/wp-content\/uploads\/2021\/07\/Przelewy24_logo.png","type":"","width":"","height":""}],"twitter_card":"summary_large_image","twitter_misc":{"Est. reading time":"3\u00a0Minuten"},"schema":{"@context":"https:\/\/schema.org","@graph":[{"@type":"WebPage","@id":"https:\/\/johnywick.pl\/metody-platnosci\/","url":"https:\/\/johnywick.pl\/metody-platnosci\/","name":"Metody p\u0142atno\u015bci - Sojowe \u015bwiece zapachowe - JohnyWick","isPartOf":{"@id":"https:\/\/johnywick.pl\/#website"},"primaryImageOfPage":{"@id":"https:\/\/johnywick.pl\/metody-platnosci\/#primaryimage"},"image":{"@id":"https:\/\/johnywick.pl\/metody-platnosci\/#primaryimage"},"thumbnailUrl":"https:\/\/johnywick.pl\/wp-content\/uploads\/2021\/07\/Przelewy24_logo.png","datePublished":"2021-07-07T07:08:10+00:00","dateModified":"2024-04-04T10:29:10+00:00","breadcrumb":{"@id":"https:\/\/johnywick.pl\/metody-platnosci\/#breadcrumb"},"inLanguage":"de","potentialAction":[{"@type":"ReadAction","target":["https:\/\/johnywick.pl\/metody-platnosci\/"]}]},{"@type":"ImageObject","inLanguage":"de","@id":"https:\/\/johnywick.pl\/metody-platnosci\/#primaryimage","url":"https:\/\/johnywick.pl\/wp-content\/uploads\/2021\/07\/Przelewy24_logo.png","contentUrl":"https:\/\/johnywick.pl\/wp-content\/uploads\/2021\/07\/Przelewy24_logo.png"},{"@type":"BreadcrumbList","@id":"https:\/\/johnywick.pl\/metody-platnosci\/#breadcrumb","itemListElement":[{"@type":"ListItem","position":1,"name":"Strona g\u0142\u00f3wna","item":"https:\/\/johnywick.pl\/"},{"@type":"ListItem","position":2,"name":"Metody p\u0142atno\u015bci"}]},{"@type":"WebSite","@id":"https:\/\/johnywick.pl\/#website","url":"https:\/\/johnywick.pl\/","name":"Sojowe \u015bwiece zapachowe - JohnyWick","description":"Hersteller von Duftkerzen","publisher":{"@id":"https:\/\/johnywick.pl\/#organization"},"potentialAction":[{"@type":"SearchAction","target":{"@type":"EntryPoint","urlTemplate":"https:\/\/johnywick.pl\/?s={search_term_string}"},"query-input":{"@type":"PropertyValueSpecification","valueRequired":true,"valueName":"search_term_string"}}],"inLanguage":"de"},{"@type":"Organization","@id":"https:\/\/johnywick.pl\/#organization","name":"Sojowe \u015bwiece zapachowe - JohnyWick","url":"https:\/\/johnywick.pl\/","logo":{"@type":"ImageObject","inLanguage":"de","@id":"https:\/\/johnywick.pl\/#\/schema\/logo\/image\/","url":"https:\/\/johnywick.de\/wp-content\/uploads\/2022\/05\/logo-W-R.png","contentUrl":"https:\/\/johnywick.de\/wp-content\/uploads\/2022\/05\/logo-W-R.png","width":774,"height":468,"caption":"Sojowe \u015bwiece zapachowe - JohnyWick"},"image":{"@id":"https:\/\/johnywick.pl\/#\/schema\/logo\/image\/"}}]}},"_links":{"self":[{"href":"https:\/\/johnywick.de\/de\/wp-json\/wp\/v2\/pages\/5106","targetHints":{"allow":["GET"]}}],"collection":[{"href":"https:\/\/johnywick.de\/de\/wp-json\/wp\/v2\/pages"}],"about":[{"href":"https:\/\/johnywick.de\/de\/wp-json\/wp\/v2\/types\/page"}],"author":[{"embeddable":true,"href":"https:\/\/johnywick.de\/de\/wp-json\/wp\/v2\/users\/2"}],"replies":[{"embeddable":true,"href":"https:\/\/johnywick.de\/de\/wp-json\/wp\/v2\/comments?post=5106"}],"version-history":[{"count":1,"href":"https:\/\/johnywick.de\/de\/wp-json\/wp\/v2\/pages\/5106\/revisions"}],"predecessor-version":[{"id":38172,"href":"https:\/\/johnywick.de\/de\/wp-json\/wp\/v2\/pages\/5106\/revisions\/38172"}],"wp:attachment":[{"href":"https:\/\/johnywick.de\/de\/wp-json\/wp\/v2\/media?parent=5106"}],"curies":[{"name":"wp","href":"https:\/\/api.w.org\/{rel}","templated":true}]}}