
{"id":5347,"date":"2021-07-16T09:55:19","date_gmt":"2021-07-16T07:55:19","guid":{"rendered":"http:\/\/johnywick-old.cool24.vot.pl\/?page_id=5347"},"modified":"2023-08-28T14:06:48","modified_gmt":"2023-08-28T12:06:48","slug":"faq","status":"publish","type":"page","link":"https:\/\/johnywick.de\/de\/faq\/","title":{"rendered":"H\u00e4ufig gestellte Fragen"},"content":{"rendered":"<h1 class=\"gb-headline gb-headline-5d52ea6d gb-headline-text\">H\u00e4ufig gestellte Fragen<\/h1>\n\n\n\n<h2 class=\"gb-headline gb-headline-b0845698 gb-headline-text\">Pytania dotycz\u0105ce produkt\u00f3w:<\/h2>\n\n\n\n<h3 class=\"gb-headline gb-headline-c5ebce69 gb-headline-text\"><a href=\"https:\/\/johnywick.pl\/jak-prawidlowo-palic-swiece-sojowe\/\">Jak prawid\u0142owo pali\u0107 \u015bwiece sojowe?<\/a><\/h3>\n\n\n\n<h3 class=\"gb-headline gb-headline-4486000f gb-headline-text\"><a href=\"https:\/\/johnywick.pl\/do-czego-sluza-swiece-zapachowe\/\">Do czego s\u0142u\u017c\u0105 \u015bwiece zapachowe?<\/a><\/h3>\n\n\n\n<h3 class=\"gb-headline gb-headline-b6095355 gb-headline-text\"><a href=\"https:\/\/johnywick.pl\/czym-roznia-sie-swiece-sojowe-od-parafinowych\/\">Czym r\u00f3\u017cni\u0105 si\u0119 \u015bwiece sojowe od parafinowych?<\/a><\/h3>\n\n\n\n<h3 class=\"gb-headline gb-headline-fa753a54 gb-headline-text\"><a href=\"https:\/\/johnywick.pl\/jaki-wosk-zostal-uzyty-do-produkcji-swiec\/\">Jaki wosk zosta\u0142 u\u017cyty do produkcji \u015bwiec?<\/a><\/h3>\n\n\n\n<h3 class=\"gb-headline gb-headline-5c7ed3cf gb-headline-text\"><a href=\"https:\/\/johnywick.pl\/jakie-olejki-zapachowe-zostaly-uzyte-w-swiecach\">Jakie olejki zapachowe zosta\u0142y u\u017cyte w \u015bwiecach<\/a><a href=\"https:\/\/johnywick.pl\/jakie-olejki-zapachowe-zostaly-uzyte-w-swiecach\/\">?<\/a><\/h3>\n\n\n\n<h3 class=\"gb-headline gb-headline-963f7676 gb-headline-text\"><a href=\"https:\/\/johnywick.pl\/czy-swiece-moga-byc-uzywane-w-pomieszczeniach-w-poblizu-dzieci-kobiet-w-ciazy-lub-zwierzat\/\">Czy \u015bwiece mog\u0105 by\u0107 u\u017cywane w pomieszczeniach w pobli\u017cu dzieci, kobiet w ci\u0105\u017cy lub zwierz\u0105t?<\/a><\/h3>\n\n\n\n<h3 class=\"gb-headline gb-headline-3d848a71 gb-headline-text\"><a href=\"https:\/\/johnywick.pl\/jakie-zapachy-produkty-sa-najlepszym-wyborem-na-prezent\/\">Jakie zapachy\/produkty s\u0105 najlepszym wyborem na prezent?<\/a><\/h3>\n\n\n\n<h3 class=\"gb-headline gb-headline-cefea27b gb-headline-text\"><a href=\"https:\/\/johnywick.pl\/czym-swiece-johny-wick-roznia-sie-od-innych\/\">Czym \u015bwiece Johny Wick r\u00f3\u017cni\u0105 si\u0119 od innych?<\/a><\/h3>\n\n\n\n<h3 class=\"gb-headline gb-headline-1b29e27f gb-headline-text\"><a href=\"https:\/\/johnywick.pl\/czym-swiece-johny-wick-roznia-sie-od-innych\/\">Czy do ka\u017cdej \u015bwiecy dost\u0119pna jest Karta Ch<\/a><a href=\"https:\/\/johnywick.pl\/czy-do-kazdej-swiecy-dostepna-jest-karta-charakterystyki\/\">arakterystyki?<\/a><\/h3>\n\n\n\n<h3 class=\"gb-headline gb-headline-e3f9259a gb-headline-text\"><a href=\"https:\/\/johnywick.pl\/czy-swiece-johny-wick-rzeczywiscie-pachna\/\">Czy \u015bwiece Johny Wick rzeczywi\u015bcie pachn\u0105?<\/a><\/h3>\n\n\n\n<h3 class=\"gb-headline gb-headline-d42d38ff gb-headline-text\"><a href=\"https:\/\/johnywick.pl\/czy-moge-palic-swiece-jak-jest-zimna\/\">Czy moge pali\u0107 \u015bwiec\u0119 jak jest zimna?<\/a><\/h3>\n\n\n\n<h3 class=\"gb-headline gb-headline-0559d773 gb-headline-text\"><a href=\"https:\/\/johnywick.pl\/swiece-zapachowe-w-szkle-jakie-wybrac\/\">\u015awiece zapachowe w szkle, jakie wybra\u0107?<\/a><\/h3>\n\n\n\n<h3 class=\"gb-headline gb-headline-fd502ac5 gb-headline-text\"><a href=\"https:\/\/johnywick.pl\/jaka-swiece-do-50-zl\/\">Jak\u0105 \u015bwiec\u0119 do 50 z\u0142?<\/a><\/h3>\n\n\n\n<h3 class=\"gb-headline gb-headline-56c66976 gb-headline-text\"><a href=\"https:\/\/johnywick.pl\/jakie-sa-rozmiary-dostepnych-sloikow-swiec\/\">Jakie s\u0105 rozmiary dost\u0119pnych s\u0142oik\u00f3w \u015bwiec?<\/a><\/h3>\n\n\n\n<h3 class=\"gb-headline gb-headline-b5684127 gb-headline-text\"><a href=\"https:\/\/johnywick.pl\/w-jak-duzym-pomieszczeniu-palic-sojowe-swiece-zapachowe\/\">W jak du\u017cym pomieszczeniu pali\u0107 sojowe \u015bwiece zapachowe?<\/a><\/h3>\n\n\n\n<p><\/p>\n\n\n\n<h2 class=\"gb-headline gb-headline-bd935250 gb-headline-text\">Pytania dotycz\u0105ce presonalizacji:<\/h2>\n\n\n\n<h3 class=\"gb-headline gb-headline-c66e79f4 gb-headline-text\"><a href=\"https:\/\/johnywick.pl\/czy-do-swiecy-personalizowanej-moge-dodac\">Czy do \u015bwiecy personalizowanej mog\u0119 doda\u0107 grafik\u0119 lub zdj\u0119cie czy tylko sam tekst?<\/a><\/h3>\n\n\n\n<h3 class=\"gb-headline gb-headline-a8252ab2 gb-headline-text\"><a href=\"https:\/\/johnywick.pl\/swiece-dla-firm-czy-jest-mozliwosc-zamowienia-swiec-pod-swoja-marka\/\">\u015awiece dla firm &#8211; czy jest mo\u017cliwo\u015b\u0107 zam\u00f3wienia \u015bwiec pod swoj\u0105 mark\u0105?<\/a><\/h3>\n\n\n\n<h3 class=\"gb-headline gb-headline-c99295d9 gb-headline-text\"><a href=\"https:\/\/johnywick.pl\/czy-moge-personalizowac-wylacznie-swiece-zapachowe\/\">Czy mog\u0119 personalizowa\u0107 wy\u0142\u0105cznie \u015bwiece zapachowe?<\/a><\/h3>\n\n\n\n<p><\/p>\n\n\n\n<h2 class=\"gb-headline gb-headline-893aab16 gb-headline-text\">Pytania dotycz\u0105ce zakupu oraz p\u0142atno\u015bci:<\/h2>\n\n\n\n<h3 class=\"gb-headline gb-headline-a8550d0e gb-headline-text\"><a href=\"https:\/\/johnywick.pl\/czy-mozna-kupic-swiece-stacjonarnie\/\">Czy mo\u017cna kupi\u0107 \u015bwiece stacjonarnie?<\/a><\/h3>\n\n\n\n<h3 class=\"gb-headline gb-headline-b5d82d08 gb-headline-text\"><a href=\"https:\/\/johnywick.pl\/czy-mozliwa-jest-wysylka-swiec-za-granice\/\">Czy mo\u017cliwa jest wysy\u0142ka \u015bwiec za granic\u0119?<\/a><\/h3>\n\n\n\n<h3 class=\"gb-headline gb-headline-34f8d6e9 gb-headline-text\"><a href=\"https:\/\/johnywick.pl\/czy-swieca-jest-bezpieczna-podczas-transportu\/\">Czy \u015bwieca jest bezpieczna podczas transportu?<\/a><\/h3>\n\n\n\n<h3 class=\"gb-headline gb-headline-12023c83 gb-headline-text\"><a href=\"https:\/\/johnywick.pl\/czy-swieczka-nie-roztopi-sie-w-paczkomacie-w-trakcie-upalnego-lata\/\">Czy \u015bwieczka nie roztopi si\u0119 w paczkomacie w trakcie upalnego lata?<\/a><\/h3>\n\n\n\n<p><\/p>\n\n\n\n<p><\/p>\n\n\n\n<p> <\/p>","protected":false},"excerpt":{"rendered":"<p>FAQ Pytania dotycz\u0105ce &#8230; <a title=\"H\u00e4ufig gestellte Fragen\" class=\"read-more\" href=\"https:\/\/johnywick.de\/de\/faq\/\" aria-label=\"Read more about FAQ\">Czytaj dalej<\/a><\/p>","protected":false},"author":2,"featured_media":0,"parent":0,"menu_order":0,"comment_status":"closed","ping_status":"closed","template":"","meta":{"_acf_changed":false,"footnotes":""},"class_list":["post-5347","page","type-page","status-publish"],"acf":[],"yoast_head":"<!-- This site is optimized with the Yoast SEO plugin v26.8 - https:\/\/yoast.com\/product\/yoast-seo-wordpress\/ -->\n<title>FAQ - Sojowe \u015bwiece zapachowe - JohnyWick<\/title>\n<meta name=\"robots\" content=\"index, follow, max-snippet:-1, max-image-preview:large, max-video-preview:-1\" \/>\n<link rel=\"canonical\" href=\"https:\/\/johnywick.pl\/faq\/\" \/>\n<meta property=\"og:locale\" content=\"de_DE\" \/>\n<meta property=\"og:type\" content=\"article\" \/>\n<meta property=\"og:title\" content=\"FAQ - Sojowe \u015bwiece zapachowe - JohnyWick\" \/>\n<meta property=\"og:description\" content=\"FAQ Pytania dotycz\u0105ce ... Czytaj dalej\" \/>\n<meta property=\"og:url\" content=\"https:\/\/johnywick.pl\/faq\/\" \/>\n<meta property=\"og:site_name\" content=\"Sojowe \u015bwiece zapachowe - JohnyWick\" \/>\n<meta property=\"article:modified_time\" content=\"2023-08-28T12:06:48+00:00\" \/>\n<meta name=\"twitter:card\" content=\"summary_large_image\" \/>\n<meta name=\"twitter:label1\" content=\"Est. reading time\" \/>\n\t<meta name=\"twitter:data1\" content=\"2\u00a0Minuten\" \/>\n<script type=\"application\/ld+json\" class=\"yoast-schema-graph\">{\"@context\":\"https:\/\/schema.org\",\"@graph\":[{\"@type\":\"WebPage\",\"@id\":\"https:\/\/johnywick.pl\/faq\/\",\"url\":\"https:\/\/johnywick.pl\/faq\/\",\"name\":\"FAQ - Sojowe \u015bwiece zapachowe - JohnyWick\",\"isPartOf\":{\"@id\":\"https:\/\/johnywick.pl\/#website\"},\"datePublished\":\"2021-07-16T07:55:19+00:00\",\"dateModified\":\"2023-08-28T12:06:48+00:00\",\"breadcrumb\":{\"@id\":\"https:\/\/johnywick.pl\/faq\/#breadcrumb\"},\"inLanguage\":\"de\",\"potentialAction\":[{\"@type\":\"ReadAction\",\"target\":[\"https:\/\/johnywick.pl\/faq\/\"]}]},{\"@type\":\"BreadcrumbList\",\"@id\":\"https:\/\/johnywick.pl\/faq\/#breadcrumb\",\"itemListElement\":[{\"@type\":\"ListItem\",\"position\":1,\"name\":\"Strona g\u0142\u00f3wna\",\"item\":\"https:\/\/johnywick.pl\/\"},{\"@type\":\"ListItem\",\"position\":2,\"name\":\"FAQ\"}]},{\"@type\":\"WebSite\",\"@id\":\"https:\/\/johnywick.pl\/#website\",\"url\":\"https:\/\/johnywick.pl\/\",\"name\":\"Sojowe \u015bwiece zapachowe - JohnyWick\",\"description\":\"Producent \u015bwiec zapachowych\",\"publisher\":{\"@id\":\"https:\/\/johnywick.pl\/#organization\"},\"potentialAction\":[{\"@type\":\"SearchAction\",\"target\":{\"@type\":\"EntryPoint\",\"urlTemplate\":\"https:\/\/johnywick.pl\/?s={search_term_string}\"},\"query-input\":{\"@type\":\"PropertyValueSpecification\",\"valueRequired\":true,\"valueName\":\"search_term_string\"}}],\"inLanguage\":\"de\"},{\"@type\":\"Organization\",\"@id\":\"https:\/\/johnywick.pl\/#organization\",\"name\":\"Sojowe \u015bwiece zapachowe - JohnyWick\",\"url\":\"https:\/\/johnywick.pl\/\",\"logo\":{\"@type\":\"ImageObject\",\"inLanguage\":\"de\",\"@id\":\"https:\/\/johnywick.pl\/#\/schema\/logo\/image\/\",\"url\":\"https:\/\/johnywick.de\/wp-content\/uploads\/2022\/05\/logo-W-R.png\",\"contentUrl\":\"https:\/\/johnywick.de\/wp-content\/uploads\/2022\/05\/logo-W-R.png\",\"width\":774,\"height\":468,\"caption\":\"Sojowe \u015bwiece zapachowe - JohnyWick\"},\"image\":{\"@id\":\"https:\/\/johnywick.pl\/#\/schema\/logo\/image\/\"}}]}<\/script>\n<!-- \/ Yoast SEO plugin. -->","yoast_head_json":{"title":"FAQ - Sojowe \u015bwiece zapachowe - JohnyWick","robots":{"index":"index","follow":"follow","max-snippet":"max-snippet:-1","max-image-preview":"max-image-preview:large","max-video-preview":"max-video-preview:-1"},"canonical":"https:\/\/johnywick.pl\/faq\/","og_locale":"de_DE","og_type":"article","og_title":"FAQ - Sojowe \u015bwiece zapachowe - JohnyWick","og_description":"FAQ Pytania dotycz\u0105ce ... Czytaj dalej","og_url":"https:\/\/johnywick.pl\/faq\/","og_site_name":"Sojowe \u015bwiece zapachowe - JohnyWick","article_modified_time":"2023-08-28T12:06:48+00:00","twitter_card":"summary_large_image","twitter_misc":{"Est. reading time":"2\u00a0Minuten"},"schema":{"@context":"https:\/\/schema.org","@graph":[{"@type":"WebPage","@id":"https:\/\/johnywick.pl\/faq\/","url":"https:\/\/johnywick.pl\/faq\/","name":"FAQ - Sojowe \u015bwiece zapachowe - JohnyWick","isPartOf":{"@id":"https:\/\/johnywick.pl\/#website"},"datePublished":"2021-07-16T07:55:19+00:00","dateModified":"2023-08-28T12:06:48+00:00","breadcrumb":{"@id":"https:\/\/johnywick.pl\/faq\/#breadcrumb"},"inLanguage":"de","potentialAction":[{"@type":"ReadAction","target":["https:\/\/johnywick.pl\/faq\/"]}]},{"@type":"BreadcrumbList","@id":"https:\/\/johnywick.pl\/faq\/#breadcrumb","itemListElement":[{"@type":"ListItem","position":1,"name":"Strona g\u0142\u00f3wna","item":"https:\/\/johnywick.pl\/"},{"@type":"ListItem","position":2,"name":"FAQ"}]},{"@type":"WebSite","@id":"https:\/\/johnywick.pl\/#website","url":"https:\/\/johnywick.pl\/","name":"Sojowe \u015bwiece zapachowe - JohnyWick","description":"Hersteller von Duftkerzen","publisher":{"@id":"https:\/\/johnywick.pl\/#organization"},"potentialAction":[{"@type":"SearchAction","target":{"@type":"EntryPoint","urlTemplate":"https:\/\/johnywick.pl\/?s={search_term_string}"},"query-input":{"@type":"PropertyValueSpecification","valueRequired":true,"valueName":"search_term_string"}}],"inLanguage":"de"},{"@type":"Organization","@id":"https:\/\/johnywick.pl\/#organization","name":"Sojowe \u015bwiece zapachowe - JohnyWick","url":"https:\/\/johnywick.pl\/","logo":{"@type":"ImageObject","inLanguage":"de","@id":"https:\/\/johnywick.pl\/#\/schema\/logo\/image\/","url":"https:\/\/johnywick.de\/wp-content\/uploads\/2022\/05\/logo-W-R.png","contentUrl":"https:\/\/johnywick.de\/wp-content\/uploads\/2022\/05\/logo-W-R.png","width":774,"height":468,"caption":"Sojowe \u015bwiece zapachowe - JohnyWick"},"image":{"@id":"https:\/\/johnywick.pl\/#\/schema\/logo\/image\/"}}]}},"_links":{"self":[{"href":"https:\/\/johnywick.de\/de\/wp-json\/wp\/v2\/pages\/5347","targetHints":{"allow":["GET"]}}],"collection":[{"href":"https:\/\/johnywick.de\/de\/wp-json\/wp\/v2\/pages"}],"about":[{"href":"https:\/\/johnywick.de\/de\/wp-json\/wp\/v2\/types\/page"}],"author":[{"embeddable":true,"href":"https:\/\/johnywick.de\/de\/wp-json\/wp\/v2\/users\/2"}],"replies":[{"embeddable":true,"href":"https:\/\/johnywick.de\/de\/wp-json\/wp\/v2\/comments?post=5347"}],"version-history":[{"count":1,"href":"https:\/\/johnywick.de\/de\/wp-json\/wp\/v2\/pages\/5347\/revisions"}],"predecessor-version":[{"id":37992,"href":"https:\/\/johnywick.de\/de\/wp-json\/wp\/v2\/pages\/5347\/revisions\/37992"}],"wp:attachment":[{"href":"https:\/\/johnywick.de\/de\/wp-json\/wp\/v2\/media?parent=5347"}],"curies":[{"name":"wp","href":"https:\/\/api.w.org\/{rel}","templated":true}]}}