
{"id":24473,"date":"2019-12-10T12:03:26","date_gmt":"2019-12-10T11:03:26","guid":{"rendered":"https:\/\/johnywick.pl\/?post_type=product&#038;p=24473"},"modified":"2026-03-17T00:03:52","modified_gmt":"2026-03-16T23:03:52","slug":"lesna-chata","status":"publish","type":"product","link":"https:\/\/johnywick.de\/de\/sklep-ze-swiecami\/lesna-chata\/","title":{"rendered":"Sojowa \u015bwieca zapachowa &#8211; Le\u015bna chata"},"content":{"rendered":"<div class=\"description-full-columns\">\n<div class=\"description-col1\">\n<div class=\"vc_column-inner\">\n<div class=\"wpb_wrapper\">\n<div class=\"wpb_text_column wpb_content_element\">\n<div class=\"wpb_wrapper\">\n<p><strong>WOSK:<\/strong><br \/>\n\u015awieca Johny Wick zosta\u0142a stworzona na bazie naturalnego wosku sojowego, w 100% ekologicznego, kt\u00f3ry jest biodegradowalny i nie wydziela toksyn, dzi\u0119ki czemu jest przyjazny i bezpieczny dla \u015brodowiska.<\/p>\n<p><strong>KNOT:<\/strong><br \/>\nKnoty u\u017cyte do produkcji \u015bwiec s\u0105 wykonane z naturalnej, niebielonej bawe\u0142ny. Posiadaj\u0105 certyfikat Vegan Friendly, a ich forma wykonania idealnie wsp\u00f3\u0142pracuje z naturalnym woskiem.<\/p>\n<p><strong>OLEJKI: <\/strong><br \/>\nWszystkie olejki u\u017cyte w procesie produkcji posiadaj\u0105 CERTYFIKAT ZGODNO\u015aCI IFRA.<\/p>\n<p><strong>OPAKOWANIE:<\/strong><br \/>\nNaczynie u\u017cyte do rozlewu \u015bwiec wykonane jest z wysokiej jako\u015bci surowc\u00f3w i charakteryzuje si\u0119 trwa\u0142o\u015bci\u0105 i solidno\u015bci\u0105. Nasze opakowania s\u0105 wielorazowego u\u017cytku, mog\u0105 by\u0107 wt\u00f3rnie wykorzystane, dzi\u0119ki czemu s\u0105 przyjazne dla \u015brodowiska.<\/p>\n<p><strong>WYKONANIE:<\/strong><br \/>\n\u015awiece Johny Wick to produkty rzemie\u015blnicze, wykonywane r\u0119cznie w ma\u0142ej pracowni ze szczeg\u00f3ln\u0105 staranno\u015bci\u0105 i dba\u0142o\u015bci\u0105 o detale.<\/p>\n<p>Dzi\u0119ki zastosowaniu naturalnych sk\u0142adnik\u00f3w i odpowiednich technik wykonania wyr\u00f3\u017cniaj\u0105 si\u0119 wysok\u0105 jako\u015bci\u0105 oraz lepszymi cechami u\u017cytkowymi \u2013 \u015bwiece stworzone na bazie naturalnego wosku pal\u0105 si\u0119 o wiele d\u0142u\u017cej i wydzielaj\u0105 bardziej intensywny zapach, ni\u017c \u015bwiece parafinowe.<\/p>\n<p><strong>\u015awiece Johny Wick to w 100% produkt polski!<\/strong><\/p>\n<\/div>\n<\/div>\n<\/div>\n<\/div>\n<\/div>\n<div class=\"description-col2\">\n<div class=\"vc_column-inner vc_custom_1490694541710\">\n<div class=\"wpb_wrapper\">\n<div class=\"vc_row wpb_row vc_inner vc_row-fluid\">\n<div class=\"description-col\">\n<div class=\"vc_column-inner\">\n<div class=\"wpb_wrapper\">\n<div class=\"info-box-wrapper\">\n<div id=\"wd-602394e83d9f8\" class=\"woodmart-info-box text-center box-icon-align-top box-style- color-scheme-dark woodmart-bg-none box-title-small\">\n<div class=\"box-icon-wrapper box-with-icon box-icon-simple\">\n<div class=\"info-box-icon\">\n<p><img loading=\"lazy\" decoding=\"async\" class=\"info-icon image-1\" title=\"ikona-gmo-t\u0142o\" src=\"https:\/\/johnywick.pl\/wp-content\/uploads\/2021\/07\/ikona-gmo-tlo-2-60x60-1.png\" alt=\"ikona-gmo-t\u0142o\" width=\"60\" height=\"60\" \/><\/p>\n<\/div>\n<\/div>\n<div class=\"info-box-content\">\n<h4 class=\"info-box-title woodmart-font-weight- box-title-style-default\">BEZ GMO<\/h4>\n<div class=\"info-box-inner reset-mb-10\">\n<h6>Wosk sojowy wolny od modyfikacji genetycznej.<\/h6>\n<\/div>\n<\/div>\n<\/div>\n<\/div>\n<\/div>\n<\/div>\n<\/div>\n<div class=\"description-col\">\n<div class=\"vc_column-inner\">\n<div class=\"wpb_wrapper\">\n<div class=\"info-box-wrapper\">\n<div id=\"wd-5fad4feb7377a\" class=\"woodmart-info-box text-center box-icon-align-top box-style- color-scheme-dark woodmart-bg-none box-title-small\">\n<div class=\"box-icon-wrapper box-with-icon box-icon-simple\">\n<div class=\"info-box-icon\">\n<p><img loading=\"lazy\" decoding=\"async\" class=\"info-icon image-1\" title=\"ikona waga t\u0142o\" src=\"https:\/\/johnywick.pl\/wp-content\/uploads\/2021\/07\/ikona-waga-tlo-60x60-1.png\" alt=\"ikona waga t\u0142o\" width=\"60\" height=\"60\" \/><\/p>\n<\/div>\n<\/div>\n<div class=\"info-box-content\">\n<h4 class=\"info-box-title woodmart-font-weight- box-title-style-default\">GRAMATURA<\/h4>\n<div class=\"info-box-inner reset-mb-10\">\n<h6>Mini \u015bwieca 100 g<br \/>\nMa\u0142a \u015bwieca 150 g<br \/>\n\u015arednia \u015bwieca 220 g<br \/>\nDu\u017ca \u015bwieca 330 g<\/h6>\n<\/div>\n<\/div>\n<\/div>\n<\/div>\n<\/div>\n<\/div>\n<\/div>\n<\/div>\n<div class=\"vc_row wpb_row vc_inner vc_row-fluid\">\n<div class=\"description-col\">\n<div class=\"vc_column-inner\">\n<div class=\"wpb_wrapper\">\n<div class=\"info-box-wrapper\">\n<div id=\"wd-5fad500751e05\" class=\"woodmart-info-box text-center box-icon-align-top box-style- color-scheme-dark woodmart-bg-none box-title-small\">\n<div class=\"box-icon-wrapper box-with-icon box-icon-simple\">\n<div class=\"info-box-icon\">\n<p><img loading=\"lazy\" decoding=\"async\" class=\"info-icon image-1\" title=\"ikona olejek t\u0142o\" src=\"https:\/\/johnywick.pl\/wp-content\/uploads\/2021\/07\/ikona-olejek-tlo-60x60-1.png\" alt=\"ikona olejek t\u0142o\" width=\"60\" height=\"60\" \/><\/p>\n<\/div>\n<\/div>\n<div class=\"info-box-content\">\n<h4 class=\"info-box-title woodmart-font-weight- box-title-style-default\">OLEJKI ZAPACHOWE<\/h4>\n<div class=\"info-box-inner reset-mb-10\">\n<h6>Certyfikowane oleje zapachowe o najwy\u017cszej jako\u015bci.<\/h6>\n<\/div>\n<\/div>\n<\/div>\n<\/div>\n<\/div>\n<\/div>\n<\/div>\n<div class=\"description-col\">\n<div class=\"vc_column-inner\">\n<div class=\"wpb_wrapper\">\n<div class=\"info-box-wrapper\">\n<div id=\"wd-5fad501cdcbda\" class=\"woodmart-info-box text-center box-icon-align-top box-style- color-scheme-dark woodmart-bg-none box-title-small\">\n<div class=\"box-icon-wrapper box-with-icon box-icon-simple\">\n<div class=\"info-box-icon\">\n<p><img loading=\"lazy\" decoding=\"async\" class=\"info-icon image-1\" title=\"ikona eco t\u0142o\" src=\"https:\/\/johnywick.pl\/wp-content\/uploads\/2021\/07\/ikona-eco-tlo-60x60-1.png\" alt=\"ikona eco t\u0142o\" width=\"60\" height=\"60\" \/><\/p>\n<\/div>\n<\/div>\n<div class=\"info-box-content\">\n<h4 class=\"info-box-title woodmart-font-weight- box-title-style-default\">EKO PRODUKT<\/h4>\n<div class=\"info-box-inner reset-mb-10\">\n<h6>\u015awieca wykonana z ekologicznych materia\u0142\u00f3w.<\/h6>\n<\/div>\n<\/div>\n<\/div>\n<\/div>\n<\/div>\n<\/div>\n<\/div>\n<\/div>\n<div class=\"vc_row wpb_row vc_inner vc_row-fluid\">\n<div class=\"description-col\">\n<div class=\"vc_column-inner\">\n<div class=\"wpb_wrapper\">\n<div class=\"info-box-wrapper\">\n<div id=\"wd-5fad502fa921e\" class=\"woodmart-info-box text-center box-icon-align-top box-style- color-scheme-dark woodmart-bg-none box-title-small\">\n<div class=\"box-icon-wrapper box-with-icon box-icon-simple\">\n<div class=\"info-box-icon\">\n<p><img loading=\"lazy\" decoding=\"async\" class=\"info-icon image-1\" title=\"ikona r\u0119ka t\u0142o\" src=\"https:\/\/johnywick.pl\/wp-content\/uploads\/2021\/07\/ikona-reka-tlo-60x60-1.png\" alt=\"ikona r\u0119ka t\u0142o\" width=\"60\" height=\"60\" \/><\/p>\n<\/div>\n<\/div>\n<div class=\"info-box-content\">\n<h4 class=\"info-box-title woodmart-font-weight- box-title-style-default\">WYKONANIE<\/h4>\n<div class=\"info-box-inner reset-mb-10\">\n<h6>Ka\u017cda \u015bwieca wykonywana jest r\u0119cznie.<\/h6>\n<\/div>\n<\/div>\n<\/div>\n<\/div>\n<\/div>\n<\/div>\n<\/div>\n<div class=\"description-col\">\n<div class=\"vc_column-inner\">\n<div class=\"wpb_wrapper\">\n<div class=\"info-box-wrapper\">\n<div id=\"wd-6023950ca8088\" class=\"woodmart-info-box text-center box-icon-align-top box-style- color-scheme-dark woodmart-bg-none box-title-small\">\n<div class=\"box-icon-wrapper box-with-icon box-icon-simple\">\n<div class=\"info-box-icon\">\n<p><img loading=\"lazy\" decoding=\"async\" class=\"info-icon image-1\" title=\"ikona s\u0142oik t\u0142o\" src=\"https:\/\/johnywick.pl\/wp-content\/uploads\/2021\/07\/ikona-sloik-tlo-60x60-1.png \" alt=\"ikona s\u0142oik t\u0142o\" width=\"60\" height=\"60\" \/><\/p>\n<\/div>\n<\/div>\n<div class=\"info-box-content\">\n<h4 class=\"info-box-title woodmart-font-weight- box-title-style-default\">OPAKOWANIE<\/h4>\n<div class=\"info-box-inner reset-mb-10\">\n<h6>Szklane naczynie z drewnianym wieczkiem do ponownego wykorzystania.<\/h6>\n<\/div>\n<\/div>\n<\/div>\n<\/div>\n<\/div>\n<\/div>\n<\/div>\n<\/div>\n<\/div>\n<\/div>\n<\/div>\n<\/div>","protected":false},"excerpt":{"rendered":"<p>Ten niezwykle m\u0119ski zapach \u015bwiecy sojowej mo\u017ce sprawi\u0107 \u00a0Ci wiele przyjemno\u015bci. Odnajdziesz tutaj nut\u0119 \u015bwie\u017co oderwanej kory, \u00a0drzewa sosnowego czy mchu. R\u00f3\u017cnorodno\u015bci nadaje mu aromat \u015bwie\u017cego eukaliptusa, li\u015bcie cytryny oraz geranium. Pozw\u00f3l mi pokaza\u0107 Ci jak pachnie ta \u015bwieca a z pewno\u015bci\u0105 przyznasz mi rac\u0119!<\/p>","protected":false},"featured_media":32013,"template":"","meta":{"_acf_changed":false},"product_brand":[],"product_cat":[242,51],"product_tag":[],"class_list":{"0":"post-24473","1":"product","2":"type-product","3":"status-publish","4":"has-post-thumbnail","6":"product_cat-drzewne","7":"product_cat-swiece-sojowe","8":"pa_kategorie-produktow-swiece-sojowe","9":"pa_pojemnosc-100g","10":"pa_pojemnosc-150g","11":"pa_pojemnosc-220g","12":"pa_pojemnosc-300g","13":"pa_pojemnosc-probka","14":"pa_zapachy-drzewne","15":"sales-flash-overlay","16":"woocommerce-text-align-center","17":"woocommerce-image-align-center","18":"do-quantity-buttons","19":"wc-has-gallery","21":"first","22":"instock","23":"sold-individually","24":"taxable","25":"shipping-taxable","26":"purchasable","27":"product-type-variable"},"acf":[],"yoast_head":"<!-- This site is optimized with the Yoast SEO plugin v26.8 - https:\/\/yoast.com\/product\/yoast-seo-wordpress\/ -->\n<title>Sojowa \u015bwieca zapachowa - Le\u015bna chata - Sojowe \u015bwiece zapachowe - JohnyWick<\/title>\n<meta name=\"robots\" content=\"index, follow, max-snippet:-1, max-image-preview:large, max-video-preview:-1\" \/>\n<link rel=\"canonical\" href=\"https:\/\/johnywick.pl\/sklep-ze-swiecami\/lesna-chata\/\" \/>\n<meta property=\"og:locale\" content=\"de_DE\" \/>\n<meta property=\"og:type\" content=\"article\" \/>\n<meta property=\"og:title\" content=\"Sojowa \u015bwieca zapachowa - Le\u015bna chata - Sojowe \u015bwiece zapachowe - JohnyWick\" \/>\n<meta property=\"og:description\" content=\"Ten niezwykle m\u0119ski zapach \u015bwiecy sojowej mo\u017ce sprawi\u0107 \u00a0Ci wiele przyjemno\u015bci. Odnajdziesz tutaj nut\u0119 \u015bwie\u017co oderwanej kory, \u00a0drzewa sosnowego czy mchu. R\u00f3\u017cnorodno\u015bci nadaje mu aromat \u015bwie\u017cego eukaliptusa, li\u015bcie cytryny oraz geranium. Pozw\u00f3l mi pokaza\u0107 Ci jak pachnie ta \u015bwieca a z pewno\u015bci\u0105 przyznasz mi rac\u0119!\" \/>\n<meta property=\"og:url\" content=\"https:\/\/johnywick.pl\/sklep-ze-swiecami\/lesna-chata\/\" \/>\n<meta property=\"og:site_name\" content=\"Sojowe \u015bwiece zapachowe - JohnyWick\" \/>\n<meta property=\"article:modified_time\" content=\"2026-03-16T23:03:52+00:00\" \/>\n<meta property=\"og:image\" content=\"https:\/\/johnywick.pl\/wp-content\/uploads\/2022\/03\/swieca-sojowa-zapachowa-lesna-chata.jpg\" \/>\n\t<meta property=\"og:image:width\" content=\"1080\" \/>\n\t<meta property=\"og:image:height\" content=\"1080\" \/>\n\t<meta property=\"og:image:type\" content=\"image\/jpeg\" \/>\n<meta name=\"twitter:card\" content=\"summary_large_image\" \/>\n<meta name=\"twitter:label1\" content=\"Est. reading time\" \/>\n\t<meta name=\"twitter:data1\" content=\"3\u00a0Minuten\" \/>\n<script type=\"application\/ld+json\" class=\"yoast-schema-graph\">{\"@context\":\"https:\/\/schema.org\",\"@graph\":[{\"@type\":\"WebPage\",\"@id\":\"https:\/\/johnywick.pl\/sklep-ze-swiecami\/lesna-chata\/\",\"url\":\"https:\/\/johnywick.pl\/sklep-ze-swiecami\/lesna-chata\/\",\"name\":\"Sojowa \u015bwieca zapachowa - Le\u015bna chata - Sojowe \u015bwiece zapachowe - JohnyWick\",\"isPartOf\":{\"@id\":\"https:\/\/johnywick.pl\/#website\"},\"primaryImageOfPage\":{\"@id\":\"https:\/\/johnywick.pl\/sklep-ze-swiecami\/lesna-chata\/#primaryimage\"},\"image\":{\"@id\":\"https:\/\/johnywick.pl\/sklep-ze-swiecami\/lesna-chata\/#primaryimage\"},\"thumbnailUrl\":\"https:\/\/johnywick.de\/wp-content\/uploads\/2022\/03\/swieca-sojowa-zapachowa-lesna-chata.jpg\",\"datePublished\":\"2019-12-10T11:03:26+00:00\",\"dateModified\":\"2026-03-16T23:03:52+00:00\",\"breadcrumb\":{\"@id\":\"https:\/\/johnywick.pl\/sklep-ze-swiecami\/lesna-chata\/#breadcrumb\"},\"inLanguage\":\"de\",\"potentialAction\":[{\"@type\":\"ReadAction\",\"target\":[\"https:\/\/johnywick.pl\/sklep-ze-swiecami\/lesna-chata\/\"]}]},{\"@type\":\"ImageObject\",\"inLanguage\":\"de\",\"@id\":\"https:\/\/johnywick.pl\/sklep-ze-swiecami\/lesna-chata\/#primaryimage\",\"url\":\"https:\/\/johnywick.de\/wp-content\/uploads\/2022\/03\/swieca-sojowa-zapachowa-lesna-chata.jpg\",\"contentUrl\":\"https:\/\/johnywick.de\/wp-content\/uploads\/2022\/03\/swieca-sojowa-zapachowa-lesna-chata.jpg\",\"width\":1080,\"height\":1080,\"caption\":\"\u015bwieca sojowa zapachowa le\u015bna chata\"},{\"@type\":\"BreadcrumbList\",\"@id\":\"https:\/\/johnywick.pl\/sklep-ze-swiecami\/lesna-chata\/#breadcrumb\",\"itemListElement\":[{\"@type\":\"ListItem\",\"position\":1,\"name\":\"Strona g\u0142\u00f3wna\",\"item\":\"https:\/\/johnywick.pl\/\"},{\"@type\":\"ListItem\",\"position\":2,\"name\":\"Sklep\",\"item\":\"https:\/\/johnywick.pl\/sklep\/\"},{\"@type\":\"ListItem\",\"position\":3,\"name\":\"Sojowa \u015bwieca zapachowa &#8211; Le\u015bna chata\"}]},{\"@type\":\"WebSite\",\"@id\":\"https:\/\/johnywick.pl\/#website\",\"url\":\"https:\/\/johnywick.pl\/\",\"name\":\"Sojowe \u015bwiece zapachowe - JohnyWick\",\"description\":\"Producent \u015bwiec zapachowych\",\"publisher\":{\"@id\":\"https:\/\/johnywick.pl\/#organization\"},\"potentialAction\":[{\"@type\":\"SearchAction\",\"target\":{\"@type\":\"EntryPoint\",\"urlTemplate\":\"https:\/\/johnywick.pl\/?s={search_term_string}\"},\"query-input\":{\"@type\":\"PropertyValueSpecification\",\"valueRequired\":true,\"valueName\":\"search_term_string\"}}],\"inLanguage\":\"de\"},{\"@type\":\"Organization\",\"@id\":\"https:\/\/johnywick.pl\/#organization\",\"name\":\"Sojowe \u015bwiece zapachowe - JohnyWick\",\"url\":\"https:\/\/johnywick.pl\/\",\"logo\":{\"@type\":\"ImageObject\",\"inLanguage\":\"de\",\"@id\":\"https:\/\/johnywick.pl\/#\/schema\/logo\/image\/\",\"url\":\"https:\/\/johnywick.de\/wp-content\/uploads\/2022\/05\/logo-W-R.png\",\"contentUrl\":\"https:\/\/johnywick.de\/wp-content\/uploads\/2022\/05\/logo-W-R.png\",\"width\":774,\"height\":468,\"caption\":\"Sojowe \u015bwiece zapachowe - JohnyWick\"},\"image\":{\"@id\":\"https:\/\/johnywick.pl\/#\/schema\/logo\/image\/\"}}]}<\/script>\n<!-- \/ Yoast SEO plugin. -->","yoast_head_json":{"title":"Sojowa \u015bwieca zapachowa - Le\u015bna chata - Sojowe \u015bwiece zapachowe - JohnyWick","robots":{"index":"index","follow":"follow","max-snippet":"max-snippet:-1","max-image-preview":"max-image-preview:large","max-video-preview":"max-video-preview:-1"},"canonical":"https:\/\/johnywick.pl\/sklep-ze-swiecami\/lesna-chata\/","og_locale":"de_DE","og_type":"article","og_title":"Sojowa \u015bwieca zapachowa - Le\u015bna chata - Sojowe \u015bwiece zapachowe - JohnyWick","og_description":"Ten niezwykle m\u0119ski zapach \u015bwiecy sojowej mo\u017ce sprawi\u0107 \u00a0Ci wiele przyjemno\u015bci. Odnajdziesz tutaj nut\u0119 \u015bwie\u017co oderwanej kory, \u00a0drzewa sosnowego czy mchu. R\u00f3\u017cnorodno\u015bci nadaje mu aromat \u015bwie\u017cego eukaliptusa, li\u015bcie cytryny oraz geranium. Pozw\u00f3l mi pokaza\u0107 Ci jak pachnie ta \u015bwieca a z pewno\u015bci\u0105 przyznasz mi rac\u0119!","og_url":"https:\/\/johnywick.pl\/sklep-ze-swiecami\/lesna-chata\/","og_site_name":"Sojowe \u015bwiece zapachowe - JohnyWick","article_modified_time":"2026-03-16T23:03:52+00:00","og_image":[{"width":1080,"height":1080,"url":"https:\/\/johnywick.pl\/wp-content\/uploads\/2022\/03\/swieca-sojowa-zapachowa-lesna-chata.jpg","type":"image\/jpeg"}],"twitter_card":"summary_large_image","twitter_misc":{"Est. reading time":"3\u00a0Minuten"},"schema":{"@context":"https:\/\/schema.org","@graph":[{"@type":"WebPage","@id":"https:\/\/johnywick.pl\/sklep-ze-swiecami\/lesna-chata\/","url":"https:\/\/johnywick.pl\/sklep-ze-swiecami\/lesna-chata\/","name":"Sojowa \u015bwieca zapachowa - Le\u015bna chata - Sojowe \u015bwiece zapachowe - JohnyWick","isPartOf":{"@id":"https:\/\/johnywick.pl\/#website"},"primaryImageOfPage":{"@id":"https:\/\/johnywick.pl\/sklep-ze-swiecami\/lesna-chata\/#primaryimage"},"image":{"@id":"https:\/\/johnywick.pl\/sklep-ze-swiecami\/lesna-chata\/#primaryimage"},"thumbnailUrl":"https:\/\/johnywick.de\/wp-content\/uploads\/2022\/03\/swieca-sojowa-zapachowa-lesna-chata.jpg","datePublished":"2019-12-10T11:03:26+00:00","dateModified":"2026-03-16T23:03:52+00:00","breadcrumb":{"@id":"https:\/\/johnywick.pl\/sklep-ze-swiecami\/lesna-chata\/#breadcrumb"},"inLanguage":"de","potentialAction":[{"@type":"ReadAction","target":["https:\/\/johnywick.pl\/sklep-ze-swiecami\/lesna-chata\/"]}]},{"@type":"ImageObject","inLanguage":"de","@id":"https:\/\/johnywick.pl\/sklep-ze-swiecami\/lesna-chata\/#primaryimage","url":"https:\/\/johnywick.de\/wp-content\/uploads\/2022\/03\/swieca-sojowa-zapachowa-lesna-chata.jpg","contentUrl":"https:\/\/johnywick.de\/wp-content\/uploads\/2022\/03\/swieca-sojowa-zapachowa-lesna-chata.jpg","width":1080,"height":1080,"caption":"\u015bwieca sojowa zapachowa le\u015bna chata"},{"@type":"BreadcrumbList","@id":"https:\/\/johnywick.pl\/sklep-ze-swiecami\/lesna-chata\/#breadcrumb","itemListElement":[{"@type":"ListItem","position":1,"name":"Strona g\u0142\u00f3wna","item":"https:\/\/johnywick.pl\/"},{"@type":"ListItem","position":2,"name":"Sklep","item":"https:\/\/johnywick.pl\/sklep\/"},{"@type":"ListItem","position":3,"name":"Sojowa \u015bwieca zapachowa &#8211; Le\u015bna chata"}]},{"@type":"WebSite","@id":"https:\/\/johnywick.pl\/#website","url":"https:\/\/johnywick.pl\/","name":"Sojowe \u015bwiece zapachowe - JohnyWick","description":"Hersteller von Duftkerzen","publisher":{"@id":"https:\/\/johnywick.pl\/#organization"},"potentialAction":[{"@type":"SearchAction","target":{"@type":"EntryPoint","urlTemplate":"https:\/\/johnywick.pl\/?s={search_term_string}"},"query-input":{"@type":"PropertyValueSpecification","valueRequired":true,"valueName":"search_term_string"}}],"inLanguage":"de"},{"@type":"Organization","@id":"https:\/\/johnywick.pl\/#organization","name":"Sojowe \u015bwiece zapachowe - JohnyWick","url":"https:\/\/johnywick.pl\/","logo":{"@type":"ImageObject","inLanguage":"de","@id":"https:\/\/johnywick.pl\/#\/schema\/logo\/image\/","url":"https:\/\/johnywick.de\/wp-content\/uploads\/2022\/05\/logo-W-R.png","contentUrl":"https:\/\/johnywick.de\/wp-content\/uploads\/2022\/05\/logo-W-R.png","width":774,"height":468,"caption":"Sojowe \u015bwiece zapachowe - JohnyWick"},"image":{"@id":"https:\/\/johnywick.pl\/#\/schema\/logo\/image\/"}}]}},"_links":{"self":[{"href":"https:\/\/johnywick.de\/de\/wp-json\/wp\/v2\/product\/24473","targetHints":{"allow":["GET"]}}],"collection":[{"href":"https:\/\/johnywick.de\/de\/wp-json\/wp\/v2\/product"}],"about":[{"href":"https:\/\/johnywick.de\/de\/wp-json\/wp\/v2\/types\/product"}],"wp:featuredmedia":[{"embeddable":true,"href":"https:\/\/johnywick.de\/de\/wp-json\/wp\/v2\/media\/32013"}],"wp:attachment":[{"href":"https:\/\/johnywick.de\/de\/wp-json\/wp\/v2\/media?parent=24473"}],"wp:term":[{"taxonomy":"product_brand","embeddable":true,"href":"https:\/\/johnywick.de\/de\/wp-json\/wp\/v2\/product_brand?post=24473"},{"taxonomy":"product_cat","embeddable":true,"href":"https:\/\/johnywick.de\/de\/wp-json\/wp\/v2\/product_cat?post=24473"},{"taxonomy":"product_tag","embeddable":true,"href":"https:\/\/johnywick.de\/de\/wp-json\/wp\/v2\/product_tag?post=24473"}],"curies":[{"name":"wp","href":"https:\/\/api.w.org\/{rel}","templated":true}]}}