
{"id":28575,"date":"2021-06-01T15:15:54","date_gmt":"2021-06-01T13:15:54","guid":{"rendered":"https:\/\/johnywick.pl\/?post_type=product&#038;p=28575"},"modified":"2025-12-12T17:43:44","modified_gmt":"2025-12-12T16:43:44","slug":"tealighty-sojowe-podgrzewacze-14-sztuk","status":"publish","type":"product","link":"https:\/\/johnywick.de\/de\/sklep-ze-swiecami\/tealighty-sojowe-podgrzewacze-14-sztuk\/","title":{"rendered":"Tealighty sojowe &#8211; podgrzewacze 14 sztuk"},"content":{"rendered":"<div class=\"description-full-columns\">\n<div class=\"description-col1\">\n<div class=\"vc_column-inner\">\n<div class=\"wpb_wrapper\">\n<div class=\"wpb_text_column wpb_content_element\">\n<div class=\"wpb_wrapper\">\n<p><strong>WOSK:<\/strong><br \/>\nTealight sojowy Johny Wick zosta\u0142 stworzony na bazie naturalnego wosku sojowego, w 100% ekologicznego, kt\u00f3ry jest biodegradowalny i nie wydziela toksyn, dzi\u0119ki czemu jest przyjazny i bezpieczny dla \u015brodowiska.<\/p>\n<p><strong>KNOT: <\/strong><br \/>\nKnoty u\u017cyte do produkcji podgrzewaczy s\u0105 wykonane z naturalnej, niebielonej bawe\u0142ny.<\/p>\n<p><strong>Tealight sojowy Johny Wick to w 100% produkt polski!<\/strong><\/p>\n<\/div>\n<\/div>\n<\/div>\n<\/div>\n<\/div>\n<div class=\"description-col2\">\n<div class=\"vc_column-inner vc_custom_1490694541710\">\n<div class=\"wpb_wrapper\">\n<div class=\"vc_row wpb_row vc_inner vc_row-fluid\">\n<div class=\"description-col\">\n<div class=\"vc_column-inner\">\n<div class=\"wpb_wrapper\">\n<div class=\"info-box-wrapper\">\n<div id=\"wd-602394e83d9f8\" class=\"woodmart-info-box text-center box-icon-align-top box-style- color-scheme-dark woodmart-bg-none box-title-small\">\n<div class=\"box-icon-wrapper box-with-icon box-icon-simple\">\n<div class=\"info-box-icon\">\n<p><img loading=\"lazy\" decoding=\"async\" class=\"info-icon image-1\" title=\"ikona-material-t\u0142o\" src=\"https:\/\/johnywick.pl\/wp-content\/uploads\/2021\/11\/Ikonka-2.png\" alt=\"ikona-material\" width=\"60\" height=\"60\" \/><\/p>\n<\/div>\n<\/div>\n<div class=\"info-box-content\">\n<h4 class=\"info-box-title woodmart-font-weight- box-title-style-default\">WYKONANIE<\/h4>\n<div class=\"info-box-inner reset-mb-10\">\n<h6>Pomimo swojej wielko\u015bci ka\u017cdy tealight wykonany jest r\u0119cznie w naszej pracowni<\/h6>\n<\/div>\n<\/div>\n<\/div>\n<\/div>\n<\/div>\n<\/div>\n<\/div>\n<div class=\"description-col\">\n<div class=\"vc_column-inner\">\n<div class=\"wpb_wrapper\">\n<div class=\"info-box-wrapper\">\n<div id=\"wd-5fad4feb7377a\" class=\"woodmart-info-box text-center box-icon-align-top box-style- color-scheme-dark woodmart-bg-none box-title-small\">\n<div class=\"box-icon-wrapper box-with-icon box-icon-simple\">\n<div class=\"info-box-icon\">\n<p><img loading=\"lazy\" decoding=\"async\" class=\"info-icon image-1\" title=\"ikona material t\u0142o\" src=\"https:\/\/johnywick.pl\/wp-content\/uploads\/2021\/11\/Ikonka-5.png\" alt=\"ikona material t\u0142o\" width=\"60\" height=\"60\" \/><\/p>\n<\/div>\n<\/div>\n<div class=\"info-box-content\">\n<h4 class=\"info-box-title woodmart-font-weight- box-title-style-default\">MATERIA\u0141<\/h4>\n<div class=\"info-box-inner reset-mb-10\">\n<h6>Aluminiowa blaszka<br \/>\nWosk sojowy<br \/>\nNiebielone knoty<\/h6>\n<\/div>\n<\/div>\n<\/div>\n<\/div>\n<\/div>\n<\/div>\n<\/div>\n<\/div>\n<div class=\"vc_row wpb_row vc_inner vc_row-fluid\">\n<div class=\"description-col\">\n<div class=\"vc_column-inner\">\n<div class=\"wpb_wrapper\">\n<div class=\"info-box-wrapper\">\n<div id=\"wd-5fad500751e05\" class=\"woodmart-info-box text-center box-icon-align-top box-style- color-scheme-dark woodmart-bg-none box-title-small\">\n<div class=\"box-icon-wrapper box-with-icon box-icon-simple\">\n<div class=\"info-box-icon\">\n<p><img loading=\"lazy\" decoding=\"async\" class=\"info-icon image-1\" title=\"ikona olejek t\u0142o\" src=\"https:\/\/johnywick.pl\/wp-content\/uploads\/2021\/11\/Ikonka-7.png\" alt=\"ikona olejek t\u0142o\" width=\"60\" height=\"60\" \/><\/p>\n<\/div>\n<\/div>\n<div class=\"info-box-content\">\n<h4 class=\"info-box-title woodmart-font-weight- box-title-style-default\">WYMIARY<\/h4>\n<div class=\"info-box-inner reset-mb-10\">\n<h6>Aluminiowa blaszka &#8211; 37,5 mm x 15<\/h6>\n<\/div>\n<\/div>\n<\/div>\n<\/div>\n<\/div>\n<\/div>\n<\/div>\n<\/div>\n<\/div>\n<\/div>\n<\/div>\n<\/div>","protected":false},"excerpt":{"rendered":"<p>Sta\u0142o si\u0119! Moje kominki do wosk\u00f3w zapachowych b\u0119d\u0105 kompletne. Nareszcie mam dla Ciebie tealighty sojowe, kt\u00f3re idealnie rozgrzej\u0105 ceramiczn\u0105 miseczk\u0119 lub stworz\u0105 niepowtarzalny klimat podczas d\u0142ugiej i relaksuj\u0105cej k\u0105pieli. Podgrzewacze s\u0105 naturalne i pomimo swoich rozmiar\u00f3w wytwarzane r\u0119cznie z zachowaniem wszelkiej staranno\u015bci. W proponowanym dla Ciebie zestawie znajdziesz 14 sztuk tealight\u00f3w sojowych.<\/p>","protected":false},"featured_media":29457,"template":"","meta":{"_acf_changed":false},"product_brand":[],"product_cat":[268],"product_tag":[],"class_list":{"0":"post-28575","1":"product","2":"type-product","3":"status-publish","4":"has-post-thumbnail","6":"product_cat-podgrzewacze-sojowe","7":"pa_kategorie-produktow-podgrzewacze-sojowe","8":"sales-flash-overlay","9":"woocommerce-text-align-center","10":"woocommerce-image-align-center","11":"do-quantity-buttons","13":"first","14":"outofstock","15":"taxable","16":"shipping-taxable","17":"purchasable","18":"product-type-simple"},"acf":[],"yoast_head":"<!-- This site is optimized with the Yoast SEO plugin v26.8 - https:\/\/yoast.com\/product\/yoast-seo-wordpress\/ -->\n<title>Tealighty sojowe - podgrzewacze 14 sztuk - Sojowe \u015bwiece zapachowe - JohnyWick<\/title>\n<meta name=\"robots\" content=\"index, follow, max-snippet:-1, max-image-preview:large, max-video-preview:-1\" \/>\n<link rel=\"canonical\" href=\"https:\/\/johnywick.pl\/sklep-ze-swiecami\/tealighty-sojowe-podgrzewacze-14-sztuk\/\" \/>\n<meta property=\"og:locale\" content=\"de_DE\" \/>\n<meta property=\"og:type\" content=\"article\" \/>\n<meta property=\"og:title\" content=\"Tealighty sojowe - podgrzewacze 14 sztuk - Sojowe \u015bwiece zapachowe - JohnyWick\" \/>\n<meta property=\"og:description\" content=\"Sta\u0142o si\u0119! Moje kominki do wosk\u00f3w zapachowych b\u0119d\u0105 kompletne. Nareszcie mam dla Ciebie tealighty sojowe, kt\u00f3re idealnie rozgrzej\u0105 ceramiczn\u0105 miseczk\u0119 lub stworz\u0105 niepowtarzalny klimat podczas d\u0142ugiej i relaksuj\u0105cej k\u0105pieli. Podgrzewacze s\u0105 naturalne i pomimo swoich rozmiar\u00f3w wytwarzane r\u0119cznie z zachowaniem wszelkiej staranno\u015bci. W proponowanym dla Ciebie zestawie znajdziesz 14 sztuk tealight\u00f3w sojowych.\" \/>\n<meta property=\"og:url\" content=\"https:\/\/johnywick.pl\/sklep-ze-swiecami\/tealighty-sojowe-podgrzewacze-14-sztuk\/\" \/>\n<meta property=\"og:site_name\" content=\"Sojowe \u015bwiece zapachowe - JohnyWick\" \/>\n<meta property=\"article:modified_time\" content=\"2025-12-12T16:43:44+00:00\" \/>\n<meta property=\"og:image\" content=\"https:\/\/johnywick.pl\/wp-content\/uploads\/2021\/06\/tealight-ed.jpg\" \/>\n\t<meta property=\"og:image:width\" content=\"1200\" \/>\n\t<meta property=\"og:image:height\" content=\"1200\" \/>\n\t<meta property=\"og:image:type\" content=\"image\/jpeg\" \/>\n<meta name=\"twitter:card\" content=\"summary_large_image\" \/>\n<meta name=\"twitter:label1\" content=\"Est. reading time\" \/>\n\t<meta name=\"twitter:data1\" content=\"2\u00a0Minuten\" \/>\n<script type=\"application\/ld+json\" class=\"yoast-schema-graph\">{\"@context\":\"https:\/\/schema.org\",\"@graph\":[{\"@type\":\"WebPage\",\"@id\":\"https:\/\/johnywick.pl\/sklep-ze-swiecami\/tealighty-sojowe-podgrzewacze-14-sztuk\/\",\"url\":\"https:\/\/johnywick.pl\/sklep-ze-swiecami\/tealighty-sojowe-podgrzewacze-14-sztuk\/\",\"name\":\"Tealighty sojowe - podgrzewacze 14 sztuk - Sojowe \u015bwiece zapachowe - JohnyWick\",\"isPartOf\":{\"@id\":\"https:\/\/johnywick.pl\/#website\"},\"primaryImageOfPage\":{\"@id\":\"https:\/\/johnywick.pl\/sklep-ze-swiecami\/tealighty-sojowe-podgrzewacze-14-sztuk\/#primaryimage\"},\"image\":{\"@id\":\"https:\/\/johnywick.pl\/sklep-ze-swiecami\/tealighty-sojowe-podgrzewacze-14-sztuk\/#primaryimage\"},\"thumbnailUrl\":\"https:\/\/johnywick.de\/wp-content\/uploads\/2021\/06\/tealight-ed.jpg\",\"datePublished\":\"2021-06-01T13:15:54+00:00\",\"dateModified\":\"2025-12-12T16:43:44+00:00\",\"breadcrumb\":{\"@id\":\"https:\/\/johnywick.pl\/sklep-ze-swiecami\/tealighty-sojowe-podgrzewacze-14-sztuk\/#breadcrumb\"},\"inLanguage\":\"de\",\"potentialAction\":[{\"@type\":\"ReadAction\",\"target\":[\"https:\/\/johnywick.pl\/sklep-ze-swiecami\/tealighty-sojowe-podgrzewacze-14-sztuk\/\"]}]},{\"@type\":\"ImageObject\",\"inLanguage\":\"de\",\"@id\":\"https:\/\/johnywick.pl\/sklep-ze-swiecami\/tealighty-sojowe-podgrzewacze-14-sztuk\/#primaryimage\",\"url\":\"https:\/\/johnywick.de\/wp-content\/uploads\/2021\/06\/tealight-ed.jpg\",\"contentUrl\":\"https:\/\/johnywick.de\/wp-content\/uploads\/2021\/06\/tealight-ed.jpg\",\"width\":1200,\"height\":1200,\"caption\":\"tealighty sojowe\"},{\"@type\":\"BreadcrumbList\",\"@id\":\"https:\/\/johnywick.pl\/sklep-ze-swiecami\/tealighty-sojowe-podgrzewacze-14-sztuk\/#breadcrumb\",\"itemListElement\":[{\"@type\":\"ListItem\",\"position\":1,\"name\":\"Strona g\u0142\u00f3wna\",\"item\":\"https:\/\/johnywick.pl\/\"},{\"@type\":\"ListItem\",\"position\":2,\"name\":\"Sklep\",\"item\":\"https:\/\/johnywick.pl\/sklep\/\"},{\"@type\":\"ListItem\",\"position\":3,\"name\":\"Tealighty sojowe &#8211; podgrzewacze 14 sztuk\"}]},{\"@type\":\"WebSite\",\"@id\":\"https:\/\/johnywick.pl\/#website\",\"url\":\"https:\/\/johnywick.pl\/\",\"name\":\"Sojowe \u015bwiece zapachowe - JohnyWick\",\"description\":\"Producent \u015bwiec zapachowych\",\"publisher\":{\"@id\":\"https:\/\/johnywick.pl\/#organization\"},\"potentialAction\":[{\"@type\":\"SearchAction\",\"target\":{\"@type\":\"EntryPoint\",\"urlTemplate\":\"https:\/\/johnywick.pl\/?s={search_term_string}\"},\"query-input\":{\"@type\":\"PropertyValueSpecification\",\"valueRequired\":true,\"valueName\":\"search_term_string\"}}],\"inLanguage\":\"de\"},{\"@type\":\"Organization\",\"@id\":\"https:\/\/johnywick.pl\/#organization\",\"name\":\"Sojowe \u015bwiece zapachowe - JohnyWick\",\"url\":\"https:\/\/johnywick.pl\/\",\"logo\":{\"@type\":\"ImageObject\",\"inLanguage\":\"de\",\"@id\":\"https:\/\/johnywick.pl\/#\/schema\/logo\/image\/\",\"url\":\"https:\/\/johnywick.de\/wp-content\/uploads\/2022\/05\/logo-W-R.png\",\"contentUrl\":\"https:\/\/johnywick.de\/wp-content\/uploads\/2022\/05\/logo-W-R.png\",\"width\":774,\"height\":468,\"caption\":\"Sojowe \u015bwiece zapachowe - JohnyWick\"},\"image\":{\"@id\":\"https:\/\/johnywick.pl\/#\/schema\/logo\/image\/\"}}]}<\/script>\n<!-- \/ Yoast SEO plugin. -->","yoast_head_json":{"title":"Tealighty sojowe - podgrzewacze 14 sztuk - Sojowe \u015bwiece zapachowe - JohnyWick","robots":{"index":"index","follow":"follow","max-snippet":"max-snippet:-1","max-image-preview":"max-image-preview:large","max-video-preview":"max-video-preview:-1"},"canonical":"https:\/\/johnywick.pl\/sklep-ze-swiecami\/tealighty-sojowe-podgrzewacze-14-sztuk\/","og_locale":"de_DE","og_type":"article","og_title":"Tealighty sojowe - podgrzewacze 14 sztuk - Sojowe \u015bwiece zapachowe - JohnyWick","og_description":"Sta\u0142o si\u0119! Moje kominki do wosk\u00f3w zapachowych b\u0119d\u0105 kompletne. Nareszcie mam dla Ciebie tealighty sojowe, kt\u00f3re idealnie rozgrzej\u0105 ceramiczn\u0105 miseczk\u0119 lub stworz\u0105 niepowtarzalny klimat podczas d\u0142ugiej i relaksuj\u0105cej k\u0105pieli. Podgrzewacze s\u0105 naturalne i pomimo swoich rozmiar\u00f3w wytwarzane r\u0119cznie z zachowaniem wszelkiej staranno\u015bci. W proponowanym dla Ciebie zestawie znajdziesz 14 sztuk tealight\u00f3w sojowych.","og_url":"https:\/\/johnywick.pl\/sklep-ze-swiecami\/tealighty-sojowe-podgrzewacze-14-sztuk\/","og_site_name":"Sojowe \u015bwiece zapachowe - JohnyWick","article_modified_time":"2025-12-12T16:43:44+00:00","og_image":[{"width":1200,"height":1200,"url":"https:\/\/johnywick.pl\/wp-content\/uploads\/2021\/06\/tealight-ed.jpg","type":"image\/jpeg"}],"twitter_card":"summary_large_image","twitter_misc":{"Est. reading time":"2\u00a0Minuten"},"schema":{"@context":"https:\/\/schema.org","@graph":[{"@type":"WebPage","@id":"https:\/\/johnywick.pl\/sklep-ze-swiecami\/tealighty-sojowe-podgrzewacze-14-sztuk\/","url":"https:\/\/johnywick.pl\/sklep-ze-swiecami\/tealighty-sojowe-podgrzewacze-14-sztuk\/","name":"Tealighty sojowe - podgrzewacze 14 sztuk - Sojowe \u015bwiece zapachowe - JohnyWick","isPartOf":{"@id":"https:\/\/johnywick.pl\/#website"},"primaryImageOfPage":{"@id":"https:\/\/johnywick.pl\/sklep-ze-swiecami\/tealighty-sojowe-podgrzewacze-14-sztuk\/#primaryimage"},"image":{"@id":"https:\/\/johnywick.pl\/sklep-ze-swiecami\/tealighty-sojowe-podgrzewacze-14-sztuk\/#primaryimage"},"thumbnailUrl":"https:\/\/johnywick.de\/wp-content\/uploads\/2021\/06\/tealight-ed.jpg","datePublished":"2021-06-01T13:15:54+00:00","dateModified":"2025-12-12T16:43:44+00:00","breadcrumb":{"@id":"https:\/\/johnywick.pl\/sklep-ze-swiecami\/tealighty-sojowe-podgrzewacze-14-sztuk\/#breadcrumb"},"inLanguage":"de","potentialAction":[{"@type":"ReadAction","target":["https:\/\/johnywick.pl\/sklep-ze-swiecami\/tealighty-sojowe-podgrzewacze-14-sztuk\/"]}]},{"@type":"ImageObject","inLanguage":"de","@id":"https:\/\/johnywick.pl\/sklep-ze-swiecami\/tealighty-sojowe-podgrzewacze-14-sztuk\/#primaryimage","url":"https:\/\/johnywick.de\/wp-content\/uploads\/2021\/06\/tealight-ed.jpg","contentUrl":"https:\/\/johnywick.de\/wp-content\/uploads\/2021\/06\/tealight-ed.jpg","width":1200,"height":1200,"caption":"tealighty sojowe"},{"@type":"BreadcrumbList","@id":"https:\/\/johnywick.pl\/sklep-ze-swiecami\/tealighty-sojowe-podgrzewacze-14-sztuk\/#breadcrumb","itemListElement":[{"@type":"ListItem","position":1,"name":"Strona g\u0142\u00f3wna","item":"https:\/\/johnywick.pl\/"},{"@type":"ListItem","position":2,"name":"Sklep","item":"https:\/\/johnywick.pl\/sklep\/"},{"@type":"ListItem","position":3,"name":"Tealighty sojowe &#8211; podgrzewacze 14 sztuk"}]},{"@type":"WebSite","@id":"https:\/\/johnywick.pl\/#website","url":"https:\/\/johnywick.pl\/","name":"Sojowe \u015bwiece zapachowe - JohnyWick","description":"Hersteller von Duftkerzen","publisher":{"@id":"https:\/\/johnywick.pl\/#organization"},"potentialAction":[{"@type":"SearchAction","target":{"@type":"EntryPoint","urlTemplate":"https:\/\/johnywick.pl\/?s={search_term_string}"},"query-input":{"@type":"PropertyValueSpecification","valueRequired":true,"valueName":"search_term_string"}}],"inLanguage":"de"},{"@type":"Organization","@id":"https:\/\/johnywick.pl\/#organization","name":"Sojowe \u015bwiece zapachowe - JohnyWick","url":"https:\/\/johnywick.pl\/","logo":{"@type":"ImageObject","inLanguage":"de","@id":"https:\/\/johnywick.pl\/#\/schema\/logo\/image\/","url":"https:\/\/johnywick.de\/wp-content\/uploads\/2022\/05\/logo-W-R.png","contentUrl":"https:\/\/johnywick.de\/wp-content\/uploads\/2022\/05\/logo-W-R.png","width":774,"height":468,"caption":"Sojowe \u015bwiece zapachowe - JohnyWick"},"image":{"@id":"https:\/\/johnywick.pl\/#\/schema\/logo\/image\/"}}]}},"_links":{"self":[{"href":"https:\/\/johnywick.de\/de\/wp-json\/wp\/v2\/product\/28575","targetHints":{"allow":["GET"]}}],"collection":[{"href":"https:\/\/johnywick.de\/de\/wp-json\/wp\/v2\/product"}],"about":[{"href":"https:\/\/johnywick.de\/de\/wp-json\/wp\/v2\/types\/product"}],"wp:featuredmedia":[{"embeddable":true,"href":"https:\/\/johnywick.de\/de\/wp-json\/wp\/v2\/media\/29457"}],"wp:attachment":[{"href":"https:\/\/johnywick.de\/de\/wp-json\/wp\/v2\/media?parent=28575"}],"wp:term":[{"taxonomy":"product_brand","embeddable":true,"href":"https:\/\/johnywick.de\/de\/wp-json\/wp\/v2\/product_brand?post=28575"},{"taxonomy":"product_cat","embeddable":true,"href":"https:\/\/johnywick.de\/de\/wp-json\/wp\/v2\/product_cat?post=28575"},{"taxonomy":"product_tag","embeddable":true,"href":"https:\/\/johnywick.de\/de\/wp-json\/wp\/v2\/product_tag?post=28575"}],"curies":[{"name":"wp","href":"https:\/\/api.w.org\/{rel}","templated":true}]}}