
{"id":29964,"date":"2021-11-10T08:46:30","date_gmt":"2021-11-10T07:46:30","guid":{"rendered":"https:\/\/johnywick.pl\/?post_type=product&#038;p=29964"},"modified":"2025-12-21T11:16:04","modified_gmt":"2025-12-21T10:16:04","slug":"wosk-zapachowy-mango","status":"publish","type":"product","link":"https:\/\/johnywick.de\/de\/sklep-ze-swiecami\/wosk-zapachowy-mango\/","title":{"rendered":"Wosk zapachowy &#8211; Mango"},"content":{"rendered":"<div class=\"description-full-columns\">\n<div class=\"description-col1\">\n<div class=\"vc_column-inner\">\n<div class=\"wpb_wrapper\">\n<div class=\"wpb_text_column wpb_content_element\">\n<div class=\"wpb_wrapper\">\n<p><strong>WOSK:<\/strong><br \/>\nWosk sojowy Johny Wick zosta\u0142 stworzony na bazie naturalnego wosku sojowego, w 100% ekologicznego, kt\u00f3ry jest biodegradowalny i nie wydziela toksyn, dzi\u0119ki czemu jest przyjazny i bezpieczny dla \u015brodowiska.<\/p>\n<p><strong>OLEJKI: <\/strong><br \/>\nWszystkie olejki u\u017cyte w procesie produkcji posiadaj\u0105 CERTYFIKAT ZGODNO\u015aCI IFRA.<\/p>\n<p><strong>OPAKOWANIE:<\/strong><br \/>\nWoski sojowe zapakowane s\u0105 w papier, dzi\u0119ki czemu wykluczy\u0142em zu\u017cycie folii czy plastiku. Opakowanie jest szczelnie zamkni\u0119te, aby woski z czasem nie traci\u0142y swoich walor\u00f3w zapachowych.<\/p>\n<p><strong>WYKONANIE:<\/strong><br \/>\nWoski sojowe Johny Wick to produkty rzemie\u015blnicze, wykonywane r\u0119cznie w ma\u0142ej pracowni ze szczeg\u00f3ln\u0105 staranno\u015bci\u0105 i dba\u0142o\u015bci\u0105 o detale.<\/p>\n<p>Dzi\u0119ki zastosowaniu naturalnych sk\u0142adnik\u00f3w i odpowiednich technik wykonania wyr\u00f3\u017cniaj\u0105 si\u0119 wysok\u0105 jako\u015bci\u0105 oraz lepszymi cechami u\u017cytkowymi \u2013 woski zapachowe stworzone na bazie naturalnego wosku wytapiaj\u0105 si\u0119 o wiele d\u0142u\u017cej i wydzielaj\u0105 bardziej intensywny zapach, ni\u017c woski parafinowe.<\/p>\n<p><strong>Wosk sojowy Johny Wick to w 100% produkt polski!<\/strong><\/p>\n<\/div>\n<\/div>\n<\/div>\n<\/div>\n<\/div>\n<div class=\"description-col2\">\n<div class=\"vc_column-inner vc_custom_1490694541710\">\n<div class=\"wpb_wrapper\">\n<div class=\"vc_row wpb_row vc_inner vc_row-fluid\">\n<div class=\"description-col\">\n<div class=\"vc_column-inner\">\n<div class=\"wpb_wrapper\">\n<div class=\"info-box-wrapper\">\n<div id=\"wd-602394e83d9f8\" class=\"woodmart-info-box text-center box-icon-align-top box-style- color-scheme-dark woodmart-bg-none box-title-small\">\n<div class=\"box-icon-wrapper box-with-icon box-icon-simple\">\n<div class=\"info-box-icon\">\n<p><img loading=\"lazy\" decoding=\"async\" class=\"info-icon image-1\" title=\"ikona-czas-t\u0142o\" src=\"https:\/\/johnywick.pl\/wp-content\/uploads\/2021\/11\/Ikonka-13.png\" alt=\"ikona-czas-t\u0142o\" width=\"60\" height=\"60\" \/><\/p>\n<\/div>\n<\/div>\n<div class=\"info-box-content\">\n<h4 class=\"info-box-title woodmart-font-weight- box-title-style-default\">SPOS\u00d3B U\u017bYCIA<\/h4>\n<div class=\"info-box-inner reset-mb-10\">\n<h6>Do roztopienia w kominku.<\/h6>\n<\/div>\n<\/div>\n<\/div>\n<\/div>\n<\/div>\n<\/div>\n<\/div>\n<div class=\"description-col\">\n<div class=\"vc_column-inner\">\n<div class=\"wpb_wrapper\">\n<div class=\"info-box-wrapper\">\n<div id=\"wd-5fad4feb7377a\" class=\"woodmart-info-box text-center box-icon-align-top box-style- color-scheme-dark woodmart-bg-none box-title-small\">\n<div class=\"box-icon-wrapper box-with-icon box-icon-simple\">\n<div class=\"info-box-icon\">\n<p><img loading=\"lazy\" decoding=\"async\" class=\"info-icon image-1\" title=\"ikona waga t\u0142o\" src=\"https:\/\/johnywick.pl\/wp-content\/uploads\/2021\/07\/ikona-waga-tlo-60x60-1.png\" alt=\"ikona waga t\u0142o\" width=\"60\" height=\"60\" \/><\/p>\n<\/div>\n<\/div>\n<div class=\"info-box-content\">\n<h4 class=\"info-box-title woodmart-font-weight- box-title-style-default\">GRAMATURA<\/h4>\n<div class=\"info-box-inner reset-mb-10\">\n<h6>\u00a030 g<\/h6>\n<\/div>\n<\/div>\n<\/div>\n<\/div>\n<\/div>\n<\/div>\n<\/div>\n<\/div>\n<div class=\"vc_row wpb_row vc_inner vc_row-fluid\">\n<div class=\"description-col\">\n<div class=\"vc_column-inner\">\n<div class=\"wpb_wrapper\">\n<div class=\"info-box-wrapper\">\n<div id=\"wd-5fad500751e05\" class=\"woodmart-info-box text-center box-icon-align-top box-style- color-scheme-dark woodmart-bg-none box-title-small\">\n<div class=\"box-icon-wrapper box-with-icon box-icon-simple\">\n<div class=\"info-box-icon\">\n<p><img loading=\"lazy\" decoding=\"async\" class=\"info-icon image-1\" title=\"ikona olejek t\u0142o\" src=\"https:\/\/johnywick.pl\/wp-content\/uploads\/2021\/07\/ikona-olejek-tlo-60x60-1.png\" alt=\"ikona olejek t\u0142o\" width=\"60\" height=\"60\" \/><\/p>\n<\/div>\n<\/div>\n<div class=\"info-box-content\">\n<h4 class=\"info-box-title woodmart-font-weight- box-title-style-default\">OLEJKI ZAPACHOWE<\/h4>\n<div class=\"info-box-inner reset-mb-10\">\n<h6>Certyfikowane oleje zapachowe o najwy\u017cszej jako\u015bci.<\/h6>\n<\/div>\n<\/div>\n<\/div>\n<\/div>\n<\/div>\n<\/div>\n<\/div>\n<div class=\"description-col\">\n<div class=\"vc_column-inner\">\n<div class=\"wpb_wrapper\">\n<div class=\"info-box-wrapper\">\n<div id=\"wd-5fad501cdcbda\" class=\"woodmart-info-box text-center box-icon-align-top box-style- color-scheme-dark woodmart-bg-none box-title-small\">\n<div class=\"box-icon-wrapper box-with-icon box-icon-simple\">\n<div class=\"info-box-icon\">\n<p><img loading=\"lazy\" decoding=\"async\" class=\"info-icon image-1\" title=\"ikona eco t\u0142o\" src=\"https:\/\/johnywick.pl\/wp-content\/uploads\/2021\/07\/ikona-eco-tlo-60x60-1.png\" alt=\"ikona eco t\u0142o\" width=\"60\" height=\"60\" \/><\/p>\n<\/div>\n<\/div>\n<div class=\"info-box-content\">\n<h4 class=\"info-box-title woodmart-font-weight- box-title-style-default\">EKO PRODUKT<\/h4>\n<div class=\"info-box-inner reset-mb-10\">\n<h6>Wosk sojowy jest wykonany z ekologicznych materia\u0142\u00f3w.<\/h6>\n<\/div>\n<\/div>\n<\/div>\n<\/div>\n<\/div>\n<\/div>\n<\/div>\n<\/div>\n<div class=\"vc_row wpb_row vc_inner vc_row-fluid\">\n<div class=\"description-col\">\n<div class=\"vc_column-inner\">\n<div class=\"wpb_wrapper\">\n<div class=\"info-box-wrapper\">\n<div id=\"wd-5fad502fa921e\" class=\"woodmart-info-box text-center box-icon-align-top box-style- color-scheme-dark woodmart-bg-none box-title-small\">\n<div class=\"box-icon-wrapper box-with-icon box-icon-simple\">\n<div class=\"info-box-icon\">\n<p><img loading=\"lazy\" decoding=\"async\" class=\"info-icon image-1\" title=\"ikona r\u0119ka t\u0142o\" src=\"https:\/\/johnywick.pl\/wp-content\/uploads\/2021\/07\/ikona-reka-tlo-60x60-1.png\" alt=\"ikona r\u0119ka t\u0142o\" width=\"60\" height=\"60\" \/><\/p>\n<\/div>\n<\/div>\n<div class=\"info-box-content\">\n<h4 class=\"info-box-title woodmart-font-weight- box-title-style-default\">WYKONANIE<\/h4>\n<div class=\"info-box-inner reset-mb-10\">\n<h6>R\u0119cznie odlewane i sk\u0142adane.<\/h6>\n<\/div>\n<\/div>\n<\/div>\n<\/div>\n<\/div>\n<\/div>\n<\/div>\n<div class=\"description-col\">\n<div class=\"vc_column-inner\">\n<div class=\"wpb_wrapper\">\n<div class=\"info-box-wrapper\">\n<div id=\"wd-6023950ca8088\" class=\"woodmart-info-box text-center box-icon-align-top box-style- color-scheme-dark woodmart-bg-none box-title-small\">\n<div class=\"box-icon-wrapper box-with-icon box-icon-simple\">\n<div class=\"info-box-icon\">\n<p><img loading=\"lazy\" decoding=\"async\" class=\"info-icon image-1\" title=\"ikona s\u0142oik t\u0142o\" src=\"https:\/\/johnywick.pl\/wp-content\/uploads\/2021\/11\/Ikonka-8.png\" width=\"60\" height=\"60\" \/><\/p>\n<\/div>\n<\/div>\n<div class=\"info-box-content\">\n<h4 class=\"info-box-title woodmart-font-weight- box-title-style-default\">OPAKOWANIE<\/h4>\n<div class=\"info-box-inner reset-mb-10\">\n<h6>Wosk zapakowany w papierowe opakowanie.<\/h6>\n<\/div>\n<\/div>\n<\/div>\n<\/div>\n<\/div>\n<\/div>\n<\/div>\n<\/div>\n<\/div>\n<\/div>\n<\/div>\n<\/div>","protected":false},"excerpt":{"rendered":"<div class=\"c-message_kit__gutter\">\n<div class=\"c-message_kit__gutter__right\" data-qa=\"message_content\">\n<div class=\"c-message_kit__blocks c-message_kit__blocks--rich_text\">\n<div class=\"c-message__message_blocks c-message__message_blocks--rich_text\">\n<div class=\"p-block_kit_renderer\" data-qa=\"block-kit-renderer\">\n<div class=\"p-block_kit_renderer__block_wrapper p-block_kit_renderer__block_wrapper--first\">\n<div class=\"p-rich_text_block\" dir=\"auto\">\n<div class=\"p-rich_text_section\">Wosk zapachowy Mango od Johny Wick, to niezapomniana podr\u00f3\u017c w dalekie kraje, gdzie r\u00f3wnikowe s\u0142o\u0144ce otula Ci\u0119 przyjemnym ciep\u0142em a delikatny powiew wiatru muska Twoje w\u0142osy. Wystarczy, \u017ce roztopisz ten wosk, zamkniesz oczy i przeniesiesz si\u0119 w przepi\u0119kne egzotyczne miejsce, kt\u00f3rego klimat poczujesz w aromacie mango i papai. Ten zapach powoli Ci na g\u0142\u0119boki relaks i chwil\u0119 zapomnienia. Pozw\u00f3l mi da\u0107 Ci t\u0119 przyjemno\u015b\u0107, obiecuj\u0119 \u017ce b\u0119dziesz zachwycona!<\/div>\n<\/div>\n<\/div>\n<\/div>\n<\/div>\n<\/div>\n<\/div>\n<\/div>\n<div class=\"c-message_actions__container c-message__actions\" role=\"group\">\n<div class=\"c-message_actions__group\" role=\"group\" aria-label=\"Message shortcuts\" data-qa=\"message-actions\"><\/div>\n<\/div>","protected":false},"featured_media":29965,"template":"","meta":{"_acf_changed":false},"product_brand":[],"product_cat":[241,137],"product_tag":[],"class_list":{"0":"post-29964","1":"product","2":"type-product","3":"status-publish","4":"has-post-thumbnail","6":"product_cat-owocowe","7":"product_cat-woski-zapachowe","8":"pa_kategorie-produktow-woski-zapachowe","9":"pa_zapach-aksamitny-palisander","10":"pa_zapach-alpen-mus","11":"pa_zapach-cukierki-mietowe","12":"pa_zapach-dyniowe-ciacho","13":"pa_zapach-dzika-mieta","14":"pa_zapach-eukaliptus","15":"pa_zapach-grzaniec","16":"pa_zapach-gwiezdny-pyl","17":"pa_zapach-jagodowa-kraina","18":"pa_zapach-kwasna-truskawka","19":"pa_zapach-kwiat-lilii","20":"pa_zapach-lesna-chata","21":"pa_zapach-mango","22":"pa_zapach-melon-z-arbuzem","23":"pa_zapach-paczula-i-jasmin","24":"pa_zapach-palczatka-i-imbir","25":"pa_zapach-peonia","26":"pa_zapach-peonia-i-oud","27":"pa_zapach-pomarancza-w-czekoladzie","28":"pa_zapach-sliwka-wrozy","29":"pa_zapach-slodka-wisnia","30":"pa_zapach-tajska-limonka","31":"pa_zapachy-owocowe","32":"sales-flash-overlay","33":"woocommerce-text-align-center","34":"woocommerce-image-align-center","35":"do-quantity-buttons","36":"wc-has-gallery","38":"first","39":"instock","40":"taxable","41":"shipping-taxable","42":"purchasable","43":"product-type-simple"},"acf":[],"yoast_head":"<!-- This site is optimized with the Yoast SEO plugin v26.8 - https:\/\/yoast.com\/product\/yoast-seo-wordpress\/ -->\n<title>Wosk zapachowy - Mango - Sojowe \u015bwiece zapachowe - JohnyWick<\/title>\n<meta name=\"robots\" content=\"index, follow, max-snippet:-1, max-image-preview:large, max-video-preview:-1\" \/>\n<link rel=\"canonical\" href=\"https:\/\/johnywick.pl\/sklep-ze-swiecami\/wosk-zapachowy-mango\/\" \/>\n<meta property=\"og:locale\" content=\"de_DE\" \/>\n<meta property=\"og:type\" content=\"article\" \/>\n<meta property=\"og:title\" content=\"Wosk zapachowy - Mango - Sojowe \u015bwiece zapachowe - JohnyWick\" \/>\n<meta property=\"og:description\" content=\"Wosk zapachowy Mango od Johny Wick, to niezapomniana podr\u00f3\u017c w dalekie kraje, gdzie r\u00f3wnikowe s\u0142o\u0144ce otula Ci\u0119 przyjemnym ciep\u0142em a delikatny powiew wiatru muska Twoje w\u0142osy. Wystarczy, \u017ce roztopisz ten wosk, zamkniesz oczy i przeniesiesz si\u0119 w przepi\u0119kne egzotyczne miejsce, kt\u00f3rego klimat poczujesz w aromacie mango i papai. Ten zapach powoli Ci na g\u0142\u0119boki relaks i chwil\u0119 zapomnienia. Pozw\u00f3l mi da\u0107 Ci t\u0119 przyjemno\u015b\u0107, obiecuj\u0119 \u017ce b\u0119dziesz zachwycona!\" \/>\n<meta property=\"og:url\" content=\"https:\/\/johnywick.pl\/sklep-ze-swiecami\/wosk-zapachowy-mango\/\" \/>\n<meta property=\"og:site_name\" content=\"Sojowe \u015bwiece zapachowe - JohnyWick\" \/>\n<meta property=\"article:modified_time\" content=\"2025-12-21T10:16:04+00:00\" \/>\n<meta property=\"og:image\" content=\"https:\/\/johnywick.pl\/wp-content\/uploads\/2021\/11\/wosk-zapachowy-mango.jpg\" \/>\n\t<meta property=\"og:image:width\" content=\"1200\" \/>\n\t<meta property=\"og:image:height\" content=\"1200\" \/>\n\t<meta property=\"og:image:type\" content=\"image\/jpeg\" \/>\n<meta name=\"twitter:card\" content=\"summary_large_image\" \/>\n<meta name=\"twitter:label1\" content=\"Est. reading time\" \/>\n\t<meta name=\"twitter:data1\" content=\"3\u00a0Minuten\" \/>\n<script type=\"application\/ld+json\" class=\"yoast-schema-graph\">{\"@context\":\"https:\/\/schema.org\",\"@graph\":[{\"@type\":\"WebPage\",\"@id\":\"https:\/\/johnywick.pl\/sklep-ze-swiecami\/wosk-zapachowy-mango\/\",\"url\":\"https:\/\/johnywick.pl\/sklep-ze-swiecami\/wosk-zapachowy-mango\/\",\"name\":\"Wosk zapachowy - Mango - Sojowe \u015bwiece zapachowe - JohnyWick\",\"isPartOf\":{\"@id\":\"https:\/\/johnywick.pl\/#website\"},\"primaryImageOfPage\":{\"@id\":\"https:\/\/johnywick.pl\/sklep-ze-swiecami\/wosk-zapachowy-mango\/#primaryimage\"},\"image\":{\"@id\":\"https:\/\/johnywick.pl\/sklep-ze-swiecami\/wosk-zapachowy-mango\/#primaryimage\"},\"thumbnailUrl\":\"https:\/\/johnywick.de\/wp-content\/uploads\/2021\/11\/wosk-zapachowy-mango.jpg\",\"datePublished\":\"2021-11-10T07:46:30+00:00\",\"dateModified\":\"2025-12-21T10:16:04+00:00\",\"breadcrumb\":{\"@id\":\"https:\/\/johnywick.pl\/sklep-ze-swiecami\/wosk-zapachowy-mango\/#breadcrumb\"},\"inLanguage\":\"de\",\"potentialAction\":[{\"@type\":\"ReadAction\",\"target\":[\"https:\/\/johnywick.pl\/sklep-ze-swiecami\/wosk-zapachowy-mango\/\"]}]},{\"@type\":\"ImageObject\",\"inLanguage\":\"de\",\"@id\":\"https:\/\/johnywick.pl\/sklep-ze-swiecami\/wosk-zapachowy-mango\/#primaryimage\",\"url\":\"https:\/\/johnywick.de\/wp-content\/uploads\/2021\/11\/wosk-zapachowy-mango.jpg\",\"contentUrl\":\"https:\/\/johnywick.de\/wp-content\/uploads\/2021\/11\/wosk-zapachowy-mango.jpg\",\"width\":1200,\"height\":1200,\"caption\":\"wosk zapachowy mango\"},{\"@type\":\"BreadcrumbList\",\"@id\":\"https:\/\/johnywick.pl\/sklep-ze-swiecami\/wosk-zapachowy-mango\/#breadcrumb\",\"itemListElement\":[{\"@type\":\"ListItem\",\"position\":1,\"name\":\"Strona g\u0142\u00f3wna\",\"item\":\"https:\/\/johnywick.pl\/\"},{\"@type\":\"ListItem\",\"position\":2,\"name\":\"Sklep\",\"item\":\"https:\/\/johnywick.pl\/sklep\/\"},{\"@type\":\"ListItem\",\"position\":3,\"name\":\"Wosk zapachowy &#8211; Mango\"}]},{\"@type\":\"WebSite\",\"@id\":\"https:\/\/johnywick.pl\/#website\",\"url\":\"https:\/\/johnywick.pl\/\",\"name\":\"Sojowe \u015bwiece zapachowe - JohnyWick\",\"description\":\"Producent \u015bwiec zapachowych\",\"publisher\":{\"@id\":\"https:\/\/johnywick.pl\/#organization\"},\"potentialAction\":[{\"@type\":\"SearchAction\",\"target\":{\"@type\":\"EntryPoint\",\"urlTemplate\":\"https:\/\/johnywick.pl\/?s={search_term_string}\"},\"query-input\":{\"@type\":\"PropertyValueSpecification\",\"valueRequired\":true,\"valueName\":\"search_term_string\"}}],\"inLanguage\":\"de\"},{\"@type\":\"Organization\",\"@id\":\"https:\/\/johnywick.pl\/#organization\",\"name\":\"Sojowe \u015bwiece zapachowe - JohnyWick\",\"url\":\"https:\/\/johnywick.pl\/\",\"logo\":{\"@type\":\"ImageObject\",\"inLanguage\":\"de\",\"@id\":\"https:\/\/johnywick.pl\/#\/schema\/logo\/image\/\",\"url\":\"https:\/\/johnywick.de\/wp-content\/uploads\/2022\/05\/logo-W-R.png\",\"contentUrl\":\"https:\/\/johnywick.de\/wp-content\/uploads\/2022\/05\/logo-W-R.png\",\"width\":774,\"height\":468,\"caption\":\"Sojowe \u015bwiece zapachowe - JohnyWick\"},\"image\":{\"@id\":\"https:\/\/johnywick.pl\/#\/schema\/logo\/image\/\"}}]}<\/script>\n<!-- \/ Yoast SEO plugin. -->","yoast_head_json":{"title":"Wosk zapachowy - Mango - Sojowe \u015bwiece zapachowe - JohnyWick","robots":{"index":"index","follow":"follow","max-snippet":"max-snippet:-1","max-image-preview":"max-image-preview:large","max-video-preview":"max-video-preview:-1"},"canonical":"https:\/\/johnywick.pl\/sklep-ze-swiecami\/wosk-zapachowy-mango\/","og_locale":"de_DE","og_type":"article","og_title":"Wosk zapachowy - Mango - Sojowe \u015bwiece zapachowe - JohnyWick","og_description":"Wosk zapachowy Mango od Johny Wick, to niezapomniana podr\u00f3\u017c w dalekie kraje, gdzie r\u00f3wnikowe s\u0142o\u0144ce otula Ci\u0119 przyjemnym ciep\u0142em a delikatny powiew wiatru muska Twoje w\u0142osy. Wystarczy, \u017ce roztopisz ten wosk, zamkniesz oczy i przeniesiesz si\u0119 w przepi\u0119kne egzotyczne miejsce, kt\u00f3rego klimat poczujesz w aromacie mango i papai. Ten zapach powoli Ci na g\u0142\u0119boki relaks i chwil\u0119 zapomnienia. Pozw\u00f3l mi da\u0107 Ci t\u0119 przyjemno\u015b\u0107, obiecuj\u0119 \u017ce b\u0119dziesz zachwycona!","og_url":"https:\/\/johnywick.pl\/sklep-ze-swiecami\/wosk-zapachowy-mango\/","og_site_name":"Sojowe \u015bwiece zapachowe - JohnyWick","article_modified_time":"2025-12-21T10:16:04+00:00","og_image":[{"width":1200,"height":1200,"url":"https:\/\/johnywick.pl\/wp-content\/uploads\/2021\/11\/wosk-zapachowy-mango.jpg","type":"image\/jpeg"}],"twitter_card":"summary_large_image","twitter_misc":{"Est. reading time":"3\u00a0Minuten"},"schema":{"@context":"https:\/\/schema.org","@graph":[{"@type":"WebPage","@id":"https:\/\/johnywick.pl\/sklep-ze-swiecami\/wosk-zapachowy-mango\/","url":"https:\/\/johnywick.pl\/sklep-ze-swiecami\/wosk-zapachowy-mango\/","name":"Wosk zapachowy - Mango - Sojowe \u015bwiece zapachowe - JohnyWick","isPartOf":{"@id":"https:\/\/johnywick.pl\/#website"},"primaryImageOfPage":{"@id":"https:\/\/johnywick.pl\/sklep-ze-swiecami\/wosk-zapachowy-mango\/#primaryimage"},"image":{"@id":"https:\/\/johnywick.pl\/sklep-ze-swiecami\/wosk-zapachowy-mango\/#primaryimage"},"thumbnailUrl":"https:\/\/johnywick.de\/wp-content\/uploads\/2021\/11\/wosk-zapachowy-mango.jpg","datePublished":"2021-11-10T07:46:30+00:00","dateModified":"2025-12-21T10:16:04+00:00","breadcrumb":{"@id":"https:\/\/johnywick.pl\/sklep-ze-swiecami\/wosk-zapachowy-mango\/#breadcrumb"},"inLanguage":"de","potentialAction":[{"@type":"ReadAction","target":["https:\/\/johnywick.pl\/sklep-ze-swiecami\/wosk-zapachowy-mango\/"]}]},{"@type":"ImageObject","inLanguage":"de","@id":"https:\/\/johnywick.pl\/sklep-ze-swiecami\/wosk-zapachowy-mango\/#primaryimage","url":"https:\/\/johnywick.de\/wp-content\/uploads\/2021\/11\/wosk-zapachowy-mango.jpg","contentUrl":"https:\/\/johnywick.de\/wp-content\/uploads\/2021\/11\/wosk-zapachowy-mango.jpg","width":1200,"height":1200,"caption":"wosk zapachowy mango"},{"@type":"BreadcrumbList","@id":"https:\/\/johnywick.pl\/sklep-ze-swiecami\/wosk-zapachowy-mango\/#breadcrumb","itemListElement":[{"@type":"ListItem","position":1,"name":"Strona g\u0142\u00f3wna","item":"https:\/\/johnywick.pl\/"},{"@type":"ListItem","position":2,"name":"Sklep","item":"https:\/\/johnywick.pl\/sklep\/"},{"@type":"ListItem","position":3,"name":"Wosk zapachowy &#8211; Mango"}]},{"@type":"WebSite","@id":"https:\/\/johnywick.pl\/#website","url":"https:\/\/johnywick.pl\/","name":"Sojowe \u015bwiece zapachowe - JohnyWick","description":"Hersteller von Duftkerzen","publisher":{"@id":"https:\/\/johnywick.pl\/#organization"},"potentialAction":[{"@type":"SearchAction","target":{"@type":"EntryPoint","urlTemplate":"https:\/\/johnywick.pl\/?s={search_term_string}"},"query-input":{"@type":"PropertyValueSpecification","valueRequired":true,"valueName":"search_term_string"}}],"inLanguage":"de"},{"@type":"Organization","@id":"https:\/\/johnywick.pl\/#organization","name":"Sojowe \u015bwiece zapachowe - JohnyWick","url":"https:\/\/johnywick.pl\/","logo":{"@type":"ImageObject","inLanguage":"de","@id":"https:\/\/johnywick.pl\/#\/schema\/logo\/image\/","url":"https:\/\/johnywick.de\/wp-content\/uploads\/2022\/05\/logo-W-R.png","contentUrl":"https:\/\/johnywick.de\/wp-content\/uploads\/2022\/05\/logo-W-R.png","width":774,"height":468,"caption":"Sojowe \u015bwiece zapachowe - JohnyWick"},"image":{"@id":"https:\/\/johnywick.pl\/#\/schema\/logo\/image\/"}}]}},"_links":{"self":[{"href":"https:\/\/johnywick.de\/de\/wp-json\/wp\/v2\/product\/29964","targetHints":{"allow":["GET"]}}],"collection":[{"href":"https:\/\/johnywick.de\/de\/wp-json\/wp\/v2\/product"}],"about":[{"href":"https:\/\/johnywick.de\/de\/wp-json\/wp\/v2\/types\/product"}],"wp:featuredmedia":[{"embeddable":true,"href":"https:\/\/johnywick.de\/de\/wp-json\/wp\/v2\/media\/29965"}],"wp:attachment":[{"href":"https:\/\/johnywick.de\/de\/wp-json\/wp\/v2\/media?parent=29964"}],"wp:term":[{"taxonomy":"product_brand","embeddable":true,"href":"https:\/\/johnywick.de\/de\/wp-json\/wp\/v2\/product_brand?post=29964"},{"taxonomy":"product_cat","embeddable":true,"href":"https:\/\/johnywick.de\/de\/wp-json\/wp\/v2\/product_cat?post=29964"},{"taxonomy":"product_tag","embeddable":true,"href":"https:\/\/johnywick.de\/de\/wp-json\/wp\/v2\/product_tag?post=29964"}],"curies":[{"name":"wp","href":"https:\/\/api.w.org\/{rel}","templated":true}]}}