
{"id":33221,"date":"2022-07-07T14:35:17","date_gmt":"2022-07-07T12:35:17","guid":{"rendered":"https:\/\/johnywick.pl\/?post_type=product&#038;p=33221"},"modified":"2025-02-17T22:55:55","modified_gmt":"2025-02-17T21:55:55","slug":"miseczka-do-kominka-biala","status":"publish","type":"product","link":"https:\/\/johnywick.de\/de\/sklep-ze-swiecami\/miseczka-do-kominka-biala\/","title":{"rendered":"Miseczka do kominka &#8211; Bia\u0142a"},"content":{"rendered":"<div class=\"description-full-columns\">\n<div class=\"description-col1\">\n<div class=\"vc_column-inner\">\n<div class=\"wpb_wrapper\">\n<div class=\"wpb_text_column wpb_content_element\">\n<div class=\"wpb_wrapper\">\n<p><strong>WYKONANIE:<\/strong><br \/>\nTo w\u0142a\u015bnie w tej pi\u0119knej, ceramicznej miseczce, b\u0119dziesz roztapia\u0107 swoje woski zapachowe. W tym przypadku postanowili\u015bmy polega\u0107 na Twojej decyzji. Mo\u017cesz dowolnie komponowa\u0107 sw\u00f3j kominek zapachowych, a nawet dokupi\u0107 dodatkowe miseczki ceramiczne, kt\u00f3re b\u0119d\u0105 na sta\u0142e przydzielone do Twojego ulubionego zapachu wosku sojowego!<\/p>\n<p>&nbsp;<\/p>\n<\/div>\n<\/div>\n<\/div>\n<\/div>\n<\/div>\n<div class=\"description-col2\">\n<div class=\"vc_column-inner vc_custom_1490694541710\">\n<div class=\"wpb_wrapper\">\n<div class=\"vc_row wpb_row vc_inner vc_row-fluid\">\n<div class=\"description-col\">\n<div class=\"vc_column-inner\">\n<div class=\"wpb_wrapper\">\n<div class=\"info-box-wrapper\">\n<div id=\"wd-602394e83d9f8\" class=\"woodmart-info-box text-center box-icon-align-top box-style- color-scheme-dark woodmart-bg-none box-title-small\">\n<div class=\"box-icon-wrapper box-with-icon box-icon-simple\">\n<div class=\"info-box-icon\">\n<p><img loading=\"lazy\" decoding=\"async\" class=\"info-icon image-1\" title=\"ikona-gmo-t\u0142o\" src=\"https:\/\/johnywick.pl\/wp-content\/uploads\/2020\/11\/ikona-kominek-tloo.png\" alt=\"ikona-gmo-t\u0142o\" width=\"60\" height=\"60\" \/><\/p>\n<\/div>\n<\/div>\n<div class=\"info-box-content\">\n<h4 class=\"info-box-title woodmart-font-weight- box-title-style-default\">SPOS\u00d3B U\u017bYCIA<\/h4>\n<div class=\"info-box-inner reset-mb-10\">\n<h6>Wosk podzielony lub w ca\u0142o\u015bci po\u0142\u00f3\u017c w miseczce. Odpalony tealight postaw na stalowej blaszce.<\/h6>\n<\/div>\n<\/div>\n<\/div>\n<\/div>\n<\/div>\n<\/div>\n<\/div>\n<div class=\"description-col\">\n<div class=\"vc_column-inner\">\n<div class=\"wpb_wrapper\">\n<div class=\"info-box-wrapper\">\n<div id=\"wd-5fad4feb7377a\" class=\"woodmart-info-box text-center box-icon-align-top box-style- color-scheme-dark woodmart-bg-none box-title-small\">\n<div class=\"box-icon-wrapper box-with-icon box-icon-simple\">\n<div class=\"info-box-icon\">\n<p><img loading=\"lazy\" decoding=\"async\" class=\"info-icon image-1\" title=\"ikona waga t\u0142o\" src=\"https:\/\/johnywick.pl\/wp-content\/uploads\/2020\/11\/ikona-wymiar-tlo.png\" alt=\"ikona waga t\u0142o\" width=\"60\" height=\"60\" \/><\/p>\n<\/div>\n<\/div>\n<div class=\"info-box-content\">\n<h4 class=\"info-box-title woodmart-font-weight- box-title-style-default\">WYMIARY<\/h4>\n<div class=\"info-box-inner reset-mb-10\">\n<h6>Miseczka &#8211; oko\u0142o 9,2 x 9,2 x 3,8 cm<\/h6>\n<\/div>\n<\/div>\n<\/div>\n<\/div>\n<\/div>\n<\/div>\n<\/div>\n<\/div>\n<div class=\"vc_row wpb_row vc_inner vc_row-fluid\">\n<div class=\"description-col\">\n<div class=\"vc_column-inner\">\n<div class=\"wpb_wrapper\">\n<div class=\"info-box-wrapper\">\n<div id=\"wd-5fad500751e05\" class=\"woodmart-info-box text-center box-icon-align-top box-style- color-scheme-dark woodmart-bg-none box-title-small\">\n<div class=\"box-icon-wrapper box-with-icon box-icon-simple\">\n<div class=\"info-box-icon\">\n<p><img loading=\"lazy\" decoding=\"async\" class=\"info-icon image-1\" title=\"ikona olejek t\u0142o\" src=\"https:\/\/johnywick.pl\/wp-content\/uploads\/2020\/11\/ikona-design-tlo.png\" alt=\"ikona olejek t\u0142o\" width=\"60\" height=\"60\" \/><\/p>\n<\/div>\n<\/div>\n<div class=\"info-box-content\">\n<h4 class=\"info-box-title woodmart-font-weight- box-title-style-default\">DESIGN<\/h4>\n<div class=\"info-box-inner reset-mb-10\">\n<h6>Minimalistyczny wygl\u0105d pasuj\u0105cy do ka\u017cdego wn\u0119trza<\/h6>\n<\/div>\n<\/div>\n<\/div>\n<\/div>\n<\/div>\n<\/div>\n<\/div>\n<div class=\"description-col\">\n<div class=\"vc_column-inner\">\n<div class=\"wpb_wrapper\">\n<div class=\"info-box-wrapper\">\n<div id=\"wd-5fad501cdcbda\" class=\"woodmart-info-box text-center box-icon-align-top box-style- color-scheme-dark woodmart-bg-none box-title-small\">\n<div class=\"box-icon-wrapper box-with-icon box-icon-simple\">\n<div class=\"info-box-icon\">\n<p><img loading=\"lazy\" decoding=\"async\" class=\"info-icon image-1\" title=\"ikona eco t\u0142o\" src=\"https:\/\/johnywick.pl\/wp-content\/uploads\/2020\/11\/ikona-wybor-tlo.png\" alt=\"ikona eco t\u0142o\" width=\"60\" height=\"60\" \/><\/p>\n<\/div>\n<\/div>\n<div class=\"info-box-content\">\n<h4 class=\"info-box-title woodmart-font-weight- box-title-style-default\">WYB\u00d3R<\/h4>\n<div class=\"info-box-inner reset-mb-10\">\n<h6>Dziesi\u0119\u0107 unikatowych wzor\u00f3w<\/h6>\n<\/div>\n<\/div>\n<\/div>\n<\/div>\n<\/div>\n<\/div>\n<\/div>\n<\/div>\n<\/div>\n<\/div>\n<\/div>\n<\/div>","protected":false},"excerpt":{"rendered":"<p>Ceramiczna miseczka to nasza nowa pozycja w akcesoriach. Wielokrotnie pytali\u015bcie nas, czy mo\u017cecie dom\u00f3wi\u0107 sam\u0105 miseczk\u0119, aby swobodnie zmienia\u0107 wygl\u0105d kominka od Johny Wick. D\u0142ugo nie my\u015bl\u0105c postanowili\u015bmy je doda\u0107, aby\u015bcie mogli dowoli zmienia\u0107 swoje wn\u0119trze.\u00a0 Od teraz mo\u017cesz wybra\u0107 spo\u015br\u00f3d 10 unikatowych wzor\u00f3w. Na jaki kolor postawisz tym razem?<\/p>\n<p><strong>**DO NASZYCH KOMINK\u00d3W REKOMENDUJEMY WY\u0141\u0104CZNIE NASZE TEALIGHTY SOJOWE (4 cm x 1,5 cm), KT\u00d3RE ZAPEWNIAJ\u0104 OPTYMALN\u0104, SPRAWDZON\u0104, A CO NAJWA\u017bNIEJSZE BEZPIECZN\u0104 TEMPERATUR\u0118 PODGRZEWANIA**<\/strong><\/p>","protected":false},"featured_media":33170,"template":"","meta":{"_acf_changed":false},"product_brand":[],"product_cat":[391],"product_tag":[],"class_list":{"0":"post-33221","1":"product","2":"type-product","3":"status-publish","4":"has-post-thumbnail","6":"product_cat-akcesoria","7":"pa_kategorie-produktow-kominki-do-woskow","8":"pa_wybierz-drugi-wosk-aksamitny-palisander","9":"pa_wybierz-drugi-wosk-alpen-mus","10":"pa_wybierz-drugi-wosk-drzewo-sandalowe-z-pieprzem","11":"pa_wybierz-drugi-wosk-dyniowe-ciacho","12":"pa_wybierz-drugi-wosk-dzika-mieta","13":"pa_wybierz-drugi-wosk-eukaliptus","14":"pa_wybierz-drugi-wosk-grzaniec","15":"pa_wybierz-drugi-wosk-gwiezdny-pyl","16":"pa_wybierz-drugi-wosk-hola-havana","17":"pa_wybierz-drugi-wosk-kraina-jagodowa","18":"pa_wybierz-drugi-wosk-kwiat-lilii","19":"pa_wybierz-drugi-wosk-lesna-chata","20":"pa_wybierz-drugi-wosk-mango","21":"pa_wybierz-drugi-wosk-melon-z-arbuzem","22":"pa_wybierz-drugi-wosk-orchidea-i-rozowy-lotos","23":"pa_wybierz-drugi-wosk-paczula-i-jasmin","24":"pa_wybierz-drugi-wosk-palczatka-i-imbir","25":"pa_wybierz-drugi-wosk-peonia","26":"pa_wybierz-drugi-wosk-peonia-i-oud","27":"pa_wybierz-drugi-wosk-sliwka-wrozy","28":"pa_wybierz-drugi-wosk-slodka-wisnia","29":"pa_wybierz-pierwszy-wosk-aksamitny-palisander","30":"pa_wybierz-pierwszy-wosk-alpen-mus","31":"pa_wybierz-pierwszy-wosk-drzewo-sandalowe-z-pieprzem","32":"pa_wybierz-pierwszy-wosk-dyniowe-ciacho","33":"pa_wybierz-pierwszy-wosk-dzika-mieta","34":"pa_wybierz-pierwszy-wosk-eukaliptus","35":"pa_wybierz-pierwszy-wosk-grzaniec","36":"pa_wybierz-pierwszy-wosk-gwiezdny-pyl","37":"pa_wybierz-pierwszy-wosk-hola-havana","38":"pa_wybierz-pierwszy-wosk-kraina-jagodowa","39":"pa_wybierz-pierwszy-wosk-kwiat-lilii","40":"pa_wybierz-pierwszy-wosk-lesna-chata","41":"pa_wybierz-pierwszy-wosk-mango","42":"pa_wybierz-pierwszy-wosk-melon-z-arbuzem","43":"pa_wybierz-pierwszy-wosk-orchidea-i-rozowy-lotos","44":"pa_wybierz-pierwszy-wosk-paczula-i-jasmin","45":"pa_wybierz-pierwszy-wosk-palczatka-i-imbir","46":"pa_wybierz-pierwszy-wosk-peonia","47":"pa_wybierz-pierwszy-wosk-peonia-i-oud","48":"pa_wybierz-pierwszy-wosk-sliwka-wrozy","49":"pa_wybierz-pierwszy-wosk-slodka-wisnia","50":"pa_wybierz-trzeci-wosk-aksamitny-palisander","51":"pa_wybierz-trzeci-wosk-alpen-mus","52":"pa_wybierz-trzeci-wosk-drzewo-sandalowe-z-pieprzem","53":"pa_wybierz-trzeci-wosk-dyniowe-ciacho","54":"pa_wybierz-trzeci-wosk-dzika-mieta","55":"pa_wybierz-trzeci-wosk-eukaliptus","56":"pa_wybierz-trzeci-wosk-grzaniec","57":"pa_wybierz-trzeci-wosk-gwiezdny-pyl","58":"pa_wybierz-trzeci-wosk-hola-havana","59":"pa_wybierz-trzeci-wosk-kraina-jagodowa","60":"pa_wybierz-trzeci-wosk-kwiat-lilii","61":"pa_wybierz-trzeci-wosk-lesna-chata","62":"pa_wybierz-trzeci-wosk-mango","63":"pa_wybierz-trzeci-wosk-melon-z-arbuzem","64":"pa_wybierz-trzeci-wosk-orchidea-i-rozowy-lotos","65":"pa_wybierz-trzeci-wosk-paczula-i-jasmin","66":"pa_wybierz-trzeci-wosk-palczatka-i-imbir","67":"pa_wybierz-trzeci-wosk-peonia","68":"pa_wybierz-trzeci-wosk-peonia-i-oud","69":"pa_wybierz-trzeci-wosk-sliwka-wrozy","70":"pa_wybierz-trzeci-wosk-slodka-wisnia","71":"sales-flash-overlay","72":"woocommerce-text-align-center","73":"woocommerce-image-align-center","74":"do-quantity-buttons","75":"wc-has-gallery","77":"first","78":"outofstock","79":"taxable","80":"shipping-taxable","81":"purchasable","82":"product-type-simple"},"acf":[],"yoast_head":"<!-- This site is optimized with the Yoast SEO plugin v26.8 - https:\/\/yoast.com\/product\/yoast-seo-wordpress\/ -->\n<title>Miseczka do kominka - Bia\u0142a - Sojowe \u015bwiece zapachowe - JohnyWick<\/title>\n<meta name=\"robots\" content=\"index, follow, max-snippet:-1, max-image-preview:large, max-video-preview:-1\" \/>\n<link rel=\"canonical\" href=\"https:\/\/johnywick.pl\/sklep-ze-swiecami\/miseczka-do-kominka-biala\/\" \/>\n<meta property=\"og:locale\" content=\"de_DE\" \/>\n<meta property=\"og:type\" content=\"article\" \/>\n<meta property=\"og:title\" content=\"Miseczka do kominka - Bia\u0142a - Sojowe \u015bwiece zapachowe - JohnyWick\" \/>\n<meta property=\"og:description\" content=\"Ceramiczna miseczka to nasza nowa pozycja w akcesoriach. Wielokrotnie pytali\u015bcie nas, czy mo\u017cecie dom\u00f3wi\u0107 sam\u0105 miseczk\u0119, aby swobodnie zmienia\u0107 wygl\u0105d kominka od Johny Wick. D\u0142ugo nie my\u015bl\u0105c postanowili\u015bmy je doda\u0107, aby\u015bcie mogli dowoli zmienia\u0107 swoje wn\u0119trze.\u00a0 Od teraz mo\u017cesz wybra\u0107 spo\u015br\u00f3d 10 unikatowych wzor\u00f3w. Na jaki kolor postawisz tym razem?  **DO NASZYCH KOMINK\u00d3W REKOMENDUJEMY WY\u0141\u0104CZNIE NASZE TEALIGHTY SOJOWE (4 cm x 1,5 cm), KT\u00d3RE ZAPEWNIAJ\u0104 OPTYMALN\u0104, SPRAWDZON\u0104, A CO NAJWA\u017bNIEJSZE BEZPIECZN\u0104 TEMPERATUR\u0118 PODGRZEWANIA**\" \/>\n<meta property=\"og:url\" content=\"https:\/\/johnywick.pl\/sklep-ze-swiecami\/miseczka-do-kominka-biala\/\" \/>\n<meta property=\"og:site_name\" content=\"Sojowe \u015bwiece zapachowe - JohnyWick\" \/>\n<meta property=\"article:modified_time\" content=\"2025-02-17T21:55:55+00:00\" \/>\n<meta property=\"og:image\" content=\"https:\/\/johnywick.pl\/wp-content\/uploads\/2022\/07\/b2.jpg\" \/>\n\t<meta property=\"og:image:width\" content=\"1080\" \/>\n\t<meta property=\"og:image:height\" content=\"1080\" \/>\n\t<meta property=\"og:image:type\" content=\"image\/jpeg\" \/>\n<meta name=\"twitter:card\" content=\"summary_large_image\" \/>\n<meta name=\"twitter:label1\" content=\"Est. reading time\" \/>\n\t<meta name=\"twitter:data1\" content=\"2\u00a0Minuten\" \/>\n<script type=\"application\/ld+json\" class=\"yoast-schema-graph\">{\"@context\":\"https:\/\/schema.org\",\"@graph\":[{\"@type\":\"WebPage\",\"@id\":\"https:\/\/johnywick.pl\/sklep-ze-swiecami\/miseczka-do-kominka-biala\/\",\"url\":\"https:\/\/johnywick.pl\/sklep-ze-swiecami\/miseczka-do-kominka-biala\/\",\"name\":\"Miseczka do kominka - Bia\u0142a - Sojowe \u015bwiece zapachowe - JohnyWick\",\"isPartOf\":{\"@id\":\"https:\/\/johnywick.pl\/#website\"},\"primaryImageOfPage\":{\"@id\":\"https:\/\/johnywick.pl\/sklep-ze-swiecami\/miseczka-do-kominka-biala\/#primaryimage\"},\"image\":{\"@id\":\"https:\/\/johnywick.pl\/sklep-ze-swiecami\/miseczka-do-kominka-biala\/#primaryimage\"},\"thumbnailUrl\":\"https:\/\/johnywick.de\/wp-content\/uploads\/2022\/07\/b2.jpg\",\"datePublished\":\"2022-07-07T12:35:17+00:00\",\"dateModified\":\"2025-02-17T21:55:55+00:00\",\"breadcrumb\":{\"@id\":\"https:\/\/johnywick.pl\/sklep-ze-swiecami\/miseczka-do-kominka-biala\/#breadcrumb\"},\"inLanguage\":\"de\",\"potentialAction\":[{\"@type\":\"ReadAction\",\"target\":[\"https:\/\/johnywick.pl\/sklep-ze-swiecami\/miseczka-do-kominka-biala\/\"]}]},{\"@type\":\"ImageObject\",\"inLanguage\":\"de\",\"@id\":\"https:\/\/johnywick.pl\/sklep-ze-swiecami\/miseczka-do-kominka-biala\/#primaryimage\",\"url\":\"https:\/\/johnywick.de\/wp-content\/uploads\/2022\/07\/b2.jpg\",\"contentUrl\":\"https:\/\/johnywick.de\/wp-content\/uploads\/2022\/07\/b2.jpg\",\"width\":1080,\"height\":1080,\"caption\":\"miseczka do kominka na woski zapachowe bia\u0142a2\"},{\"@type\":\"BreadcrumbList\",\"@id\":\"https:\/\/johnywick.pl\/sklep-ze-swiecami\/miseczka-do-kominka-biala\/#breadcrumb\",\"itemListElement\":[{\"@type\":\"ListItem\",\"position\":1,\"name\":\"Strona g\u0142\u00f3wna\",\"item\":\"https:\/\/johnywick.pl\/\"},{\"@type\":\"ListItem\",\"position\":2,\"name\":\"Sklep\",\"item\":\"https:\/\/johnywick.pl\/sklep\/\"},{\"@type\":\"ListItem\",\"position\":3,\"name\":\"Miseczka do kominka &#8211; Bia\u0142a\"}]},{\"@type\":\"WebSite\",\"@id\":\"https:\/\/johnywick.pl\/#website\",\"url\":\"https:\/\/johnywick.pl\/\",\"name\":\"Sojowe \u015bwiece zapachowe - JohnyWick\",\"description\":\"Producent \u015bwiec zapachowych\",\"publisher\":{\"@id\":\"https:\/\/johnywick.pl\/#organization\"},\"potentialAction\":[{\"@type\":\"SearchAction\",\"target\":{\"@type\":\"EntryPoint\",\"urlTemplate\":\"https:\/\/johnywick.pl\/?s={search_term_string}\"},\"query-input\":{\"@type\":\"PropertyValueSpecification\",\"valueRequired\":true,\"valueName\":\"search_term_string\"}}],\"inLanguage\":\"de\"},{\"@type\":\"Organization\",\"@id\":\"https:\/\/johnywick.pl\/#organization\",\"name\":\"Sojowe \u015bwiece zapachowe - JohnyWick\",\"url\":\"https:\/\/johnywick.pl\/\",\"logo\":{\"@type\":\"ImageObject\",\"inLanguage\":\"de\",\"@id\":\"https:\/\/johnywick.pl\/#\/schema\/logo\/image\/\",\"url\":\"https:\/\/johnywick.de\/wp-content\/uploads\/2022\/05\/logo-W-R.png\",\"contentUrl\":\"https:\/\/johnywick.de\/wp-content\/uploads\/2022\/05\/logo-W-R.png\",\"width\":774,\"height\":468,\"caption\":\"Sojowe \u015bwiece zapachowe - JohnyWick\"},\"image\":{\"@id\":\"https:\/\/johnywick.pl\/#\/schema\/logo\/image\/\"}}]}<\/script>\n<!-- \/ Yoast SEO plugin. -->","yoast_head_json":{"title":"Miseczka do kominka - Bia\u0142a - Sojowe \u015bwiece zapachowe - JohnyWick","robots":{"index":"index","follow":"follow","max-snippet":"max-snippet:-1","max-image-preview":"max-image-preview:large","max-video-preview":"max-video-preview:-1"},"canonical":"https:\/\/johnywick.pl\/sklep-ze-swiecami\/miseczka-do-kominka-biala\/","og_locale":"de_DE","og_type":"article","og_title":"Miseczka do kominka - Bia\u0142a - Sojowe \u015bwiece zapachowe - JohnyWick","og_description":"Ceramiczna miseczka to nasza nowa pozycja w akcesoriach. Wielokrotnie pytali\u015bcie nas, czy mo\u017cecie dom\u00f3wi\u0107 sam\u0105 miseczk\u0119, aby swobodnie zmienia\u0107 wygl\u0105d kominka od Johny Wick. D\u0142ugo nie my\u015bl\u0105c postanowili\u015bmy je doda\u0107, aby\u015bcie mogli dowoli zmienia\u0107 swoje wn\u0119trze.\u00a0 Od teraz mo\u017cesz wybra\u0107 spo\u015br\u00f3d 10 unikatowych wzor\u00f3w. Na jaki kolor postawisz tym razem?  **DO NASZYCH KOMINK\u00d3W REKOMENDUJEMY WY\u0141\u0104CZNIE NASZE TEALIGHTY SOJOWE (4 cm x 1,5 cm), KT\u00d3RE ZAPEWNIAJ\u0104 OPTYMALN\u0104, SPRAWDZON\u0104, A CO NAJWA\u017bNIEJSZE BEZPIECZN\u0104 TEMPERATUR\u0118 PODGRZEWANIA**","og_url":"https:\/\/johnywick.pl\/sklep-ze-swiecami\/miseczka-do-kominka-biala\/","og_site_name":"Sojowe \u015bwiece zapachowe - JohnyWick","article_modified_time":"2025-02-17T21:55:55+00:00","og_image":[{"width":1080,"height":1080,"url":"https:\/\/johnywick.pl\/wp-content\/uploads\/2022\/07\/b2.jpg","type":"image\/jpeg"}],"twitter_card":"summary_large_image","twitter_misc":{"Est. reading time":"2\u00a0Minuten"},"schema":{"@context":"https:\/\/schema.org","@graph":[{"@type":"WebPage","@id":"https:\/\/johnywick.pl\/sklep-ze-swiecami\/miseczka-do-kominka-biala\/","url":"https:\/\/johnywick.pl\/sklep-ze-swiecami\/miseczka-do-kominka-biala\/","name":"Miseczka do kominka - Bia\u0142a - Sojowe \u015bwiece zapachowe - JohnyWick","isPartOf":{"@id":"https:\/\/johnywick.pl\/#website"},"primaryImageOfPage":{"@id":"https:\/\/johnywick.pl\/sklep-ze-swiecami\/miseczka-do-kominka-biala\/#primaryimage"},"image":{"@id":"https:\/\/johnywick.pl\/sklep-ze-swiecami\/miseczka-do-kominka-biala\/#primaryimage"},"thumbnailUrl":"https:\/\/johnywick.de\/wp-content\/uploads\/2022\/07\/b2.jpg","datePublished":"2022-07-07T12:35:17+00:00","dateModified":"2025-02-17T21:55:55+00:00","breadcrumb":{"@id":"https:\/\/johnywick.pl\/sklep-ze-swiecami\/miseczka-do-kominka-biala\/#breadcrumb"},"inLanguage":"de","potentialAction":[{"@type":"ReadAction","target":["https:\/\/johnywick.pl\/sklep-ze-swiecami\/miseczka-do-kominka-biala\/"]}]},{"@type":"ImageObject","inLanguage":"de","@id":"https:\/\/johnywick.pl\/sklep-ze-swiecami\/miseczka-do-kominka-biala\/#primaryimage","url":"https:\/\/johnywick.de\/wp-content\/uploads\/2022\/07\/b2.jpg","contentUrl":"https:\/\/johnywick.de\/wp-content\/uploads\/2022\/07\/b2.jpg","width":1080,"height":1080,"caption":"miseczka do kominka na woski zapachowe bia\u0142a2"},{"@type":"BreadcrumbList","@id":"https:\/\/johnywick.pl\/sklep-ze-swiecami\/miseczka-do-kominka-biala\/#breadcrumb","itemListElement":[{"@type":"ListItem","position":1,"name":"Strona g\u0142\u00f3wna","item":"https:\/\/johnywick.pl\/"},{"@type":"ListItem","position":2,"name":"Sklep","item":"https:\/\/johnywick.pl\/sklep\/"},{"@type":"ListItem","position":3,"name":"Miseczka do kominka &#8211; Bia\u0142a"}]},{"@type":"WebSite","@id":"https:\/\/johnywick.pl\/#website","url":"https:\/\/johnywick.pl\/","name":"Sojowe \u015bwiece zapachowe - JohnyWick","description":"Hersteller von Duftkerzen","publisher":{"@id":"https:\/\/johnywick.pl\/#organization"},"potentialAction":[{"@type":"SearchAction","target":{"@type":"EntryPoint","urlTemplate":"https:\/\/johnywick.pl\/?s={search_term_string}"},"query-input":{"@type":"PropertyValueSpecification","valueRequired":true,"valueName":"search_term_string"}}],"inLanguage":"de"},{"@type":"Organization","@id":"https:\/\/johnywick.pl\/#organization","name":"Sojowe \u015bwiece zapachowe - JohnyWick","url":"https:\/\/johnywick.pl\/","logo":{"@type":"ImageObject","inLanguage":"de","@id":"https:\/\/johnywick.pl\/#\/schema\/logo\/image\/","url":"https:\/\/johnywick.de\/wp-content\/uploads\/2022\/05\/logo-W-R.png","contentUrl":"https:\/\/johnywick.de\/wp-content\/uploads\/2022\/05\/logo-W-R.png","width":774,"height":468,"caption":"Sojowe \u015bwiece zapachowe - JohnyWick"},"image":{"@id":"https:\/\/johnywick.pl\/#\/schema\/logo\/image\/"}}]}},"_links":{"self":[{"href":"https:\/\/johnywick.de\/de\/wp-json\/wp\/v2\/product\/33221","targetHints":{"allow":["GET"]}}],"collection":[{"href":"https:\/\/johnywick.de\/de\/wp-json\/wp\/v2\/product"}],"about":[{"href":"https:\/\/johnywick.de\/de\/wp-json\/wp\/v2\/types\/product"}],"wp:featuredmedia":[{"embeddable":true,"href":"https:\/\/johnywick.de\/de\/wp-json\/wp\/v2\/media\/33170"}],"wp:attachment":[{"href":"https:\/\/johnywick.de\/de\/wp-json\/wp\/v2\/media?parent=33221"}],"wp:term":[{"taxonomy":"product_brand","embeddable":true,"href":"https:\/\/johnywick.de\/de\/wp-json\/wp\/v2\/product_brand?post=33221"},{"taxonomy":"product_cat","embeddable":true,"href":"https:\/\/johnywick.de\/de\/wp-json\/wp\/v2\/product_cat?post=33221"},{"taxonomy":"product_tag","embeddable":true,"href":"https:\/\/johnywick.de\/de\/wp-json\/wp\/v2\/product_tag?post=33221"}],"curies":[{"name":"wp","href":"https:\/\/api.w.org\/{rel}","templated":true}]}}