
{"id":33636,"date":"2022-08-31T13:47:36","date_gmt":"2022-08-31T11:47:36","guid":{"rendered":"https:\/\/johnywick.pl\/?post_type=product&#038;p=33636"},"modified":"2025-04-17T13:55:12","modified_gmt":"2025-04-17T11:55:12","slug":"mgielka-zapachowa-ma","status":"publish","type":"product","link":"https:\/\/johnywick.de\/de\/sklep-ze-swiecami\/mgielka-zapachowa-ma\/","title":{"rendered":"Mgie\u0142ka zapachowa &#8211; Mango"},"content":{"rendered":"<div class=\"description-full-columns\">\n<div class=\"description-col1\">\n<div class=\"vc_column-inner\">\n<div class=\"wpb_wrapper\">\n<div class=\"wpb_text_column wpb_content_element\">\n<div class=\"wpb_wrapper\">\n<p><strong>BAZA:<\/strong><br \/>\nMgie\u0142ka zapachowa Johny Wick zosta\u0142a stworzona na uniwersalnej, nietoksycznej bazie, kt\u00f3ra jest odpowiedzi\u0105 na rygorystyczne normy Szwajcarskie i Skandynawskie. Jest to ekologiczna alternatywa dla u\u017cywanych bran\u017cy ropopochodnych substancji.<\/p>\n<p><strong>OLEJKI: <\/strong><br \/>\nWszystkie olejki u\u017cyte w procesie produkcji posiadaj\u0105 CERTYFIKAT ZGODNO\u015aCI IFRA.<\/p>\n<p><strong>OPAKOWANIE:<\/strong><br \/>\nNaczynie u\u017cyte do mgie\u0142ek zapachowych wykonane jest z wysokiej jako\u015bci surowc\u00f3w i charakteryzuje si\u0119 trwa\u0142o\u015bci\u0105 i solidno\u015bci\u0105. Nasze opakowania s\u0105 wielorazowego u\u017cytku, mog\u0105 by\u0107 wt\u00f3rnie wykorzystane, dzi\u0119ki czemu s\u0105 przyjazne dla \u015brodowiska.<\/p>\n<p><strong>WYKONANIE:<\/strong><br \/>\nMgie\u0142ki zapachowe Johny Wick to produkty rzemie\u015blnicze, wykonywane r\u0119cznie w ma\u0142ej pracowni ze szczeg\u00f3ln\u0105 staranno\u015bci\u0105 i dba\u0142o\u015bci\u0105 o detale.<\/p>\n<p><strong>Mgie\u0142ki zapachowe\u00a0 Johny Wick to w 100% produkt polski!<\/strong><\/p>\n<\/div>\n<\/div>\n<\/div>\n<\/div>\n<\/div>\n<div class=\"description-col2\">\n<div class=\"vc_column-inner vc_custom_1490694541710\">\n<div class=\"wpb_wrapper\">\n<div class=\"vc_row wpb_row vc_inner vc_row-fluid\">\n<div class=\"description-col\">\n<div class=\"vc_column-inner\">\n<div class=\"wpb_wrapper\">\n<div class=\"info-box-wrapper\"><\/div>\n<\/div>\n<\/div>\n<\/div>\n<div class=\"description-col\">\n<div class=\"vc_column-inner\">\n<div class=\"wpb_wrapper\">\n<div class=\"info-box-wrapper\">\n<div id=\"wd-5fad4feb7377a\" class=\"woodmart-info-box text-center box-icon-align-top box-style- color-scheme-dark woodmart-bg-none box-title-small\">\n<div class=\"box-icon-wrapper box-with-icon box-icon-simple\">\n<div class=\"info-box-icon\">\n<p><img loading=\"lazy\" decoding=\"async\" class=\"info-icon image-1\" title=\"ikona waga t\u0142o\" src=\"https:\/\/johnywick.pl\/wp-content\/uploads\/2021\/07\/ikona-waga-tlo-60x60-1.png\" alt=\"ikona waga t\u0142o\" width=\"60\" height=\"60\" \/><\/p>\n<\/div>\n<\/div>\n<div class=\"info-box-content\">\n<h4 class=\"info-box-title woodmart-font-weight- box-title-style-default\">GRAMATURA<\/h4>\n<div class=\"info-box-inner reset-mb-10\">\n<h6>Butelka 100 ml<\/h6>\n<\/div>\n<\/div>\n<\/div>\n<\/div>\n<\/div>\n<\/div>\n<\/div>\n<\/div>\n<div class=\"vc_row wpb_row vc_inner vc_row-fluid\">\n<div class=\"description-col\">\n<div class=\"vc_column-inner\">\n<div class=\"wpb_wrapper\">\n<div class=\"info-box-wrapper\">\n<div id=\"wd-5fad500751e05\" class=\"woodmart-info-box text-center box-icon-align-top box-style- color-scheme-dark woodmart-bg-none box-title-small\">\n<div class=\"box-icon-wrapper box-with-icon box-icon-simple\">\n<div class=\"info-box-icon\">\n<p><img loading=\"lazy\" decoding=\"async\" class=\"info-icon image-1\" title=\"ikona olejek t\u0142o\" src=\"https:\/\/johnywick.pl\/wp-content\/uploads\/2021\/07\/ikona-olejek-tlo-60x60-1.png\" alt=\"ikona olejek t\u0142o\" width=\"60\" height=\"60\" \/><\/p>\n<\/div>\n<\/div>\n<div class=\"info-box-content\">\n<h4 class=\"info-box-title woodmart-font-weight- box-title-style-default\">OLEJKI ZAPACHOWE<\/h4>\n<div class=\"info-box-inner reset-mb-10\">\n<h6>Certyfikowane oleje zapachowe o najwy\u017cszej jako\u015bci.<\/h6>\n<\/div>\n<\/div>\n<\/div>\n<\/div>\n<\/div>\n<\/div>\n<\/div>\n<div class=\"description-col\">\n<div class=\"vc_column-inner\">\n<div class=\"wpb_wrapper\">\n<div class=\"info-box-wrapper\"><\/div>\n<\/div>\n<\/div>\n<\/div>\n<\/div>\n<div class=\"vc_row wpb_row vc_inner vc_row-fluid\">\n<div class=\"description-col\">\n<div class=\"vc_column-inner\">\n<div class=\"wpb_wrapper\">\n<div class=\"info-box-wrapper\">\n<div id=\"wd-5fad502fa921e\" class=\"woodmart-info-box text-center box-icon-align-top box-style- color-scheme-dark woodmart-bg-none box-title-small\">\n<div class=\"box-icon-wrapper box-with-icon box-icon-simple\">\n<div class=\"info-box-icon\">\n<p><img loading=\"lazy\" decoding=\"async\" class=\"info-icon image-1\" title=\"ikona r\u0119ka t\u0142o\" src=\"https:\/\/johnywick.pl\/wp-content\/uploads\/2021\/07\/ikona-reka-tlo-60x60-1.png\" alt=\"ikona r\u0119ka t\u0142o\" width=\"60\" height=\"60\" \/><\/p>\n<\/div>\n<\/div>\n<div class=\"info-box-content\">\n<h4 class=\"info-box-title woodmart-font-weight- box-title-style-default\">WYKONANIE<\/h4>\n<div class=\"info-box-inner reset-mb-10\">\n<h6>Ka\u017cda mgie\u0142ka wykonywana jest r\u0119cznie.<\/h6>\n<\/div>\n<\/div>\n<\/div>\n<\/div>\n<\/div>\n<\/div>\n<\/div>\n<div class=\"description-col\">\n<div class=\"vc_column-inner\">\n<div class=\"wpb_wrapper\">\n<div class=\"info-box-wrapper\">\n<div id=\"wd-6023950ca8088\" class=\"woodmart-info-box text-center box-icon-align-top box-style- color-scheme-dark woodmart-bg-none box-title-small\">\n<div class=\"box-icon-wrapper box-with-icon box-icon-simple\">\n<div class=\"info-box-icon\">\n<p><img loading=\"lazy\" decoding=\"async\" class=\"info-icon image-1\" title=\"ikona s\u0142oik t\u0142o\" src=\"https:\/\/johnywick.pl\/wp-content\/uploads\/2021\/07\/ikona-sloik-tlo-60x60-1.png \" alt=\"ikona s\u0142oik t\u0142o\" width=\"60\" height=\"60\" \/><\/p>\n<\/div>\n<\/div>\n<div class=\"info-box-content\">\n<h4 class=\"info-box-title woodmart-font-weight- box-title-style-default\">OPAKOWANIE<\/h4>\n<div class=\"info-box-inner reset-mb-10\">\n<h6>Szklana butelka z bambusowym wieczkiem<\/h6>\n<\/div>\n<\/div>\n<\/div>\n<\/div>\n<\/div>\n<\/div>\n<\/div>\n<\/div>\n<\/div>\n<\/div>\n<\/div>\n<\/div>","protected":false},"excerpt":{"rendered":"<p>W tej niepozornej, ma\u0142ej butelce zamkn\u0119li\u015bmy te same kompozycje zapachowe, kt\u00f3re Was oczarowa\u0142y w \u015bwiecach sojowych. Tym razem wystarczy, \u017ce naci\u015bniesz kilkukrotnie przycisk, \u017ceby od\u015bwie\u017cy\u0107 swoje pomieszczenie i nada\u0107 mu wyj\u0105tkowego charakteru.<\/p>\n<p>Mango od Johny Wick, to niezapomniana podr\u00f3\u017c w dalekie kraje, gdzie r\u00f3wnikowe s\u0142o\u0144ce otula Ci\u0119 przyjemnym ciep\u0142em a delikatny powiew wiatru muska Twoje w\u0142osy. Wystarczy, \u017ce u\u017cyjesz tej mgie\u0142ki zapachowej, zamkniesz oczy i przeniesiesz si\u0119 w przepi\u0119kne egzotyczne miejsce, kt\u00f3rego klimat poczujesz w aromacie mango i papai. Ten zapach powoli Ci na g\u0142\u0119boki relaks i chwil\u0119 zapomnienia. Pozw\u00f3l mi da\u0107 Ci t\u0119 przyjemno\u015b\u0107, obiecuj\u0119 \u017ce b\u0119dziesz zachwycona!<\/p>","protected":false},"featured_media":33639,"template":"","meta":{"_acf_changed":false},"product_brand":[],"product_cat":[139,241],"product_tag":[],"class_list":{"0":"post-33636","1":"product","2":"type-product","3":"status-publish","4":"has-post-thumbnail","6":"product_cat-mgielki-zapachowe","7":"product_cat-owocowe","8":"sales-flash-overlay","9":"woocommerce-text-align-center","10":"woocommerce-image-align-center","11":"do-quantity-buttons","12":"wc-has-gallery","14":"first","15":"instock","16":"taxable","17":"shipping-taxable","18":"purchasable","19":"product-type-simple"},"acf":[],"yoast_head":"<!-- This site is optimized with the Yoast SEO plugin v26.8 - https:\/\/yoast.com\/product\/yoast-seo-wordpress\/ -->\n<title>Mgie\u0142ka zapachowa - Mango - Sojowe \u015bwiece zapachowe - JohnyWick<\/title>\n<meta name=\"robots\" content=\"index, follow, max-snippet:-1, max-image-preview:large, max-video-preview:-1\" \/>\n<link rel=\"canonical\" href=\"https:\/\/johnywick.pl\/sklep-ze-swiecami\/mgielka-zapachowa-ma\/\" \/>\n<meta property=\"og:locale\" content=\"de_DE\" \/>\n<meta property=\"og:type\" content=\"article\" \/>\n<meta property=\"og:title\" content=\"Mgie\u0142ka zapachowa - Mango - Sojowe \u015bwiece zapachowe - JohnyWick\" \/>\n<meta property=\"og:description\" content=\"W tej niepozornej, ma\u0142ej butelce zamkn\u0119li\u015bmy te same kompozycje zapachowe, kt\u00f3re Was oczarowa\u0142y w \u015bwiecach sojowych. Tym razem wystarczy, \u017ce naci\u015bniesz kilkukrotnie przycisk, \u017ceby od\u015bwie\u017cy\u0107 swoje pomieszczenie i nada\u0107 mu wyj\u0105tkowego charakteru.  Mango od Johny Wick, to niezapomniana podr\u00f3\u017c w dalekie kraje, gdzie r\u00f3wnikowe s\u0142o\u0144ce otula Ci\u0119 przyjemnym ciep\u0142em a delikatny powiew wiatru muska Twoje w\u0142osy. Wystarczy, \u017ce u\u017cyjesz tej mgie\u0142ki zapachowej, zamkniesz oczy i przeniesiesz si\u0119 w przepi\u0119kne egzotyczne miejsce, kt\u00f3rego klimat poczujesz w aromacie mango i papai. Ten zapach powoli Ci na g\u0142\u0119boki relaks i chwil\u0119 zapomnienia. Pozw\u00f3l mi da\u0107 Ci t\u0119 przyjemno\u015b\u0107, obiecuj\u0119 \u017ce b\u0119dziesz zachwycona!\" \/>\n<meta property=\"og:url\" content=\"https:\/\/johnywick.pl\/sklep-ze-swiecami\/mgielka-zapachowa-ma\/\" \/>\n<meta property=\"og:site_name\" content=\"Sojowe \u015bwiece zapachowe - JohnyWick\" \/>\n<meta property=\"article:modified_time\" content=\"2025-04-17T11:55:12+00:00\" \/>\n<meta property=\"og:image\" content=\"https:\/\/johnywick.pl\/wp-content\/uploads\/2022\/08\/mango2.jpg\" \/>\n\t<meta property=\"og:image:width\" content=\"1080\" \/>\n\t<meta property=\"og:image:height\" content=\"1080\" \/>\n\t<meta property=\"og:image:type\" content=\"image\/jpeg\" \/>\n<meta name=\"twitter:card\" content=\"summary_large_image\" \/>\n<meta name=\"twitter:label1\" content=\"Est. reading time\" \/>\n\t<meta name=\"twitter:data1\" content=\"2\u00a0Minuten\" \/>\n<script type=\"application\/ld+json\" class=\"yoast-schema-graph\">{\"@context\":\"https:\/\/schema.org\",\"@graph\":[{\"@type\":\"WebPage\",\"@id\":\"https:\/\/johnywick.pl\/sklep-ze-swiecami\/mgielka-zapachowa-ma\/\",\"url\":\"https:\/\/johnywick.pl\/sklep-ze-swiecami\/mgielka-zapachowa-ma\/\",\"name\":\"Mgie\u0142ka zapachowa - Mango - Sojowe \u015bwiece zapachowe - JohnyWick\",\"isPartOf\":{\"@id\":\"https:\/\/johnywick.pl\/#website\"},\"primaryImageOfPage\":{\"@id\":\"https:\/\/johnywick.pl\/sklep-ze-swiecami\/mgielka-zapachowa-ma\/#primaryimage\"},\"image\":{\"@id\":\"https:\/\/johnywick.pl\/sklep-ze-swiecami\/mgielka-zapachowa-ma\/#primaryimage\"},\"thumbnailUrl\":\"https:\/\/johnywick.de\/wp-content\/uploads\/2022\/08\/mango2.jpg\",\"datePublished\":\"2022-08-31T11:47:36+00:00\",\"dateModified\":\"2025-04-17T11:55:12+00:00\",\"breadcrumb\":{\"@id\":\"https:\/\/johnywick.pl\/sklep-ze-swiecami\/mgielka-zapachowa-ma\/#breadcrumb\"},\"inLanguage\":\"de\",\"potentialAction\":[{\"@type\":\"ReadAction\",\"target\":[\"https:\/\/johnywick.pl\/sklep-ze-swiecami\/mgielka-zapachowa-ma\/\"]}]},{\"@type\":\"ImageObject\",\"inLanguage\":\"de\",\"@id\":\"https:\/\/johnywick.pl\/sklep-ze-swiecami\/mgielka-zapachowa-ma\/#primaryimage\",\"url\":\"https:\/\/johnywick.de\/wp-content\/uploads\/2022\/08\/mango2.jpg\",\"contentUrl\":\"https:\/\/johnywick.de\/wp-content\/uploads\/2022\/08\/mango2.jpg\",\"width\":1080,\"height\":1080,\"caption\":\"mgie\u0142ka zapachowa mango\"},{\"@type\":\"BreadcrumbList\",\"@id\":\"https:\/\/johnywick.pl\/sklep-ze-swiecami\/mgielka-zapachowa-ma\/#breadcrumb\",\"itemListElement\":[{\"@type\":\"ListItem\",\"position\":1,\"name\":\"Strona g\u0142\u00f3wna\",\"item\":\"https:\/\/johnywick.pl\/\"},{\"@type\":\"ListItem\",\"position\":2,\"name\":\"Sklep\",\"item\":\"https:\/\/johnywick.pl\/sklep\/\"},{\"@type\":\"ListItem\",\"position\":3,\"name\":\"Mgie\u0142ka zapachowa &#8211; Mango\"}]},{\"@type\":\"WebSite\",\"@id\":\"https:\/\/johnywick.pl\/#website\",\"url\":\"https:\/\/johnywick.pl\/\",\"name\":\"Sojowe \u015bwiece zapachowe - JohnyWick\",\"description\":\"Producent \u015bwiec zapachowych\",\"publisher\":{\"@id\":\"https:\/\/johnywick.pl\/#organization\"},\"potentialAction\":[{\"@type\":\"SearchAction\",\"target\":{\"@type\":\"EntryPoint\",\"urlTemplate\":\"https:\/\/johnywick.pl\/?s={search_term_string}\"},\"query-input\":{\"@type\":\"PropertyValueSpecification\",\"valueRequired\":true,\"valueName\":\"search_term_string\"}}],\"inLanguage\":\"de\"},{\"@type\":\"Organization\",\"@id\":\"https:\/\/johnywick.pl\/#organization\",\"name\":\"Sojowe \u015bwiece zapachowe - JohnyWick\",\"url\":\"https:\/\/johnywick.pl\/\",\"logo\":{\"@type\":\"ImageObject\",\"inLanguage\":\"de\",\"@id\":\"https:\/\/johnywick.pl\/#\/schema\/logo\/image\/\",\"url\":\"https:\/\/johnywick.de\/wp-content\/uploads\/2022\/05\/logo-W-R.png\",\"contentUrl\":\"https:\/\/johnywick.de\/wp-content\/uploads\/2022\/05\/logo-W-R.png\",\"width\":774,\"height\":468,\"caption\":\"Sojowe \u015bwiece zapachowe - JohnyWick\"},\"image\":{\"@id\":\"https:\/\/johnywick.pl\/#\/schema\/logo\/image\/\"}}]}<\/script>\n<!-- \/ Yoast SEO plugin. -->","yoast_head_json":{"title":"Mgie\u0142ka zapachowa - Mango - Sojowe \u015bwiece zapachowe - JohnyWick","robots":{"index":"index","follow":"follow","max-snippet":"max-snippet:-1","max-image-preview":"max-image-preview:large","max-video-preview":"max-video-preview:-1"},"canonical":"https:\/\/johnywick.pl\/sklep-ze-swiecami\/mgielka-zapachowa-ma\/","og_locale":"de_DE","og_type":"article","og_title":"Mgie\u0142ka zapachowa - Mango - Sojowe \u015bwiece zapachowe - JohnyWick","og_description":"W tej niepozornej, ma\u0142ej butelce zamkn\u0119li\u015bmy te same kompozycje zapachowe, kt\u00f3re Was oczarowa\u0142y w \u015bwiecach sojowych. Tym razem wystarczy, \u017ce naci\u015bniesz kilkukrotnie przycisk, \u017ceby od\u015bwie\u017cy\u0107 swoje pomieszczenie i nada\u0107 mu wyj\u0105tkowego charakteru.  Mango od Johny Wick, to niezapomniana podr\u00f3\u017c w dalekie kraje, gdzie r\u00f3wnikowe s\u0142o\u0144ce otula Ci\u0119 przyjemnym ciep\u0142em a delikatny powiew wiatru muska Twoje w\u0142osy. Wystarczy, \u017ce u\u017cyjesz tej mgie\u0142ki zapachowej, zamkniesz oczy i przeniesiesz si\u0119 w przepi\u0119kne egzotyczne miejsce, kt\u00f3rego klimat poczujesz w aromacie mango i papai. Ten zapach powoli Ci na g\u0142\u0119boki relaks i chwil\u0119 zapomnienia. Pozw\u00f3l mi da\u0107 Ci t\u0119 przyjemno\u015b\u0107, obiecuj\u0119 \u017ce b\u0119dziesz zachwycona!","og_url":"https:\/\/johnywick.pl\/sklep-ze-swiecami\/mgielka-zapachowa-ma\/","og_site_name":"Sojowe \u015bwiece zapachowe - JohnyWick","article_modified_time":"2025-04-17T11:55:12+00:00","og_image":[{"width":1080,"height":1080,"url":"https:\/\/johnywick.pl\/wp-content\/uploads\/2022\/08\/mango2.jpg","type":"image\/jpeg"}],"twitter_card":"summary_large_image","twitter_misc":{"Est. reading time":"2\u00a0Minuten"},"schema":{"@context":"https:\/\/schema.org","@graph":[{"@type":"WebPage","@id":"https:\/\/johnywick.pl\/sklep-ze-swiecami\/mgielka-zapachowa-ma\/","url":"https:\/\/johnywick.pl\/sklep-ze-swiecami\/mgielka-zapachowa-ma\/","name":"Mgie\u0142ka zapachowa - Mango - Sojowe \u015bwiece zapachowe - JohnyWick","isPartOf":{"@id":"https:\/\/johnywick.pl\/#website"},"primaryImageOfPage":{"@id":"https:\/\/johnywick.pl\/sklep-ze-swiecami\/mgielka-zapachowa-ma\/#primaryimage"},"image":{"@id":"https:\/\/johnywick.pl\/sklep-ze-swiecami\/mgielka-zapachowa-ma\/#primaryimage"},"thumbnailUrl":"https:\/\/johnywick.de\/wp-content\/uploads\/2022\/08\/mango2.jpg","datePublished":"2022-08-31T11:47:36+00:00","dateModified":"2025-04-17T11:55:12+00:00","breadcrumb":{"@id":"https:\/\/johnywick.pl\/sklep-ze-swiecami\/mgielka-zapachowa-ma\/#breadcrumb"},"inLanguage":"de","potentialAction":[{"@type":"ReadAction","target":["https:\/\/johnywick.pl\/sklep-ze-swiecami\/mgielka-zapachowa-ma\/"]}]},{"@type":"ImageObject","inLanguage":"de","@id":"https:\/\/johnywick.pl\/sklep-ze-swiecami\/mgielka-zapachowa-ma\/#primaryimage","url":"https:\/\/johnywick.de\/wp-content\/uploads\/2022\/08\/mango2.jpg","contentUrl":"https:\/\/johnywick.de\/wp-content\/uploads\/2022\/08\/mango2.jpg","width":1080,"height":1080,"caption":"mgie\u0142ka zapachowa mango"},{"@type":"BreadcrumbList","@id":"https:\/\/johnywick.pl\/sklep-ze-swiecami\/mgielka-zapachowa-ma\/#breadcrumb","itemListElement":[{"@type":"ListItem","position":1,"name":"Strona g\u0142\u00f3wna","item":"https:\/\/johnywick.pl\/"},{"@type":"ListItem","position":2,"name":"Sklep","item":"https:\/\/johnywick.pl\/sklep\/"},{"@type":"ListItem","position":3,"name":"Mgie\u0142ka zapachowa &#8211; Mango"}]},{"@type":"WebSite","@id":"https:\/\/johnywick.pl\/#website","url":"https:\/\/johnywick.pl\/","name":"Sojowe \u015bwiece zapachowe - JohnyWick","description":"Hersteller von Duftkerzen","publisher":{"@id":"https:\/\/johnywick.pl\/#organization"},"potentialAction":[{"@type":"SearchAction","target":{"@type":"EntryPoint","urlTemplate":"https:\/\/johnywick.pl\/?s={search_term_string}"},"query-input":{"@type":"PropertyValueSpecification","valueRequired":true,"valueName":"search_term_string"}}],"inLanguage":"de"},{"@type":"Organization","@id":"https:\/\/johnywick.pl\/#organization","name":"Sojowe \u015bwiece zapachowe - JohnyWick","url":"https:\/\/johnywick.pl\/","logo":{"@type":"ImageObject","inLanguage":"de","@id":"https:\/\/johnywick.pl\/#\/schema\/logo\/image\/","url":"https:\/\/johnywick.de\/wp-content\/uploads\/2022\/05\/logo-W-R.png","contentUrl":"https:\/\/johnywick.de\/wp-content\/uploads\/2022\/05\/logo-W-R.png","width":774,"height":468,"caption":"Sojowe \u015bwiece zapachowe - JohnyWick"},"image":{"@id":"https:\/\/johnywick.pl\/#\/schema\/logo\/image\/"}}]}},"_links":{"self":[{"href":"https:\/\/johnywick.de\/de\/wp-json\/wp\/v2\/product\/33636","targetHints":{"allow":["GET"]}}],"collection":[{"href":"https:\/\/johnywick.de\/de\/wp-json\/wp\/v2\/product"}],"about":[{"href":"https:\/\/johnywick.de\/de\/wp-json\/wp\/v2\/types\/product"}],"wp:featuredmedia":[{"embeddable":true,"href":"https:\/\/johnywick.de\/de\/wp-json\/wp\/v2\/media\/33639"}],"wp:attachment":[{"href":"https:\/\/johnywick.de\/de\/wp-json\/wp\/v2\/media?parent=33636"}],"wp:term":[{"taxonomy":"product_brand","embeddable":true,"href":"https:\/\/johnywick.de\/de\/wp-json\/wp\/v2\/product_brand?post=33636"},{"taxonomy":"product_cat","embeddable":true,"href":"https:\/\/johnywick.de\/de\/wp-json\/wp\/v2\/product_cat?post=33636"},{"taxonomy":"product_tag","embeddable":true,"href":"https:\/\/johnywick.de\/de\/wp-json\/wp\/v2\/product_tag?post=33636"}],"curies":[{"name":"wp","href":"https:\/\/api.w.org\/{rel}","templated":true}]}}