
{"id":34013,"date":"2022-10-19T12:38:39","date_gmt":"2022-10-19T10:38:39","guid":{"rendered":"https:\/\/johnywick.pl\/?post_type=product&#038;p=34013"},"modified":"2026-03-16T20:56:48","modified_gmt":"2026-03-16T19:56:48","slug":"dlugie-zapalki","status":"publish","type":"product","link":"https:\/\/johnywick.de\/de\/sklep-ze-swiecami\/dlugie-zapalki\/","title":{"rendered":"D\u0142ugie zapa\u0142ki Johny Wick"},"content":{"rendered":"<div class=\"description-full-columns\">\n<div class=\"description-col1\">\n<div class=\"vc_column-inner\">\n<div class=\"wpb_wrapper\">\n<div class=\"wpb_text_column wpb_content_element\">\n<div class=\"wpb_wrapper\">\n<p>    <strong>WYKONANIE:<\/strong><br \/>\n    Te solidne, d\u0142ugie zapa\u0142ki Johny Wick r\u00f3wnie\u017c zapakowali\u015bmy w nasze minimalistyczne s\u0142oiczki, kt\u00f3re b\u0119d\u0105 nieod\u0142\u0105czn\u0105 cz\u0119\u015bci\u0105 Twojej ulubionej kolekcji. Wystarczy, \u017ce wyci\u0105gniesz jedn\u0105 zapa\u0142k\u0119, odpalisz\u0105 j\u0105 od draski na spodzie s\u0142oika i mo\u017cesz odpali\u0107 sw\u00f3j ulubiony zapach zatopiony w \u015bwiecy.<\/p>\n<p>    &nbsp;<\/p><\/div>\n<\/p><\/div>\n<\/p><\/div>\n<\/p><\/div>\n<\/p><\/div>\n<div class=\"description-col2\">\n<div class=\"vc_column-inner vc_custom_1490694541710\">\n<div class=\"wpb_wrapper\">\n<div class=\"vc_row wpb_row vc_inner vc_row-fluid\">\n<div class=\"description-col\">\n<div class=\"vc_column-inner\">\n<div class=\"wpb_wrapper\">\n<div class=\"info-box-wrapper\">\n<div id=\"wd-5fad4feb7377a\" class=\"woodmart-info-box text-center box-icon-align-top box-style- color-scheme-dark woodmart-bg-none box-title-small\">\n<div class=\"box-icon-wrapper box-with-icon box-icon-simple\">\n<div class=\"info-box-icon\">\n<p>    <img loading=\"lazy\" decoding=\"async\" class=\"info-icon image-1\" title=\"ikona waga t\u0142o\" src=\"https:\/\/johnywick.pl\/wp-content\/uploads\/2020\/11\/ikona-wymiar-tlo.png\" alt=\"ikona waga t\u0142o\" width=\"60\" height=\"60\" \/><\/p><\/div>\n<\/p><\/div>\n<div class=\"info-box-content\">\n<h4 class=\"info-box-title woodmart-font-weight- box-title-style-default\">WYMIARY<\/h4>\n<div class=\"info-box-inner reset-mb-10\">\n<h6>S\u0142oiczek &#8211; oko\u0142o 11 cm x 5 cm <\/h6>\n<\/p><\/div>\n<\/p><\/div>\n<\/p><\/div>\n<\/p><\/div>\n<\/p><\/div>\n<\/p><\/div>\n<\/p><\/div>\n<\/p><\/div>\n<div class=\"vc_row wpb_row vc_inner vc_row-fluid\">\n<div class=\"description-col\">\n<div class=\"vc_column-inner\">\n<div class=\"wpb_wrapper\">\n<div class=\"info-box-wrapper\">\n<div id=\"wd-5fad500751e05\" class=\"woodmart-info-box text-center box-icon-align-top box-style- color-scheme-dark woodmart-bg-none box-title-small\">\n<div class=\"box-icon-wrapper box-with-icon box-icon-simple\">\n<div class=\"info-box-icon\">\n<p>    <img loading=\"lazy\" decoding=\"async\" class=\"info-icon image-1\" title=\"ikona olejek t\u0142o\" src=\"https:\/\/johnywick.pl\/wp-content\/uploads\/2020\/11\/ikona-design-tlo.png\" alt=\"ikona olejek t\u0142o\" width=\"60\" height=\"60\" \/><\/p><\/div>\n<\/p><\/div>\n<div class=\"info-box-content\">\n<h4 class=\"info-box-title woodmart-font-weight- box-title-style-default\">DESIGN<\/h4>\n<div class=\"info-box-inner reset-mb-10\">\n<h6>Minimalistyczny wygl\u0105d pasuj\u0105cy do ka\u017cdego wn\u0119trza<\/h6>\n<\/p><\/div>\n<\/p><\/div>\n<\/p><\/div>\n<\/p><\/div>\n<\/p><\/div>\n<\/p><\/div>\n<\/p><\/div>\n<div class=\"description-col\">\n<div class=\"vc_column-inner\">\n<div class=\"wpb_wrapper\">\n<div class=\"info-box-wrapper\">\n<div id=\"wd-5fad501cdcbda\" class=\"woodmart-info-box text-center box-icon-align-top box-style- color-scheme-dark woodmart-bg-none box-title-small\">\n<div class=\"box-icon-wrapper box-with-icon box-icon-simple\">\n<div class=\"info-box-icon\">\n<p>    <img loading=\"lazy\" decoding=\"async\" class=\"info-icon image-1\" title=\"ikona eco t\u0142o\" src=\"https:\/\/johnywick.pl\/wp-content\/uploads\/2020\/11\/ikona-wybor-tlo.png\" alt=\"ikona eco t\u0142o\" width=\"60\" height=\"60\" \/><\/p><\/div>\n<\/p><\/div>\n<div class=\"info-box-content\">\n<h4 class=\"info-box-title woodmart-font-weight- box-title-style-default\">ILO\u015a\u0106<\/h4>\n<div class=\"info-box-inner reset-mb-10\">\n<h6> Oko\u0142o 80 sztuk d\u0142ugich zapa\u0142ek (+\/- 5%) <\/h6>\n<\/p><\/div>\n<\/p><\/div>\n<\/p><\/div>\n<\/p><\/div>\n<\/p><\/div>\n<\/p><\/div>\n<\/p><\/div>\n<\/p><\/div>\n<\/p><\/div>\n<\/p><\/div>\n<\/p><\/div>\n<\/p><\/div>","protected":false},"excerpt":{"rendered":"<p>Od zawsze wydawa\u0142o mi si\u0119, \u017ce w\u0142a\u015bciwe palenie sojowych \u015bwiec zapachowych wymaga nie tylko podstawowej wiedzy ale r\u00f3wnie\u017c odpowiednich narz\u0119dzi. Dlatego mam \u015bwietne wie\u015bci dla wszystkich mi\u0142o\u015bnik\u00f3w naszych \u015bwiec! Od teraz mo\u017cemy je odpala\u0107 w wygodny spos\u00f3b przy u\u017cyciu d\u0142ugich zapa\u0142ek w naszym unikatowym s\u0142oiczku! Zapa\u0142ki s\u0105 odpowiedniej d\u0142ugo\u015bci oraz grubo\u015bci, co wyklucza ich \u0142amanie. Natomiast samo opakowanie ponownie b\u0119dzie pi\u0119kn\u0105 ozdob\u0105 Twojego wn\u0119trza! <\/p>","protected":false},"featured_media":34016,"template":"","meta":{"_acf_changed":false},"product_brand":[],"product_cat":[391,364],"product_tag":[],"class_list":{"0":"post-34013","1":"product","2":"type-product","3":"status-publish","4":"has-post-thumbnail","6":"product_cat-akcesoria","7":"product_cat-nowosci","8":"sales-flash-overlay","9":"woocommerce-text-align-center","10":"woocommerce-image-align-center","11":"do-quantity-buttons","12":"wc-has-gallery","14":"first","15":"instock","16":"taxable","17":"shipping-taxable","18":"purchasable","19":"product-type-simple"},"acf":[],"yoast_head":"<!-- This site is optimized with the Yoast SEO plugin v26.8 - https:\/\/yoast.com\/product\/yoast-seo-wordpress\/ -->\n<title>D\u0142ugie zapa\u0142ki Johny Wick - Sojowe \u015bwiece zapachowe - JohnyWick<\/title>\n<meta name=\"robots\" content=\"index, follow, max-snippet:-1, max-image-preview:large, max-video-preview:-1\" \/>\n<link rel=\"canonical\" href=\"https:\/\/johnywick.pl\/sklep-ze-swiecami\/dlugie-zapalki\/\" \/>\n<meta property=\"og:locale\" content=\"de_DE\" \/>\n<meta property=\"og:type\" content=\"article\" \/>\n<meta property=\"og:title\" content=\"D\u0142ugie zapa\u0142ki Johny Wick - Sojowe \u015bwiece zapachowe - JohnyWick\" \/>\n<meta property=\"og:description\" content=\"Od zawsze wydawa\u0142o mi si\u0119, \u017ce w\u0142a\u015bciwe palenie sojowych \u015bwiec zapachowych wymaga nie tylko podstawowej wiedzy ale r\u00f3wnie\u017c odpowiednich narz\u0119dzi. Dlatego mam \u015bwietne wie\u015bci dla wszystkich mi\u0142o\u015bnik\u00f3w naszych \u015bwiec! Od teraz mo\u017cemy je odpala\u0107 w wygodny spos\u00f3b przy u\u017cyciu d\u0142ugich zapa\u0142ek w naszym unikatowym s\u0142oiczku! Zapa\u0142ki s\u0105 odpowiedniej d\u0142ugo\u015bci oraz grubo\u015bci, co wyklucza ich \u0142amanie. Natomiast samo opakowanie ponownie b\u0119dzie pi\u0119kn\u0105 ozdob\u0105 Twojego wn\u0119trza!\" \/>\n<meta property=\"og:url\" content=\"https:\/\/johnywick.pl\/sklep-ze-swiecami\/dlugie-zapalki\/\" \/>\n<meta property=\"og:site_name\" content=\"Sojowe \u015bwiece zapachowe - JohnyWick\" \/>\n<meta property=\"article:modified_time\" content=\"2026-03-16T19:56:48+00:00\" \/>\n<meta property=\"og:image\" content=\"https:\/\/johnywick.pl\/wp-content\/uploads\/2022\/10\/sloik-zapalki-rozsypane.jpg\" \/>\n\t<meta property=\"og:image:width\" content=\"1080\" \/>\n\t<meta property=\"og:image:height\" content=\"1080\" \/>\n\t<meta property=\"og:image:type\" content=\"image\/jpeg\" \/>\n<meta name=\"twitter:card\" content=\"summary_large_image\" \/>\n<meta name=\"twitter:label1\" content=\"Est. reading time\" \/>\n\t<meta name=\"twitter:data1\" content=\"1\u00a0Minute\" \/>\n<script type=\"application\/ld+json\" class=\"yoast-schema-graph\">{\"@context\":\"https:\/\/schema.org\",\"@graph\":[{\"@type\":\"WebPage\",\"@id\":\"https:\/\/johnywick.pl\/sklep-ze-swiecami\/dlugie-zapalki\/\",\"url\":\"https:\/\/johnywick.pl\/sklep-ze-swiecami\/dlugie-zapalki\/\",\"name\":\"D\u0142ugie zapa\u0142ki Johny Wick - Sojowe \u015bwiece zapachowe - JohnyWick\",\"isPartOf\":{\"@id\":\"https:\/\/johnywick.pl\/#website\"},\"primaryImageOfPage\":{\"@id\":\"https:\/\/johnywick.pl\/sklep-ze-swiecami\/dlugie-zapalki\/#primaryimage\"},\"image\":{\"@id\":\"https:\/\/johnywick.pl\/sklep-ze-swiecami\/dlugie-zapalki\/#primaryimage\"},\"thumbnailUrl\":\"https:\/\/johnywick.de\/wp-content\/uploads\/2022\/10\/sloik-zapalki-rozsypane.jpg\",\"datePublished\":\"2022-10-19T10:38:39+00:00\",\"dateModified\":\"2026-03-16T19:56:48+00:00\",\"breadcrumb\":{\"@id\":\"https:\/\/johnywick.pl\/sklep-ze-swiecami\/dlugie-zapalki\/#breadcrumb\"},\"inLanguage\":\"de\",\"potentialAction\":[{\"@type\":\"ReadAction\",\"target\":[\"https:\/\/johnywick.pl\/sklep-ze-swiecami\/dlugie-zapalki\/\"]}]},{\"@type\":\"ImageObject\",\"inLanguage\":\"de\",\"@id\":\"https:\/\/johnywick.pl\/sklep-ze-swiecami\/dlugie-zapalki\/#primaryimage\",\"url\":\"https:\/\/johnywick.de\/wp-content\/uploads\/2022\/10\/sloik-zapalki-rozsypane.jpg\",\"contentUrl\":\"https:\/\/johnywick.de\/wp-content\/uploads\/2022\/10\/sloik-zapalki-rozsypane.jpg\",\"width\":1080,\"height\":1080},{\"@type\":\"BreadcrumbList\",\"@id\":\"https:\/\/johnywick.pl\/sklep-ze-swiecami\/dlugie-zapalki\/#breadcrumb\",\"itemListElement\":[{\"@type\":\"ListItem\",\"position\":1,\"name\":\"Strona g\u0142\u00f3wna\",\"item\":\"https:\/\/johnywick.pl\/\"},{\"@type\":\"ListItem\",\"position\":2,\"name\":\"Sklep\",\"item\":\"https:\/\/johnywick.pl\/sklep\/\"},{\"@type\":\"ListItem\",\"position\":3,\"name\":\"D\u0142ugie zapa\u0142ki Johny Wick\"}]},{\"@type\":\"WebSite\",\"@id\":\"https:\/\/johnywick.pl\/#website\",\"url\":\"https:\/\/johnywick.pl\/\",\"name\":\"Sojowe \u015bwiece zapachowe - JohnyWick\",\"description\":\"Producent \u015bwiec zapachowych\",\"publisher\":{\"@id\":\"https:\/\/johnywick.pl\/#organization\"},\"potentialAction\":[{\"@type\":\"SearchAction\",\"target\":{\"@type\":\"EntryPoint\",\"urlTemplate\":\"https:\/\/johnywick.pl\/?s={search_term_string}\"},\"query-input\":{\"@type\":\"PropertyValueSpecification\",\"valueRequired\":true,\"valueName\":\"search_term_string\"}}],\"inLanguage\":\"de\"},{\"@type\":\"Organization\",\"@id\":\"https:\/\/johnywick.pl\/#organization\",\"name\":\"Sojowe \u015bwiece zapachowe - JohnyWick\",\"url\":\"https:\/\/johnywick.pl\/\",\"logo\":{\"@type\":\"ImageObject\",\"inLanguage\":\"de\",\"@id\":\"https:\/\/johnywick.pl\/#\/schema\/logo\/image\/\",\"url\":\"https:\/\/johnywick.de\/wp-content\/uploads\/2022\/05\/logo-W-R.png\",\"contentUrl\":\"https:\/\/johnywick.de\/wp-content\/uploads\/2022\/05\/logo-W-R.png\",\"width\":774,\"height\":468,\"caption\":\"Sojowe \u015bwiece zapachowe - JohnyWick\"},\"image\":{\"@id\":\"https:\/\/johnywick.pl\/#\/schema\/logo\/image\/\"}}]}<\/script>\n<!-- \/ Yoast SEO plugin. -->","yoast_head_json":{"title":"D\u0142ugie zapa\u0142ki Johny Wick - Sojowe \u015bwiece zapachowe - JohnyWick","robots":{"index":"index","follow":"follow","max-snippet":"max-snippet:-1","max-image-preview":"max-image-preview:large","max-video-preview":"max-video-preview:-1"},"canonical":"https:\/\/johnywick.pl\/sklep-ze-swiecami\/dlugie-zapalki\/","og_locale":"de_DE","og_type":"article","og_title":"D\u0142ugie zapa\u0142ki Johny Wick - Sojowe \u015bwiece zapachowe - JohnyWick","og_description":"Od zawsze wydawa\u0142o mi si\u0119, \u017ce w\u0142a\u015bciwe palenie sojowych \u015bwiec zapachowych wymaga nie tylko podstawowej wiedzy ale r\u00f3wnie\u017c odpowiednich narz\u0119dzi. Dlatego mam \u015bwietne wie\u015bci dla wszystkich mi\u0142o\u015bnik\u00f3w naszych \u015bwiec! Od teraz mo\u017cemy je odpala\u0107 w wygodny spos\u00f3b przy u\u017cyciu d\u0142ugich zapa\u0142ek w naszym unikatowym s\u0142oiczku! Zapa\u0142ki s\u0105 odpowiedniej d\u0142ugo\u015bci oraz grubo\u015bci, co wyklucza ich \u0142amanie. Natomiast samo opakowanie ponownie b\u0119dzie pi\u0119kn\u0105 ozdob\u0105 Twojego wn\u0119trza!","og_url":"https:\/\/johnywick.pl\/sklep-ze-swiecami\/dlugie-zapalki\/","og_site_name":"Sojowe \u015bwiece zapachowe - JohnyWick","article_modified_time":"2026-03-16T19:56:48+00:00","og_image":[{"width":1080,"height":1080,"url":"https:\/\/johnywick.pl\/wp-content\/uploads\/2022\/10\/sloik-zapalki-rozsypane.jpg","type":"image\/jpeg"}],"twitter_card":"summary_large_image","twitter_misc":{"Est. reading time":"1\u00a0Minute"},"schema":{"@context":"https:\/\/schema.org","@graph":[{"@type":"WebPage","@id":"https:\/\/johnywick.pl\/sklep-ze-swiecami\/dlugie-zapalki\/","url":"https:\/\/johnywick.pl\/sklep-ze-swiecami\/dlugie-zapalki\/","name":"D\u0142ugie zapa\u0142ki Johny Wick - Sojowe \u015bwiece zapachowe - JohnyWick","isPartOf":{"@id":"https:\/\/johnywick.pl\/#website"},"primaryImageOfPage":{"@id":"https:\/\/johnywick.pl\/sklep-ze-swiecami\/dlugie-zapalki\/#primaryimage"},"image":{"@id":"https:\/\/johnywick.pl\/sklep-ze-swiecami\/dlugie-zapalki\/#primaryimage"},"thumbnailUrl":"https:\/\/johnywick.de\/wp-content\/uploads\/2022\/10\/sloik-zapalki-rozsypane.jpg","datePublished":"2022-10-19T10:38:39+00:00","dateModified":"2026-03-16T19:56:48+00:00","breadcrumb":{"@id":"https:\/\/johnywick.pl\/sklep-ze-swiecami\/dlugie-zapalki\/#breadcrumb"},"inLanguage":"de","potentialAction":[{"@type":"ReadAction","target":["https:\/\/johnywick.pl\/sklep-ze-swiecami\/dlugie-zapalki\/"]}]},{"@type":"ImageObject","inLanguage":"de","@id":"https:\/\/johnywick.pl\/sklep-ze-swiecami\/dlugie-zapalki\/#primaryimage","url":"https:\/\/johnywick.de\/wp-content\/uploads\/2022\/10\/sloik-zapalki-rozsypane.jpg","contentUrl":"https:\/\/johnywick.de\/wp-content\/uploads\/2022\/10\/sloik-zapalki-rozsypane.jpg","width":1080,"height":1080},{"@type":"BreadcrumbList","@id":"https:\/\/johnywick.pl\/sklep-ze-swiecami\/dlugie-zapalki\/#breadcrumb","itemListElement":[{"@type":"ListItem","position":1,"name":"Strona g\u0142\u00f3wna","item":"https:\/\/johnywick.pl\/"},{"@type":"ListItem","position":2,"name":"Sklep","item":"https:\/\/johnywick.pl\/sklep\/"},{"@type":"ListItem","position":3,"name":"D\u0142ugie zapa\u0142ki Johny Wick"}]},{"@type":"WebSite","@id":"https:\/\/johnywick.pl\/#website","url":"https:\/\/johnywick.pl\/","name":"Sojowe \u015bwiece zapachowe - JohnyWick","description":"Hersteller von Duftkerzen","publisher":{"@id":"https:\/\/johnywick.pl\/#organization"},"potentialAction":[{"@type":"SearchAction","target":{"@type":"EntryPoint","urlTemplate":"https:\/\/johnywick.pl\/?s={search_term_string}"},"query-input":{"@type":"PropertyValueSpecification","valueRequired":true,"valueName":"search_term_string"}}],"inLanguage":"de"},{"@type":"Organization","@id":"https:\/\/johnywick.pl\/#organization","name":"Sojowe \u015bwiece zapachowe - JohnyWick","url":"https:\/\/johnywick.pl\/","logo":{"@type":"ImageObject","inLanguage":"de","@id":"https:\/\/johnywick.pl\/#\/schema\/logo\/image\/","url":"https:\/\/johnywick.de\/wp-content\/uploads\/2022\/05\/logo-W-R.png","contentUrl":"https:\/\/johnywick.de\/wp-content\/uploads\/2022\/05\/logo-W-R.png","width":774,"height":468,"caption":"Sojowe \u015bwiece zapachowe - JohnyWick"},"image":{"@id":"https:\/\/johnywick.pl\/#\/schema\/logo\/image\/"}}]}},"_links":{"self":[{"href":"https:\/\/johnywick.de\/de\/wp-json\/wp\/v2\/product\/34013","targetHints":{"allow":["GET"]}}],"collection":[{"href":"https:\/\/johnywick.de\/de\/wp-json\/wp\/v2\/product"}],"about":[{"href":"https:\/\/johnywick.de\/de\/wp-json\/wp\/v2\/types\/product"}],"wp:featuredmedia":[{"embeddable":true,"href":"https:\/\/johnywick.de\/de\/wp-json\/wp\/v2\/media\/34016"}],"wp:attachment":[{"href":"https:\/\/johnywick.de\/de\/wp-json\/wp\/v2\/media?parent=34013"}],"wp:term":[{"taxonomy":"product_brand","embeddable":true,"href":"https:\/\/johnywick.de\/de\/wp-json\/wp\/v2\/product_brand?post=34013"},{"taxonomy":"product_cat","embeddable":true,"href":"https:\/\/johnywick.de\/de\/wp-json\/wp\/v2\/product_cat?post=34013"},{"taxonomy":"product_tag","embeddable":true,"href":"https:\/\/johnywick.de\/de\/wp-json\/wp\/v2\/product_tag?post=34013"}],"curies":[{"name":"wp","href":"https:\/\/api.w.org\/{rel}","templated":true}]}}