
{"id":35288,"date":"2023-01-20T14:43:54","date_gmt":"2023-01-20T13:43:54","guid":{"rendered":"https:\/\/johnywick.pl\/?post_type=product&#038;p=35288"},"modified":"2026-03-18T22:28:11","modified_gmt":"2026-03-18T21:28:11","slug":"dyfuzor-zapachowy-aksamitny-palisander","status":"publish","type":"product","link":"https:\/\/johnywick.de\/de\/sklep-ze-swiecami\/dyfuzor-zapachowy-aksamitny-palisander\/","title":{"rendered":"Duftdiffusor \u2013 Samtiges Palisanderholz"},"content":{"rendered":"<div class=\"description-full-columns\">\n<div class=\"description-col1\">\n<div class=\"vc_column-inner\">\n<div class=\"wpb_wrapper\">\n<div class=\"wpb_text_column wpb_content_element\">\n<div class=\"wpb_wrapper\">\n<p><strong>OLEJKI: <\/strong><br \/>\nWszystkie olejki u\u017cyte w procesie produkcji posiadaj\u0105 CERTYFIKAT ZGODNO\u015aCI IFRA.<\/p>\n<p><strong>OPAKOWANIE:<\/strong><br \/>\nNaczynie u\u017cyte do dyfuzor\u00f3w zapachowych wykonane jest z wysokiej jako\u015bci surowc\u00f3w i charakteryzuje si\u0119 trwa\u0142o\u015bci\u0105 i solidno\u015bci\u0105. Nasze opakowania s\u0105 wielorazowego u\u017cytku, mog\u0105 by\u0107 wt\u00f3rnie wykorzystane, dzi\u0119ki czemu s\u0105 przyjazne dla \u015brodowiska.<\/p>\n<p><strong>WYKONANIE:<\/strong><br \/>\nDyfuzory zapachowe Johny Wick to produkty rzemie\u015blnicze, wykonywane r\u0119cznie w ma\u0142ej pracowni ze szczeg\u00f3ln\u0105 staranno\u015bci\u0105 i dba\u0142o\u015bci\u0105 o detale.<\/p>\n<p><strong>Dyfuzory zapachowe\u00a0 Johny Wick to w 100% produkt polski!<\/strong><\/p>\n<\/div>\n<\/div>\n<\/div>\n<\/div>\n<\/div>\n<div class=\"description-col2\">\n<div class=\"vc_column-inner vc_custom_1490694541710\">\n<div class=\"wpb_wrapper\">\n<div class=\"vc_row wpb_row vc_inner vc_row-fluid\">\n<div class=\"description-col\">\n<div class=\"vc_column-inner\">\n<div class=\"wpb_wrapper\">\n<div class=\"info-box-wrapper\"><\/div>\n<\/div>\n<\/div>\n<\/div>\n<div class=\"description-col\">\n<div class=\"vc_column-inner\">\n<div class=\"wpb_wrapper\">\n<div class=\"info-box-wrapper\">\n<div id=\"wd-5fad4feb7377a\" class=\"woodmart-info-box text-center box-icon-align-top box-style- color-scheme-dark woodmart-bg-none box-title-small\">\n<div class=\"box-icon-wrapper box-with-icon box-icon-simple\">\n<div class=\"info-box-icon\">\n<p><img loading=\"lazy\" decoding=\"async\" class=\"info-icon image-1\" title=\"ikona waga t\u0142o\" src=\"https:\/\/johnywick.pl\/wp-content\/uploads\/2021\/07\/ikona-waga-tlo-60x60-1.png\" alt=\"ikona waga t\u0142o\" width=\"60\" height=\"60\" \/><\/p>\n<\/div>\n<\/div>\n<div class=\"info-box-content\">\n<h4 class=\"info-box-title woodmart-font-weight- box-title-style-default\">GRAMATURA<\/h4>\n<div class=\"info-box-inner reset-mb-10\">\n<h6>Butelka 200 ml<\/h6>\n<\/div>\n<\/div>\n<\/div>\n<\/div>\n<\/div>\n<\/div>\n<\/div>\n<\/div>\n<div class=\"vc_row wpb_row vc_inner vc_row-fluid\">\n<div class=\"description-col\">\n<div class=\"vc_column-inner\">\n<div class=\"wpb_wrapper\">\n<div class=\"info-box-wrapper\">\n<div id=\"wd-5fad500751e05\" class=\"woodmart-info-box text-center box-icon-align-top box-style- color-scheme-dark woodmart-bg-none box-title-small\">\n<div class=\"box-icon-wrapper box-with-icon box-icon-simple\">\n<div class=\"info-box-icon\">\n<p><img loading=\"lazy\" decoding=\"async\" class=\"info-icon image-1\" title=\"ikona olejek t\u0142o\" src=\"https:\/\/johnywick.pl\/wp-content\/uploads\/2021\/07\/ikona-olejek-tlo-60x60-1.png\" alt=\"ikona olejek t\u0142o\" width=\"60\" height=\"60\" \/><\/p>\n<\/div>\n<\/div>\n<div class=\"info-box-content\">\n<h4 class=\"info-box-title woodmart-font-weight- box-title-style-default\">OLEJKI ZAPACHOWE<\/h4>\n<div class=\"info-box-inner reset-mb-10\">\n<h6>Certyfikowane oleje zapachowe o najwy\u017cszej jako\u015bci.<\/h6>\n<\/div>\n<\/div>\n<\/div>\n<\/div>\n<\/div>\n<\/div>\n<\/div>\n<div class=\"description-col\">\n<div class=\"vc_column-inner\">\n<div class=\"wpb_wrapper\">\n<div class=\"info-box-wrapper\"><\/div>\n<\/div>\n<\/div>\n<\/div>\n<\/div>\n<div class=\"vc_row wpb_row vc_inner vc_row-fluid\">\n<div class=\"description-col\">\n<div class=\"vc_column-inner\">\n<div class=\"wpb_wrapper\">\n<div class=\"info-box-wrapper\">\n<div id=\"wd-5fad502fa921e\" class=\"woodmart-info-box text-center box-icon-align-top box-style- color-scheme-dark woodmart-bg-none box-title-small\">\n<div class=\"box-icon-wrapper box-with-icon box-icon-simple\">\n<div class=\"info-box-icon\">\n<p><img loading=\"lazy\" decoding=\"async\" class=\"info-icon image-1\" title=\"ikona r\u0119ka t\u0142o\" src=\"https:\/\/johnywick.pl\/wp-content\/uploads\/2021\/07\/ikona-reka-tlo-60x60-1.png\" alt=\"ikona r\u0119ka t\u0142o\" width=\"60\" height=\"60\" \/><\/p>\n<\/div>\n<\/div>\n<div class=\"info-box-content\">\n<h4 class=\"info-box-title woodmart-font-weight- box-title-style-default\">WYKONANIE<\/h4>\n<div class=\"info-box-inner reset-mb-10\">\n<h6>Ka\u017cdy dyfuzor zapachowy wykonywany jest r\u0119cznie.<\/h6>\n<\/div>\n<\/div>\n<\/div>\n<\/div>\n<\/div>\n<\/div>\n<\/div>\n<div class=\"description-col\">\n<div class=\"vc_column-inner\">\n<div class=\"wpb_wrapper\">\n<div class=\"info-box-wrapper\">\n<div id=\"wd-6023950ca8088\" class=\"woodmart-info-box text-center box-icon-align-top box-style- color-scheme-dark woodmart-bg-none box-title-small\">\n<div class=\"box-icon-wrapper box-with-icon box-icon-simple\">\n<div class=\"info-box-icon\">\n<p><img loading=\"lazy\" decoding=\"async\" class=\"info-icon image-1\" title=\"ikona s\u0142oik t\u0142o\" src=\"https:\/\/johnywick.pl\/wp-content\/uploads\/2021\/07\/ikona-sloik-tlo-60x60-1.png \" alt=\"ikona s\u0142oik t\u0142o\" width=\"60\" height=\"60\" \/><\/p>\n<\/div>\n<\/div>\n<div class=\"info-box-content\">\n<h4 class=\"info-box-title woodmart-font-weight- box-title-style-default\">OPAKOWANIE<\/h4>\n<div class=\"info-box-inner reset-mb-10\">\n<h6>Szklana butelka z drewnianym wieczkiem<\/h6>\n<\/div>\n<\/div>\n<\/div>\n<\/div>\n<\/div>\n<\/div>\n<\/div>\n<\/div>\n<\/div>\n<\/div>\n<\/div>\n<\/div>","protected":false},"excerpt":{"rendered":"<p>Aromaty Johny Wick nareszcie trafiaj\u0105 do kolejnego produktu, tak przez Was wyczekiwanego. Dyfuzory zapachowe to zwie\u0144czenie prawie rocznych prac nad produktem, kt\u00f3ry zadowoli nawet najbardziej wymagaj\u0105ce nosy. Wystarczy, \u017ce zanurzysz patyczki w stylowej butelce i mo\u017cesz cieszy\u0107 si\u0119 swoim ulubionym zapachem.<\/p>\n<p><strong>Aksamitny palisander<\/strong> przeniesie Ci\u0119 oczyma wyobra\u017ani do ma\u0142ego, drewnianego domku w g\u00f3rach, w kt\u00f3rym sp\u0119dzasz romantyczny wiecz\u00f3r ze swoim ukochanym. P\u0142omienie rozpalonego kominka przyjemnie ogrzewaj\u0105 i roz\u015bwietlaj\u0105 Wasze twarze, a w powietrzu unosi si\u0119 zapach drzewa r\u00f3\u017canego po\u0142\u0105czonego z delikatn\u0105 nut\u0105 gruszki, ja\u015bminu oraz wanilii. Taki w\u0142a\u015bnie jest Palisander &#8211; delikatny, lekki, zmys\u0142owy, przypominaj\u0105cy m\u0119skie perfumy. Z pewno\u015bci\u0105 pokochasz ten zapach, poniewa\u017c zapewni Ci niesamowite doznania. Niczym idealny m\u0119\u017cczyzna. Dasz si\u0119 skusi\u0107?<\/p>","protected":false},"featured_media":36465,"template":"","meta":{"_acf_changed":false},"product_brand":[],"product_cat":[245,242,138],"product_tag":[],"class_list":{"0":"post-35288","1":"product","2":"type-product","3":"status-publish","4":"has-post-thumbnail","6":"product_cat-bestsellery","7":"product_cat-drzewne","8":"product_cat-dyfuzory-zapachowe","9":"sales-flash-overlay","10":"woocommerce-text-align-center","11":"woocommerce-image-align-center","12":"do-quantity-buttons","13":"wc-has-gallery","15":"first","16":"outofstock","17":"sold-individually","18":"taxable","19":"shipping-taxable","20":"purchasable","21":"product-type-variable"},"acf":[],"yoast_head":"<!-- This site is optimized with the Yoast SEO plugin v26.8 - https:\/\/yoast.com\/product\/yoast-seo-wordpress\/ -->\n<title>Dyfuzor zapachowy - Aksamitny palisander - Sojowe \u015bwiece zapachowe - JohnyWick<\/title>\n<meta name=\"robots\" content=\"index, follow, max-snippet:-1, max-image-preview:large, max-video-preview:-1\" \/>\n<link rel=\"canonical\" href=\"https:\/\/johnywick.pl\/sklep-ze-swiecami\/dyfuzor-zapachowy-aksamitny-palisander\/\" \/>\n<meta property=\"og:locale\" content=\"de_DE\" \/>\n<meta property=\"og:type\" content=\"article\" \/>\n<meta property=\"og:title\" content=\"Dyfuzor zapachowy - Aksamitny palisander - Sojowe \u015bwiece zapachowe - JohnyWick\" \/>\n<meta property=\"og:description\" content=\"Aromaty Johny Wick nareszcie trafiaj\u0105 do kolejnego produktu, tak przez Was wyczekiwanego. Dyfuzory zapachowe to zwie\u0144czenie prawie rocznych prac nad produktem, kt\u00f3ry zadowoli nawet najbardziej wymagaj\u0105ce nosy. Wystarczy, \u017ce zanurzysz patyczki w stylowej butelce i mo\u017cesz cieszy\u0107 si\u0119 swoim ulubionym zapachem.  Aksamitny palisander przeniesie Ci\u0119 oczyma wyobra\u017ani do ma\u0142ego, drewnianego domku w g\u00f3rach, w kt\u00f3rym sp\u0119dzasz romantyczny wiecz\u00f3r ze swoim ukochanym. P\u0142omienie rozpalonego kominka przyjemnie ogrzewaj\u0105 i roz\u015bwietlaj\u0105 Wasze twarze, a w powietrzu unosi si\u0119 zapach drzewa r\u00f3\u017canego po\u0142\u0105czonego z delikatn\u0105 nut\u0105 gruszki, ja\u015bminu oraz wanilii. Taki w\u0142a\u015bnie jest Palisander - delikatny, lekki, zmys\u0142owy, przypominaj\u0105cy m\u0119skie perfumy. Z pewno\u015bci\u0105 pokochasz ten zapach, poniewa\u017c zapewni Ci niesamowite doznania. Niczym idealny m\u0119\u017cczyzna. Dasz si\u0119 skusi\u0107?\" \/>\n<meta property=\"og:url\" content=\"https:\/\/johnywick.pl\/sklep-ze-swiecami\/dyfuzor-zapachowy-aksamitny-palisander\/\" \/>\n<meta property=\"og:site_name\" content=\"Sojowe \u015bwiece zapachowe - JohnyWick\" \/>\n<meta property=\"article:modified_time\" content=\"2026-03-18T21:28:11+00:00\" \/>\n<meta property=\"og:image\" content=\"https:\/\/johnywick.pl\/wp-content\/uploads\/2022\/09\/dyfuzor-aksamitny-palisander.png\" \/>\n\t<meta property=\"og:image:width\" content=\"1080\" \/>\n\t<meta property=\"og:image:height\" content=\"1080\" \/>\n\t<meta property=\"og:image:type\" content=\"image\/png\" \/>\n<meta name=\"twitter:card\" content=\"summary_large_image\" \/>\n<meta name=\"twitter:label1\" content=\"Est. reading time\" \/>\n\t<meta name=\"twitter:data1\" content=\"2\u00a0Minuten\" \/>\n<script type=\"application\/ld+json\" class=\"yoast-schema-graph\">{\"@context\":\"https:\/\/schema.org\",\"@graph\":[{\"@type\":\"WebPage\",\"@id\":\"https:\/\/johnywick.pl\/sklep-ze-swiecami\/dyfuzor-zapachowy-aksamitny-palisander\/\",\"url\":\"https:\/\/johnywick.pl\/sklep-ze-swiecami\/dyfuzor-zapachowy-aksamitny-palisander\/\",\"name\":\"Dyfuzor zapachowy - Aksamitny palisander - Sojowe \u015bwiece zapachowe - JohnyWick\",\"isPartOf\":{\"@id\":\"https:\/\/johnywick.pl\/#website\"},\"primaryImageOfPage\":{\"@id\":\"https:\/\/johnywick.pl\/sklep-ze-swiecami\/dyfuzor-zapachowy-aksamitny-palisander\/#primaryimage\"},\"image\":{\"@id\":\"https:\/\/johnywick.pl\/sklep-ze-swiecami\/dyfuzor-zapachowy-aksamitny-palisander\/#primaryimage\"},\"thumbnailUrl\":\"https:\/\/johnywick.de\/wp-content\/uploads\/2022\/09\/dyfuzor-aksamitny-palisander.png\",\"datePublished\":\"2023-01-20T13:43:54+00:00\",\"dateModified\":\"2026-03-18T21:28:11+00:00\",\"breadcrumb\":{\"@id\":\"https:\/\/johnywick.pl\/sklep-ze-swiecami\/dyfuzor-zapachowy-aksamitny-palisander\/#breadcrumb\"},\"inLanguage\":\"de\",\"potentialAction\":[{\"@type\":\"ReadAction\",\"target\":[\"https:\/\/johnywick.pl\/sklep-ze-swiecami\/dyfuzor-zapachowy-aksamitny-palisander\/\"]}]},{\"@type\":\"ImageObject\",\"inLanguage\":\"de\",\"@id\":\"https:\/\/johnywick.pl\/sklep-ze-swiecami\/dyfuzor-zapachowy-aksamitny-palisander\/#primaryimage\",\"url\":\"https:\/\/johnywick.de\/wp-content\/uploads\/2022\/09\/dyfuzor-aksamitny-palisander.png\",\"contentUrl\":\"https:\/\/johnywick.de\/wp-content\/uploads\/2022\/09\/dyfuzor-aksamitny-palisander.png\",\"width\":1080,\"height\":1080,\"caption\":\"dyfuzor zapachowy aksamitny palisander\"},{\"@type\":\"BreadcrumbList\",\"@id\":\"https:\/\/johnywick.pl\/sklep-ze-swiecami\/dyfuzor-zapachowy-aksamitny-palisander\/#breadcrumb\",\"itemListElement\":[{\"@type\":\"ListItem\",\"position\":1,\"name\":\"Strona g\u0142\u00f3wna\",\"item\":\"https:\/\/johnywick.pl\/\"},{\"@type\":\"ListItem\",\"position\":2,\"name\":\"Sklep\",\"item\":\"https:\/\/johnywick.pl\/sklep\/\"},{\"@type\":\"ListItem\",\"position\":3,\"name\":\"Dyfuzor zapachowy &#8211; Aksamitny palisander\"}]},{\"@type\":\"WebSite\",\"@id\":\"https:\/\/johnywick.pl\/#website\",\"url\":\"https:\/\/johnywick.pl\/\",\"name\":\"Sojowe \u015bwiece zapachowe - JohnyWick\",\"description\":\"Producent \u015bwiec zapachowych\",\"publisher\":{\"@id\":\"https:\/\/johnywick.pl\/#organization\"},\"potentialAction\":[{\"@type\":\"SearchAction\",\"target\":{\"@type\":\"EntryPoint\",\"urlTemplate\":\"https:\/\/johnywick.pl\/?s={search_term_string}\"},\"query-input\":{\"@type\":\"PropertyValueSpecification\",\"valueRequired\":true,\"valueName\":\"search_term_string\"}}],\"inLanguage\":\"de\"},{\"@type\":\"Organization\",\"@id\":\"https:\/\/johnywick.pl\/#organization\",\"name\":\"Sojowe \u015bwiece zapachowe - JohnyWick\",\"url\":\"https:\/\/johnywick.pl\/\",\"logo\":{\"@type\":\"ImageObject\",\"inLanguage\":\"de\",\"@id\":\"https:\/\/johnywick.pl\/#\/schema\/logo\/image\/\",\"url\":\"https:\/\/johnywick.de\/wp-content\/uploads\/2022\/05\/logo-W-R.png\",\"contentUrl\":\"https:\/\/johnywick.de\/wp-content\/uploads\/2022\/05\/logo-W-R.png\",\"width\":774,\"height\":468,\"caption\":\"Sojowe \u015bwiece zapachowe - JohnyWick\"},\"image\":{\"@id\":\"https:\/\/johnywick.pl\/#\/schema\/logo\/image\/\"}}]}<\/script>\n<!-- \/ Yoast SEO plugin. -->","yoast_head_json":{"title":"Dyfuzor zapachowy - Aksamitny palisander - Sojowe \u015bwiece zapachowe - JohnyWick","robots":{"index":"index","follow":"follow","max-snippet":"max-snippet:-1","max-image-preview":"max-image-preview:large","max-video-preview":"max-video-preview:-1"},"canonical":"https:\/\/johnywick.pl\/sklep-ze-swiecami\/dyfuzor-zapachowy-aksamitny-palisander\/","og_locale":"de_DE","og_type":"article","og_title":"Dyfuzor zapachowy - Aksamitny palisander - Sojowe \u015bwiece zapachowe - JohnyWick","og_description":"Aromaty Johny Wick nareszcie trafiaj\u0105 do kolejnego produktu, tak przez Was wyczekiwanego. Dyfuzory zapachowe to zwie\u0144czenie prawie rocznych prac nad produktem, kt\u00f3ry zadowoli nawet najbardziej wymagaj\u0105ce nosy. Wystarczy, \u017ce zanurzysz patyczki w stylowej butelce i mo\u017cesz cieszy\u0107 si\u0119 swoim ulubionym zapachem.  Aksamitny palisander przeniesie Ci\u0119 oczyma wyobra\u017ani do ma\u0142ego, drewnianego domku w g\u00f3rach, w kt\u00f3rym sp\u0119dzasz romantyczny wiecz\u00f3r ze swoim ukochanym. P\u0142omienie rozpalonego kominka przyjemnie ogrzewaj\u0105 i roz\u015bwietlaj\u0105 Wasze twarze, a w powietrzu unosi si\u0119 zapach drzewa r\u00f3\u017canego po\u0142\u0105czonego z delikatn\u0105 nut\u0105 gruszki, ja\u015bminu oraz wanilii. Taki w\u0142a\u015bnie jest Palisander - delikatny, lekki, zmys\u0142owy, przypominaj\u0105cy m\u0119skie perfumy. Z pewno\u015bci\u0105 pokochasz ten zapach, poniewa\u017c zapewni Ci niesamowite doznania. Niczym idealny m\u0119\u017cczyzna. Dasz si\u0119 skusi\u0107?","og_url":"https:\/\/johnywick.pl\/sklep-ze-swiecami\/dyfuzor-zapachowy-aksamitny-palisander\/","og_site_name":"Sojowe \u015bwiece zapachowe - JohnyWick","article_modified_time":"2026-03-18T21:28:11+00:00","og_image":[{"width":1080,"height":1080,"url":"https:\/\/johnywick.pl\/wp-content\/uploads\/2022\/09\/dyfuzor-aksamitny-palisander.png","type":"image\/png"}],"twitter_card":"summary_large_image","twitter_misc":{"Est. reading time":"2\u00a0Minuten"},"schema":{"@context":"https:\/\/schema.org","@graph":[{"@type":"WebPage","@id":"https:\/\/johnywick.pl\/sklep-ze-swiecami\/dyfuzor-zapachowy-aksamitny-palisander\/","url":"https:\/\/johnywick.pl\/sklep-ze-swiecami\/dyfuzor-zapachowy-aksamitny-palisander\/","name":"Dyfuzor zapachowy - Aksamitny palisander - Sojowe \u015bwiece zapachowe - JohnyWick","isPartOf":{"@id":"https:\/\/johnywick.pl\/#website"},"primaryImageOfPage":{"@id":"https:\/\/johnywick.pl\/sklep-ze-swiecami\/dyfuzor-zapachowy-aksamitny-palisander\/#primaryimage"},"image":{"@id":"https:\/\/johnywick.pl\/sklep-ze-swiecami\/dyfuzor-zapachowy-aksamitny-palisander\/#primaryimage"},"thumbnailUrl":"https:\/\/johnywick.de\/wp-content\/uploads\/2022\/09\/dyfuzor-aksamitny-palisander.png","datePublished":"2023-01-20T13:43:54+00:00","dateModified":"2026-03-18T21:28:11+00:00","breadcrumb":{"@id":"https:\/\/johnywick.pl\/sklep-ze-swiecami\/dyfuzor-zapachowy-aksamitny-palisander\/#breadcrumb"},"inLanguage":"de","potentialAction":[{"@type":"ReadAction","target":["https:\/\/johnywick.pl\/sklep-ze-swiecami\/dyfuzor-zapachowy-aksamitny-palisander\/"]}]},{"@type":"ImageObject","inLanguage":"de","@id":"https:\/\/johnywick.pl\/sklep-ze-swiecami\/dyfuzor-zapachowy-aksamitny-palisander\/#primaryimage","url":"https:\/\/johnywick.de\/wp-content\/uploads\/2022\/09\/dyfuzor-aksamitny-palisander.png","contentUrl":"https:\/\/johnywick.de\/wp-content\/uploads\/2022\/09\/dyfuzor-aksamitny-palisander.png","width":1080,"height":1080,"caption":"dyfuzor zapachowy aksamitny palisander"},{"@type":"BreadcrumbList","@id":"https:\/\/johnywick.pl\/sklep-ze-swiecami\/dyfuzor-zapachowy-aksamitny-palisander\/#breadcrumb","itemListElement":[{"@type":"ListItem","position":1,"name":"Strona g\u0142\u00f3wna","item":"https:\/\/johnywick.pl\/"},{"@type":"ListItem","position":2,"name":"Sklep","item":"https:\/\/johnywick.pl\/sklep\/"},{"@type":"ListItem","position":3,"name":"Dyfuzor zapachowy &#8211; Aksamitny palisander"}]},{"@type":"WebSite","@id":"https:\/\/johnywick.pl\/#website","url":"https:\/\/johnywick.pl\/","name":"Sojowe \u015bwiece zapachowe - JohnyWick","description":"Hersteller von Duftkerzen","publisher":{"@id":"https:\/\/johnywick.pl\/#organization"},"potentialAction":[{"@type":"SearchAction","target":{"@type":"EntryPoint","urlTemplate":"https:\/\/johnywick.pl\/?s={search_term_string}"},"query-input":{"@type":"PropertyValueSpecification","valueRequired":true,"valueName":"search_term_string"}}],"inLanguage":"de"},{"@type":"Organization","@id":"https:\/\/johnywick.pl\/#organization","name":"Sojowe \u015bwiece zapachowe - JohnyWick","url":"https:\/\/johnywick.pl\/","logo":{"@type":"ImageObject","inLanguage":"de","@id":"https:\/\/johnywick.pl\/#\/schema\/logo\/image\/","url":"https:\/\/johnywick.de\/wp-content\/uploads\/2022\/05\/logo-W-R.png","contentUrl":"https:\/\/johnywick.de\/wp-content\/uploads\/2022\/05\/logo-W-R.png","width":774,"height":468,"caption":"Sojowe \u015bwiece zapachowe - JohnyWick"},"image":{"@id":"https:\/\/johnywick.pl\/#\/schema\/logo\/image\/"}}]}},"_links":{"self":[{"href":"https:\/\/johnywick.de\/de\/wp-json\/wp\/v2\/product\/35288","targetHints":{"allow":["GET"]}}],"collection":[{"href":"https:\/\/johnywick.de\/de\/wp-json\/wp\/v2\/product"}],"about":[{"href":"https:\/\/johnywick.de\/de\/wp-json\/wp\/v2\/types\/product"}],"wp:featuredmedia":[{"embeddable":true,"href":"https:\/\/johnywick.de\/de\/wp-json\/wp\/v2\/media\/36465"}],"wp:attachment":[{"href":"https:\/\/johnywick.de\/de\/wp-json\/wp\/v2\/media?parent=35288"}],"wp:term":[{"taxonomy":"product_brand","embeddable":true,"href":"https:\/\/johnywick.de\/de\/wp-json\/wp\/v2\/product_brand?post=35288"},{"taxonomy":"product_cat","embeddable":true,"href":"https:\/\/johnywick.de\/de\/wp-json\/wp\/v2\/product_cat?post=35288"},{"taxonomy":"product_tag","embeddable":true,"href":"https:\/\/johnywick.de\/de\/wp-json\/wp\/v2\/product_tag?post=35288"}],"curies":[{"name":"wp","href":"https:\/\/api.w.org\/{rel}","templated":true}]}}